{"id":561,"date":"2021-12-03T13:53:40","date_gmt":"2021-12-03T13:53:40","guid":{"rendered":"https:\/\/stnr.aps.pt\/sociologia-religiao\/?page_id=561"},"modified":"2021-12-03T14:10:35","modified_gmt":"2021-12-03T14:10:35","slug":"noticias","status":"publish","type":"page","link":"https:\/\/stnr.aps.pt\/sociologia-religiao\/noticias\/","title":{"rendered":"not\u00edcias"},"content":{"rendered":"<div class=\"fusion-fullwidth fullwidth-box fusion-builder-row-1 fusion-flex-container nonhundred-percent-fullwidth non-hundred-percent-height-scrolling\" style=\"--awb-border-radius-top-left:0px;--awb-border-radius-top-right:0px;--awb-border-radius-bottom-right:0px;--awb-border-radius-bottom-left:0px;--awb-flex-wrap:wrap;\" ><div class=\"fusion-builder-row fusion-row fusion-flex-align-items-flex-start fusion-flex-content-wrap\" style=\"max-width:1144px;margin-left: calc(-4% \/ 2 );margin-right: calc(-4% \/ 2 );\"><div class=\"fusion-layout-column fusion_builder_column fusion-builder-column-0 fusion_builder_column_1_1 1_1 fusion-flex-column\" style=\"--awb-bg-size:cover;--awb-width-large:100%;--awb-margin-top-large:0px;--awb-spacing-right-large:1.92%;--awb-margin-bottom-large:20px;--awb-spacing-left-large:1.92%;--awb-width-medium:100%;--awb-order-medium:0;--awb-spacing-right-medium:1.92%;--awb-spacing-left-medium:1.92%;--awb-width-small:100%;--awb-order-small:0;--awb-spacing-right-small:1.92%;--awb-spacing-left-small:1.92%;\"><div class=\"fusion-column-wrapper fusion-column-has-shadow fusion-flex-justify-content-flex-start fusion-content-layout-column\"><div class=\"fusion-widget-area awb-widget-area-element fusion-widget-area-1 fusion-content-widget-area\" style=\"--awb-title-size:13px;--awb-title-color:#333333;--awb-padding:0px 0px 0px 0px;\"><div id=\"search-5\" class=\"widget widget_search\" style=\"border-style: solid;border-color:transparent;border-width:0px;\">\t\t<form role=\"search\" class=\"searchform fusion-search-form  fusion-search-form-classic\" method=\"get\" action=\"https:\/\/stnr.aps.pt\/sociologia-religiao\/\">\n\t\t\t<div class=\"fusion-search-form-content\">\n\n\t\t\t\t\n\t\t\t\t<div class=\"fusion-search-field search-field\">\n\t\t\t\t\t<label><span class=\"screen-reader-text\">Pesquisar<\/span>\n\t\t\t\t\t\t\t\t\t\t\t\t\t<input type=\"search\" value=\"\" name=\"s\" class=\"s\" placeholder=\"Pesquisar...\" required aria-required=\"true\" aria-label=\"Pesquisar...\"\/>\n\t\t\t\t\t\t\t\t\t\t\t<\/label>\n\t\t\t\t<\/div>\n\t\t\t\t<div class=\"fusion-search-button search-button\">\n\t\t\t\t\t<input type=\"submit\" class=\"fusion-search-submit searchsubmit\" aria-label=\"Pesquisar\" value=\"&#xf002;\" \/>\n\t\t\t\t\t\t\t\t\t<\/div>\n\n\t\t\t\t\n\t\t\t<\/div>\n\n\n\t\t\t\n\t\t<\/form>\n\t\t<\/div><div class=\"fusion-additional-widget-content\"><\/div><\/div><div class=\"fusion-blog-shortcode fusion-blog-shortcode-1 fusion-blog-archive fusion-blog-layout-grid-wrapper fusion-blog-pagination\"><style type=\"text\/css\">.fusion-blog-shortcode-1 .fusion-blog-layout-grid .fusion-post-grid{padding:20px;}.fusion-blog-shortcode-1 .fusion-posts-container{margin-left: -20px !important; margin-right:-20px !important;}<\/style><div class=\"fusion-posts-container fusion-posts-container-pagination fusion-blog-rollover fusion-blog-layout-grid fusion-blog-layout-grid-4 isotope fusion-blog-equal-heights\" data-pages=\"3\" data-grid-col-space=\"40\" style=\"margin: -20px -20px 0;min-height:500px;\"><article id=\"blog-1-post-792\" class=\"fusion-post-grid post-792 post type-post status-publish format-standard hentry category-noticias category-publicacoes-geral\">\n<div class=\"fusion-post-wrapper\" style=\"background-color:rgba(255,255,255,0);border:1px solid #ebeaea;border-bottom-width:3px;\">\n\n<div class=\"fusion-post-content-wrapper\" style=\"padding:30px 25px 20px 25px;\"><div class=\"fusion-post-content post-content\"><h2 class=\"blog-shortcode-post-title entry-title\"><a href=\"https:\/\/stnr.aps.pt\/sociologia-religiao\/call-for-papers-easa-2026-poznan-data-limite-26-01-2026\/\">Call for Papers: EASA 2026 Pozna\u0144 &#8211; Data limite 26\/01\/2026<\/a><\/h2><p class=\"fusion-single-line-meta\"><span class=\"vcard\" style=\"display: none;\"><span class=\"fn\"><a href=\"https:\/\/stnr.aps.pt\/sociologia-religiao\/author\/religiao\/\" title=\"Artigos de religiao\" rel=\"author\">religiao<\/a><\/span><\/span><span class=\"updated\" style=\"display:none;\">2025-12-18T10:42:36+00:00<\/span><span>18 Dezembro 2025<\/span><span class=\"fusion-inline-sep\">|<\/span><\/p><div class=\"fusion-content-sep sep-double sep-solid\"><\/div><div class=\"fusion-post-content-container\"><p>Transformations of Consciousness in a Polarised World: Ethnographic Inquiries into<a href=\"https:\/\/stnr.aps.pt\/sociologia-religiao\/call-for-papers-easa-2026-poznan-data-limite-26-01-2026\/\"> [...]<\/a><\/p><\/div><\/div><div class=\"fusion-meta-info\"><div class=\"fusion-alignleft\"><a class=\"fusion-read-more\" href=\"https:\/\/stnr.aps.pt\/sociologia-religiao\/call-for-papers-easa-2026-poznan-data-limite-26-01-2026\/\" aria-label=\"More on Call for Papers: EASA 2026 Pozna\u0144 &#8211; Data limite 26\/01\/2026\">Read More<\/a><\/div><\/div><\/div><div class=\"fusion-clearfix\"><\/div><\/div>\n<\/article>\n<article id=\"blog-1-post-787\" class=\"fusion-post-grid post-787 post type-post status-publish format-standard hentry category-noticias category-publicacoes-geral\">\n<div class=\"fusion-post-wrapper\" style=\"background-color:rgba(255,255,255,0);border:1px solid #ebeaea;border-bottom-width:3px;\">\n\n<div class=\"fusion-post-content-wrapper\" style=\"padding:30px 25px 20px 25px;\"><div class=\"fusion-post-content post-content\"><h2 class=\"blog-shortcode-post-title entry-title\"><a href=\"https:\/\/stnr.aps.pt\/sociologia-religiao\/mensagem-de-final-de-ano-2025\/\">Mensagem de final de ano 2025<\/a><\/h2><p class=\"fusion-single-line-meta\"><span class=\"vcard\" style=\"display: none;\"><span class=\"fn\"><a href=\"https:\/\/stnr.aps.pt\/sociologia-religiao\/author\/religiao\/\" title=\"Artigos de religiao\" rel=\"author\">religiao<\/a><\/span><\/span><span class=\"updated\" style=\"display:none;\">2025-12-05T12:48:19+00:00<\/span><span>5 Dezembro 2025<\/span><span class=\"fusion-inline-sep\">|<\/span><\/p><div class=\"fusion-content-sep sep-double sep-solid\"><\/div><div class=\"fusion-post-content-container\"><p>Caros membros, \u00c0 medida que 2025 se aproxima do fim,<a href=\"https:\/\/stnr.aps.pt\/sociologia-religiao\/mensagem-de-final-de-ano-2025\/\"> [...]<\/a><\/p><\/div><\/div><div class=\"fusion-meta-info\"><div class=\"fusion-alignleft\"><a class=\"fusion-read-more\" href=\"https:\/\/stnr.aps.pt\/sociologia-religiao\/mensagem-de-final-de-ano-2025\/\" aria-label=\"More on Mensagem de final de ano 2025\">Read More<\/a><\/div><\/div><\/div><div class=\"fusion-clearfix\"><\/div><\/div>\n<\/article>\n<article id=\"blog-1-post-779\" class=\"fusion-post-grid post-779 post type-post status-publish format-standard hentry category-noticias category-publicacoes-geral\">\n<div class=\"fusion-post-wrapper\" style=\"background-color:rgba(255,255,255,0);border:1px solid #ebeaea;border-bottom-width:3px;\">\n\n<div class=\"fusion-post-content-wrapper\" style=\"padding:30px 25px 20px 25px;\"><div class=\"fusion-post-content post-content\"><h2 class=\"blog-shortcode-post-title entry-title\"><a href=\"https:\/\/stnr.aps.pt\/sociologia-religiao\/mensagem-de-agradecimento-da-equipa-coordenadora-da-seccao-xiii-congresso-da-aps\/\">Mensagem de Agradecimento da Equipa coordenadora da Sec\u00e7\u00e3o &#8211; XIII Congresso da APS<\/a><\/h2><p class=\"fusion-single-line-meta\"><span class=\"vcard\" style=\"display: none;\"><span class=\"fn\"><a href=\"https:\/\/stnr.aps.pt\/sociologia-religiao\/author\/religiao\/\" title=\"Artigos de religiao\" rel=\"author\">religiao<\/a><\/span><\/span><span class=\"updated\" style=\"display:none;\">2025-07-21T19:58:04+00:00<\/span><span>21 Julho 2025<\/span><span class=\"fusion-inline-sep\">|<\/span><\/p><div class=\"fusion-content-sep sep-double sep-solid\"><\/div><div class=\"fusion-post-content-container\"><p>A Equipa Coordenadora da Sec\u00e7\u00e3o de Sociologia da Religi\u00e3o da<a href=\"https:\/\/stnr.aps.pt\/sociologia-religiao\/mensagem-de-agradecimento-da-equipa-coordenadora-da-seccao-xiii-congresso-da-aps\/\"> [...]<\/a><\/p><\/div><\/div><div class=\"fusion-meta-info\"><div class=\"fusion-alignleft\"><a class=\"fusion-read-more\" href=\"https:\/\/stnr.aps.pt\/sociologia-religiao\/mensagem-de-agradecimento-da-equipa-coordenadora-da-seccao-xiii-congresso-da-aps\/\" aria-label=\"More on Mensagem de Agradecimento da Equipa coordenadora da Sec\u00e7\u00e3o &#8211; XIII Congresso da APS\">Read More<\/a><\/div><\/div><\/div><div class=\"fusion-clearfix\"><\/div><\/div>\n<\/article>\n<article id=\"blog-1-post-772\" class=\"fusion-post-grid post-772 post type-post status-publish format-standard hentry category-noticias category-publicacoes-geral\">\n<div class=\"fusion-post-wrapper\" style=\"background-color:rgba(255,255,255,0);border:1px solid #ebeaea;border-bottom-width:3px;\">\n\n<div class=\"fusion-post-content-wrapper\" style=\"padding:30px 25px 20px 25px;\"><div class=\"fusion-post-content post-content\"><h2 class=\"blog-shortcode-post-title entry-title\"><a href=\"https:\/\/stnr.aps.pt\/sociologia-religiao\/nova-publicacao-06-2025\/\">Nova publica\u00e7\u00e3o: 06\/2025<\/a><\/h2><p class=\"fusion-single-line-meta\"><span class=\"vcard\" style=\"display: none;\"><span class=\"fn\"><a href=\"https:\/\/stnr.aps.pt\/sociologia-religiao\/author\/religiao\/\" title=\"Artigos de religiao\" rel=\"author\">religiao<\/a><\/span><\/span><span class=\"updated\" style=\"display:none;\">2025-07-21T19:42:21+00:00<\/span><span>21 Julho 2025<\/span><span class=\"fusion-inline-sep\">|<\/span><\/p><div class=\"fusion-content-sep sep-double sep-solid\"><\/div><div class=\"fusion-post-content-container\"><p>T\u00edtulo: Secularization or revival, polarization or convergence? An assessment of<a href=\"https:\/\/stnr.aps.pt\/sociologia-religiao\/nova-publicacao-06-2025\/\"> [...]<\/a><\/p><\/div><\/div><div class=\"fusion-meta-info\"><div class=\"fusion-alignleft\"><a class=\"fusion-read-more\" href=\"https:\/\/stnr.aps.pt\/sociologia-religiao\/nova-publicacao-06-2025\/\" aria-label=\"More on Nova publica\u00e7\u00e3o: 06\/2025\">Read More<\/a><\/div><\/div><\/div><div class=\"fusion-clearfix\"><\/div><\/div>\n<\/article>\n<article id=\"blog-1-post-770\" class=\"fusion-post-grid post-770 post type-post status-publish format-standard hentry category-noticias category-publicacoes-geral\">\n<div class=\"fusion-post-wrapper\" style=\"background-color:rgba(255,255,255,0);border:1px solid #ebeaea;border-bottom-width:3px;\">\n\n<div class=\"fusion-post-content-wrapper\" style=\"padding:30px 25px 20px 25px;\"><div class=\"fusion-post-content post-content\"><h2 class=\"blog-shortcode-post-title entry-title\"><a href=\"https:\/\/stnr.aps.pt\/sociologia-religiao\/nova-publicacao-09-2024\/\">Nova Publica\u00e7\u00e3o: 09\/2024<\/a><\/h2><p class=\"fusion-single-line-meta\"><span class=\"vcard\" style=\"display: none;\"><span class=\"fn\"><a href=\"https:\/\/stnr.aps.pt\/sociologia-religiao\/author\/religiao\/\" title=\"Artigos de religiao\" rel=\"author\">religiao<\/a><\/span><\/span><span class=\"updated\" style=\"display:none;\">2025-07-21T19:40:04+00:00<\/span><span>21 Julho 2025<\/span><span class=\"fusion-inline-sep\">|<\/span><\/p><div class=\"fusion-content-sep sep-double sep-solid\"><\/div><div class=\"fusion-post-content-container\"><p>Less gives less, more gives more: socialisation and religiosity in<a href=\"https:\/\/stnr.aps.pt\/sociologia-religiao\/nova-publicacao-09-2024\/\"> [...]<\/a><\/p><\/div><\/div><div class=\"fusion-meta-info\"><div class=\"fusion-alignleft\"><a class=\"fusion-read-more\" href=\"https:\/\/stnr.aps.pt\/sociologia-religiao\/nova-publicacao-09-2024\/\" aria-label=\"More on Nova Publica\u00e7\u00e3o: 09\/2024\">Read More<\/a><\/div><\/div><\/div><div class=\"fusion-clearfix\"><\/div><\/div>\n<\/article>\n<article id=\"blog-1-post-761\" class=\"fusion-post-grid post-761 post type-post status-publish format-standard hentry category-noticias\">\n<div class=\"fusion-post-wrapper\" style=\"background-color:rgba(255,255,255,0);border:1px solid #ebeaea;border-bottom-width:3px;\">\n\n<div class=\"fusion-post-content-wrapper\" style=\"padding:30px 25px 20px 25px;\"><div class=\"fusion-post-content post-content\"><h2 class=\"blog-shortcode-post-title entry-title\"><a href=\"https:\/\/stnr.aps.pt\/sociologia-religiao\/divulgacao-evento-7-de-maio-de-2025-apresentacao-de-livro\/\">Divulga\u00e7\u00e3o evento 7 de maio de 2025 &#8211; Apresenta\u00e7\u00e3o de Livro<\/a><\/h2><p class=\"fusion-single-line-meta\"><span class=\"vcard\" style=\"display: none;\"><span class=\"fn\"><a href=\"https:\/\/stnr.aps.pt\/sociologia-religiao\/author\/religiao\/\" title=\"Artigos de religiao\" rel=\"author\">religiao<\/a><\/span><\/span><span class=\"updated\" style=\"display:none;\">2025-04-23T14:03:20+00:00<\/span><span>23 Abril 2025<\/span><span class=\"fusion-inline-sep\">|<\/span><\/p><div class=\"fusion-content-sep sep-double sep-solid\"><\/div><div class=\"fusion-post-content-container\"><p>Vimos por este meio divulgar a apresenta\u00e7\u00e3o online do mais<a href=\"https:\/\/stnr.aps.pt\/sociologia-religiao\/divulgacao-evento-7-de-maio-de-2025-apresentacao-de-livro\/\"> [...]<\/a><\/p><\/div><\/div><div class=\"fusion-meta-info\"><div class=\"fusion-alignleft\"><a class=\"fusion-read-more\" href=\"https:\/\/stnr.aps.pt\/sociologia-religiao\/divulgacao-evento-7-de-maio-de-2025-apresentacao-de-livro\/\" aria-label=\"More on Divulga\u00e7\u00e3o evento 7 de maio de 2025 &#8211; Apresenta\u00e7\u00e3o de Livro\">Read More<\/a><\/div><\/div><\/div><div class=\"fusion-clearfix\"><\/div><\/div>\n<\/article>\n<div class=\"fusion-clearfix\"><\/div><\/div><div class=\"pagination clearfix\"><span class=\"current\">1<\/span><a href=\"https:\/\/stnr.aps.pt\/sociologia-religiao\/wp-json\/wp\/v2\/pages\/561\/page\/2\/\" class=\"inactive\">2<\/a><a class=\"pagination-next\" rel=\"next\" href=\"https:\/\/stnr.aps.pt\/sociologia-religiao\/wp-json\/wp\/v2\/pages\/561\/page\/2\/\"><span class=\"page-text\">Seguinte<\/span><span class=\"page-next\"><\/span><\/a><\/div><div class=\"fusion-clearfix\"><\/div><\/div><\/div><\/div><\/div><\/div>\n","protected":false},"excerpt":{"rendered":"","protected":false},"author":4,"featured_media":0,"parent":0,"menu_order":0,"comment_status":"closed","ping_status":"closed","template":"","meta":{"footnotes":""},"class_list":["post-561","page","type-page","status-publish","hentry"],"_links":{"self":[{"href":"https:\/\/stnr.aps.pt\/sociologia-religiao\/wp-json\/wp\/v2\/pages\/561","targetHints":{"allow":["GET"]}}],"collection":[{"href":"https:\/\/stnr.aps.pt\/sociologia-religiao\/wp-json\/wp\/v2\/pages"}],"about":[{"href":"https:\/\/stnr.aps.pt\/sociologia-religiao\/wp-json\/wp\/v2\/types\/page"}],"author":[{"embeddable":true,"href":"https:\/\/stnr.aps.pt\/sociologia-religiao\/wp-json\/wp\/v2\/users\/4"}],"replies":[{"embeddable":true,"href":"https:\/\/stnr.aps.pt\/sociologia-religiao\/wp-json\/wp\/v2\/comments?post=561"}],"version-history":[{"count":7,"href":"https:\/\/stnr.aps.pt\/sociologia-religiao\/wp-json\/wp\/v2\/pages\/561\/revisions"}],"predecessor-version":[{"id":569,"href":"https:\/\/stnr.aps.pt\/sociologia-religiao\/wp-json\/wp\/v2\/pages\/561\/revisions\/569"}],"wp:attachment":[{"href":"https:\/\/stnr.aps.pt\/sociologia-religiao\/wp-json\/wp\/v2\/media?parent=561"}],"curies":[{"name":"wp","href":"https:\/\/api.w.org\/{rel}","templated":true}]}}