{"id":512,"date":"2021-11-29T16:13:27","date_gmt":"2021-11-29T16:13:27","guid":{"rendered":"https:\/\/stnr.aps.pt\/sociologia-religiao\/?page_id=512"},"modified":"2024-01-24T18:44:46","modified_gmt":"2024-01-24T18:44:46","slug":"encontro-1-da-seccao-tematica","status":"publish","type":"page","link":"https:\/\/stnr.aps.pt\/sociologia-religiao\/encontro-1-da-seccao-tematica\/","title":{"rendered":"Reuni\u00f5es da sec\u00e7\u00e3o tem\u00e1tica 2023\/2024"},"content":{"rendered":"<p>&nbsp;<\/p>\n<ul>\n<li>23 de janeiro de 2024 \/15:00\/ Formato Online via Zoom<\/li>\n<li>22 de setembro de 2023 \/15:00\/ Formato Online via Zoom<\/li>\n<\/ul>\n","protected":false},"excerpt":{"rendered":"<p>&nbsp; 23 de janeiro de 2024 \/15:00\/ Formato Online via Zoom 22 de setembro de 2023 \/15:00\/ Formato Online via Zoom<\/p>\n","protected":false},"author":4,"featured_media":0,"parent":0,"menu_order":0,"comment_status":"closed","ping_status":"closed","template":"","meta":{"footnotes":""},"class_list":["post-512","page","type-page","status-publish","hentry"],"_links":{"self":[{"href":"https:\/\/stnr.aps.pt\/sociologia-religiao\/wp-json\/wp\/v2\/pages\/512","targetHints":{"allow":["GET"]}}],"collection":[{"href":"https:\/\/stnr.aps.pt\/sociologia-religiao\/wp-json\/wp\/v2\/pages"}],"about":[{"href":"https:\/\/stnr.aps.pt\/sociologia-religiao\/wp-json\/wp\/v2\/types\/page"}],"author":[{"embeddable":true,"href":"https:\/\/stnr.aps.pt\/sociologia-religiao\/wp-json\/wp\/v2\/users\/4"}],"replies":[{"embeddable":true,"href":"https:\/\/stnr.aps.pt\/sociologia-religiao\/wp-json\/wp\/v2\/comments?post=512"}],"version-history":[{"count":4,"href":"https:\/\/stnr.aps.pt\/sociologia-religiao\/wp-json\/wp\/v2\/pages\/512\/revisions"}],"predecessor-version":[{"id":710,"href":"https:\/\/stnr.aps.pt\/sociologia-religiao\/wp-json\/wp\/v2\/pages\/512\/revisions\/710"}],"wp:attachment":[{"href":"https:\/\/stnr.aps.pt\/sociologia-religiao\/wp-json\/wp\/v2\/media?parent=512"}],"curies":[{"name":"wp","href":"https:\/\/api.w.org\/{rel}","templated":true}]}}