{"id":357,"date":"2021-07-01T17:33:56","date_gmt":"2021-07-01T17:33:56","guid":{"rendered":"https:\/\/stnr.aps.pt\/sociologia-religiao\/?page_id=357"},"modified":"2024-01-24T18:31:57","modified_gmt":"2024-01-24T18:31:57","slug":"edicoes-na-st-nr","status":"publish","type":"page","link":"https:\/\/stnr.aps.pt\/sociologia-religiao\/edicoes-na-st-nr\/","title":{"rendered":"Publica\u00e7\u00f5es"},"content":{"rendered":"<div class=\"fusion-fullwidth fullwidth-box fusion-builder-row-1 fusion-flex-container nonhundred-percent-fullwidth non-hundred-percent-height-scrolling\" style=\"--awb-border-radius-top-left:0px;--awb-border-radius-top-right:0px;--awb-border-radius-bottom-right:0px;--awb-border-radius-bottom-left:0px;--awb-flex-wrap:wrap;\" ><div class=\"fusion-builder-row fusion-row fusion-flex-align-items-flex-start fusion-flex-content-wrap\" style=\"max-width:1144px;margin-left: calc(-4% \/ 2 );margin-right: calc(-4% \/ 2 );\"><div class=\"fusion-layout-column fusion_builder_column fusion-builder-column-0 fusion_builder_column_1_1 1_1 fusion-flex-column\" style=\"--awb-bg-size:cover;--awb-width-large:100%;--awb-margin-top-large:0px;--awb-spacing-right-large:1.92%;--awb-margin-bottom-large:20px;--awb-spacing-left-large:1.92%;--awb-width-medium:100%;--awb-order-medium:0;--awb-spacing-right-medium:1.92%;--awb-spacing-left-medium:1.92%;--awb-width-small:100%;--awb-order-small:0;--awb-spacing-right-small:1.92%;--awb-spacing-left-small:1.92%;\"><div class=\"fusion-column-wrapper fusion-column-has-shadow fusion-flex-justify-content-flex-start fusion-content-layout-column\"><div class=\"fusion-blog-shortcode fusion-blog-shortcode-1 fusion-blog-archive fusion-blog-layout-medium fusion-blog-pagination\"><div class=\"fusion-posts-container fusion-posts-container-pagination fusion-no-meta-info fusion-blog-rollover\" data-pages=\"3\"><article id=\"blog-1-post-792\" class=\"fusion-post-medium post-792 post type-post status-publish format-standard hentry category-noticias category-publicacoes-geral\">\n\t<style type=\"text\/css\">\n\t\t\n\t\t\n\t\t\n\t\t\n\t\t\t<\/style>\n\n\n<div class=\"fusion-post-content post-content\"><h2 class=\"blog-shortcode-post-title entry-title\"><a href=\"https:\/\/stnr.aps.pt\/sociologia-religiao\/call-for-papers-easa-2026-poznan-data-limite-26-01-2026\/\">Call for Papers: EASA 2026 Pozna\u0144 &#8211; Data limite 26\/01\/2026<\/a><\/h2><div class=\"fusion-post-content-container\"><p>Transformations of Consciousness in a Polarised World: Ethnographic Inquiries into<a href=\"https:\/\/stnr.aps.pt\/sociologia-religiao\/call-for-papers-easa-2026-poznan-data-limite-26-01-2026\/\"> [...]<\/a><\/p><\/div><\/div><div class=\"fusion-clearfix\"><\/div><\/article>\n<article id=\"blog-1-post-787\" class=\"fusion-post-medium post-787 post type-post status-publish format-standard hentry category-noticias category-publicacoes-geral\">\n\t<style type=\"text\/css\">\n\t\t\n\t\t\n\t\t\n\t\t\n\t\t\t<\/style>\n\n\n<div class=\"fusion-post-content post-content\"><h2 class=\"blog-shortcode-post-title entry-title\"><a href=\"https:\/\/stnr.aps.pt\/sociologia-religiao\/mensagem-de-final-de-ano-2025\/\">Mensagem de final de ano 2025<\/a><\/h2><div class=\"fusion-post-content-container\"><p>Caros membros, \u00c0 medida que 2025 se aproxima do fim,<a href=\"https:\/\/stnr.aps.pt\/sociologia-religiao\/mensagem-de-final-de-ano-2025\/\"> [...]<\/a><\/p><\/div><\/div><div class=\"fusion-clearfix\"><\/div><\/article>\n<article id=\"blog-1-post-779\" class=\"fusion-post-medium post-779 post type-post status-publish format-standard hentry category-noticias category-publicacoes-geral\">\n\t<style type=\"text\/css\">\n\t\t\n\t\t\n\t\t\n\t\t\n\t\t\t<\/style>\n\n\n<div class=\"fusion-post-content post-content\"><h2 class=\"blog-shortcode-post-title entry-title\"><a href=\"https:\/\/stnr.aps.pt\/sociologia-religiao\/mensagem-de-agradecimento-da-equipa-coordenadora-da-seccao-xiii-congresso-da-aps\/\">Mensagem de Agradecimento da Equipa coordenadora da Sec\u00e7\u00e3o &#8211; XIII Congresso da APS<\/a><\/h2><div class=\"fusion-post-content-container\"><p>A Equipa Coordenadora da Sec\u00e7\u00e3o de Sociologia da Religi\u00e3o da<a href=\"https:\/\/stnr.aps.pt\/sociologia-religiao\/mensagem-de-agradecimento-da-equipa-coordenadora-da-seccao-xiii-congresso-da-aps\/\"> [...]<\/a><\/p><\/div><\/div><div class=\"fusion-clearfix\"><\/div><\/article>\n<article id=\"blog-1-post-772\" class=\"fusion-post-medium post-772 post type-post status-publish format-standard hentry category-noticias category-publicacoes-geral\">\n\t<style type=\"text\/css\">\n\t\t\n\t\t\n\t\t\n\t\t\n\t\t\t<\/style>\n\n\n<div class=\"fusion-post-content post-content\"><h2 class=\"blog-shortcode-post-title entry-title\"><a href=\"https:\/\/stnr.aps.pt\/sociologia-religiao\/nova-publicacao-06-2025\/\">Nova publica\u00e7\u00e3o: 06\/2025<\/a><\/h2><div class=\"fusion-post-content-container\"><p>T\u00edtulo: Secularization or revival, polarization or convergence? An assessment of<a href=\"https:\/\/stnr.aps.pt\/sociologia-religiao\/nova-publicacao-06-2025\/\"> [...]<\/a><\/p><\/div><\/div><div class=\"fusion-clearfix\"><\/div><\/article>\n<article id=\"blog-1-post-770\" class=\"fusion-post-medium post-770 post type-post status-publish format-standard hentry category-noticias category-publicacoes-geral\">\n\t<style type=\"text\/css\">\n\t\t\n\t\t\n\t\t\n\t\t\n\t\t\t<\/style>\n\n\n<div class=\"fusion-post-content post-content\"><h2 class=\"blog-shortcode-post-title entry-title\"><a href=\"https:\/\/stnr.aps.pt\/sociologia-religiao\/nova-publicacao-09-2024\/\">Nova Publica\u00e7\u00e3o: 09\/2024<\/a><\/h2><div class=\"fusion-post-content-container\"><p>Less gives less, more gives more: socialisation and religiosity in<a href=\"https:\/\/stnr.aps.pt\/sociologia-religiao\/nova-publicacao-09-2024\/\"> [...]<\/a><\/p><\/div><\/div><div class=\"fusion-clearfix\"><\/div><\/article>\n<article id=\"blog-1-post-750\" class=\"fusion-post-medium post-750 post type-post status-publish format-standard hentry category-noticias category-publicacoes-geral\">\n\t<style type=\"text\/css\">\n\t\t\n\t\t\n\t\t\n\t\t\n\t\t\t<\/style>\n\n\n<div class=\"fusion-post-content post-content\"><h2 class=\"blog-shortcode-post-title entry-title\"><a href=\"https:\/\/stnr.aps.pt\/sociologia-religiao\/proximo-evento-09-2024\/\">Pr\u00f3ximo evento : 09\/2024<\/a><\/h2><div class=\"fusion-post-content-container\"><p>A colega Cl\u00e1udia Sofia Ramos Duarte Fortes Resende participar\u00e1 em<a href=\"https:\/\/stnr.aps.pt\/sociologia-religiao\/proximo-evento-09-2024\/\"> [...]<\/a><\/p><\/div><\/div><div class=\"fusion-clearfix\"><\/div><\/article>\n<\/div><div class=\"pagination clearfix\"><span class=\"current\">1<\/span><a href=\"https:\/\/stnr.aps.pt\/sociologia-religiao\/wp-json\/wp\/v2\/pages\/357\/page\/2\/\" class=\"inactive\">2<\/a><a class=\"pagination-next\" rel=\"next\" href=\"https:\/\/stnr.aps.pt\/sociologia-religiao\/wp-json\/wp\/v2\/pages\/357\/page\/2\/\"><span class=\"page-text\">Seguinte<\/span><span class=\"page-next\"><\/span><\/a><\/div><div class=\"fusion-clearfix\"><\/div><\/div><\/div><\/div><\/div><\/div>\n","protected":false},"excerpt":{"rendered":"","protected":false},"author":4,"featured_media":0,"parent":0,"menu_order":0,"comment_status":"closed","ping_status":"closed","template":"","meta":{"footnotes":""},"class_list":["post-357","page","type-page","status-publish","hentry"],"_links":{"self":[{"href":"https:\/\/stnr.aps.pt\/sociologia-religiao\/wp-json\/wp\/v2\/pages\/357","targetHints":{"allow":["GET"]}}],"collection":[{"href":"https:\/\/stnr.aps.pt\/sociologia-religiao\/wp-json\/wp\/v2\/pages"}],"about":[{"href":"https:\/\/stnr.aps.pt\/sociologia-religiao\/wp-json\/wp\/v2\/types\/page"}],"author":[{"embeddable":true,"href":"https:\/\/stnr.aps.pt\/sociologia-religiao\/wp-json\/wp\/v2\/users\/4"}],"replies":[{"embeddable":true,"href":"https:\/\/stnr.aps.pt\/sociologia-religiao\/wp-json\/wp\/v2\/comments?post=357"}],"version-history":[{"count":9,"href":"https:\/\/stnr.aps.pt\/sociologia-religiao\/wp-json\/wp\/v2\/pages\/357\/revisions"}],"predecessor-version":[{"id":706,"href":"https:\/\/stnr.aps.pt\/sociologia-religiao\/wp-json\/wp\/v2\/pages\/357\/revisions\/706"}],"wp:attachment":[{"href":"https:\/\/stnr.aps.pt\/sociologia-religiao\/wp-json\/wp\/v2\/media?parent=357"}],"curies":[{"name":"wp","href":"https:\/\/api.w.org\/{rel}","templated":true}]}}