{"id":350,"date":"2021-07-01T16:47:12","date_gmt":"2021-07-01T16:47:12","guid":{"rendered":"https:\/\/stnr.aps.pt\/sociologia-religiao\/?page_id=350"},"modified":"2024-01-24T17:02:08","modified_gmt":"2024-01-24T17:02:08","slug":"organizacao","status":"publish","type":"page","link":"https:\/\/stnr.aps.pt\/sociologia-religiao\/organizacao\/","title":{"rendered":"Organiza\u00e7\u00e3o"},"content":{"rendered":"<p><a href=\"https:\/\/drive.google.com\/file\/d\/1iY2hjQqw1dufvr921TvSF_5JCSLX4b7M\/view?usp=sharing\" target=\"_blank\" rel=\"noopener noreferrer\"><strong>Comiss\u00e3o Coordenadora (2023-2027)<\/strong><\/a><br \/>\nJos\u00e9 Pereira Coutinho (CITER-UCP \/ CEG-UAb)<br \/>\nHelena Vila\u00e7a (FLUP \/ IS-UP)<br \/>\nTiago Pinto (FLUP \/ IS-UP)<\/p>\n<p><strong>Comiss\u00e3o Coordenadora anterior (2018-2022)<\/strong><br \/>\nHelena Vila\u00e7a (FLUP e IS-UP)<br \/>\nAnt\u00f3nio Joaquim Costa (UM e CECS)<br \/>\nJos\u00e9 Pereira Coutinho (CITER-UCP)<\/p>\n<div class=\"fusion-text\">\n<p>&nbsp;<\/p>\n<\/div>\n","protected":false},"excerpt":{"rendered":"<p>Comiss\u00e3o Coordenadora (2023-2027) Jos\u00e9 Pereira Coutinho (CITER-UCP \/ CEG-UAb) Helena Vila\u00e7a (FLUP \/ IS-UP) Tiago Pinto (FLUP \/ IS-UP) Comiss\u00e3o Coordenadora anterior (2018-2022) Helena Vila\u00e7a (FLUP e IS-UP) Ant\u00f3nio Joaquim Costa (UM e CECS) Jos\u00e9 Pereira Coutinho (CITER-UCP) &nbsp;<\/p>\n","protected":false},"author":4,"featured_media":0,"parent":0,"menu_order":0,"comment_status":"closed","ping_status":"closed","template":"","meta":{"footnotes":""},"class_list":["post-350","page","type-page","status-publish","hentry"],"_links":{"self":[{"href":"https:\/\/stnr.aps.pt\/sociologia-religiao\/wp-json\/wp\/v2\/pages\/350","targetHints":{"allow":["GET"]}}],"collection":[{"href":"https:\/\/stnr.aps.pt\/sociologia-religiao\/wp-json\/wp\/v2\/pages"}],"about":[{"href":"https:\/\/stnr.aps.pt\/sociologia-religiao\/wp-json\/wp\/v2\/types\/page"}],"author":[{"embeddable":true,"href":"https:\/\/stnr.aps.pt\/sociologia-religiao\/wp-json\/wp\/v2\/users\/4"}],"replies":[{"embeddable":true,"href":"https:\/\/stnr.aps.pt\/sociologia-religiao\/wp-json\/wp\/v2\/comments?post=350"}],"version-history":[{"count":6,"href":"https:\/\/stnr.aps.pt\/sociologia-religiao\/wp-json\/wp\/v2\/pages\/350\/revisions"}],"predecessor-version":[{"id":671,"href":"https:\/\/stnr.aps.pt\/sociologia-religiao\/wp-json\/wp\/v2\/pages\/350\/revisions\/671"}],"wp:attachment":[{"href":"https:\/\/stnr.aps.pt\/sociologia-religiao\/wp-json\/wp\/v2\/media?parent=350"}],"curies":[{"name":"wp","href":"https:\/\/api.w.org\/{rel}","templated":true}]}}