{"id":348,"date":"2021-07-01T16:45:40","date_gmt":"2021-07-01T16:45:40","guid":{"rendered":"https:\/\/stnr.aps.pt\/sociologia-religiao\/?page_id=348"},"modified":"2024-01-24T17:06:56","modified_gmt":"2024-01-24T17:06:56","slug":"mensagem-de-boas-vindas","status":"publish","type":"page","link":"https:\/\/stnr.aps.pt\/sociologia-religiao\/mensagem-de-boas-vindas\/","title":{"rendered":"Mensagem de boas vindas"},"content":{"rendered":"<p>Desde o congresso da Associa\u00e7\u00e3o Portuguesa de Sociologia (APS) de 2002 que tem vindo a funcionar a \u00c1rea Tem\u00e1tica (AT) Cren\u00e7as e Religiosidades. Dada a consolida\u00e7\u00e3o desta AT dentro da APS bem como o crescente n\u00famero de trabalhos realizados neste campo e a vontade manifestada pelos v\u00e1rios participantes na AT, foi criada, em\u00a0<strong>outubro de 2018<\/strong>, a sec\u00e7\u00e3o tem\u00e1tica \u201cSociologia da Religi\u00e3o\u201d, assumindo-se como uma inst\u00e2ncia permanente de comunica\u00e7\u00e3o e coopera\u00e7\u00e3o entre soci\u00f3logos deste dom\u00ednio.<\/p>\n<p><strong>Objetivos e linhas de interven\u00e7\u00e3o<\/strong><br \/>\nApesar do decl\u00ednio da perten\u00e7a, pr\u00e1tica e cren\u00e7a religiosa e o fim dos monop\u00f3lios religiosos na Europa, nas \u00faltimas d\u00e9cadas tem vindo a aumentar o debate sobre religi\u00e3o no espa\u00e7o p\u00fablico. Al\u00e9m disso, a sociedade portuguesa apresenta hoje sinais de uma diversifica\u00e7\u00e3o crescente, por via da imigra\u00e7\u00e3o, de grupos religiosos competitivos, de novas express\u00f5es de religiosidade e espiritualidade fora e dentro das religi\u00f5es tradicionais, e crescimento dos sem religi\u00e3o (crentes ou n\u00e3o crentes). Numa intera\u00e7\u00e3o permanente com a modernidade, os grupos religiosos mais din\u00e2micos adaptaram-se de forma assinal\u00e1vel \u00e0s novas tecnologias e \u00e0s redes sociais, estabelecendo comunidades virtuais e oferecendo servi\u00e7os religiosos online. O pr\u00f3prio conceito de comunidade transfigura-se e a religi\u00e3o individualizada adquire, numa era p\u00f3s-secular, novos espa\u00e7os de express\u00e3o. Todos estes aspetos s\u00e3o reveladores de que a religi\u00e3o continua a ser uma lente fundamental para a leitura das din\u00e2micas sociais em curso.<br \/>\nNeste sentido, a sec\u00e7\u00e3o tem\u00e1tica de Sociologia da Religi\u00e3o, elege como objetivos priorit\u00e1rios:Fomentar o interesse e afirmar a relev\u00e2ncia da sociologia da Religi\u00e3o na an\u00e1lise e compreens\u00e3o das sociedades contempor\u00e2neas;<\/p>\n<ul>\n<li>refor\u00e7ar a contribui\u00e7\u00e3o dos soci\u00f3logos e dos cientistas sociais no combate \u00e0 iliteracia religiosa, na produ\u00e7\u00e3o de saberes que permitam o acesso dos cidad\u00e3os \u00e0 informa\u00e7\u00e3o e no esfor\u00e7o para que profissionais de outras \u00e1reas (sa\u00fade, ensino, seguran\u00e7a e outros) adquiram conhecimentos com vista a gerir situa\u00e7\u00f5es quando confrontados com quest\u00f5es \u00e9ticas relacionadas com a liberdade religiosa, a compreender os conflitos de base religiosa e a romperem com clich\u00e9s e, de forma geral, com as generaliza\u00e7\u00f5es do senso comum;<\/li>\n<li>assegurar e desenvolver contactos pessoais e institucionais entre soci\u00f3logos de religi\u00e3o em Portugal;<\/li>\n<li>facilitar o estabelecimento de pontes com o Research Committee on Sociology of Religion (RC 22) na International Sociological Association (ISA) e com outras associa\u00e7\u00f5es internacionais de sociologia, de que destacamos a International Society for the Sociology of Religion (ISSR\/SISR).<\/li>\n<li>incentivar a divulga\u00e7\u00e3o de informa\u00e7\u00f5es, nomeadamente no vortal da APS, sobre produ\u00e7\u00e3o e atividades cient\u00edficas relevantes na \u00e1rea da sociologia da religi\u00e3o, \u00e0 escala do pa\u00eds e internacionalmente;<\/li>\n<li>promover a colabora\u00e7\u00e3o com as outras Sec\u00e7\u00f5es tem\u00e1ticas da APS.<\/li>\n<\/ul>\n","protected":false},"excerpt":{"rendered":"<p>Desde o congresso da Associa\u00e7\u00e3o Portuguesa de Sociologia (APS) de 2002 que tem vindo a funcionar a \u00c1rea Tem\u00e1tica (AT) Cren\u00e7as e Religiosidades. Dada a consolida\u00e7\u00e3o desta AT dentro da APS bem como o crescente n\u00famero de trabalhos realizados neste campo e a vontade manifestada pelos v\u00e1rios participantes na AT, foi criada, em\u00a0outubro de 2018, <a href=\"https:\/\/stnr.aps.pt\/sociologia-religiao\/mensagem-de-boas-vindas\/\"> [&#8230;]<\/a><\/p>\n","protected":false},"author":4,"featured_media":0,"parent":0,"menu_order":0,"comment_status":"closed","ping_status":"closed","template":"","meta":{"footnotes":""},"class_list":["post-348","page","type-page","status-publish","hentry"],"_links":{"self":[{"href":"https:\/\/stnr.aps.pt\/sociologia-religiao\/wp-json\/wp\/v2\/pages\/348","targetHints":{"allow":["GET"]}}],"collection":[{"href":"https:\/\/stnr.aps.pt\/sociologia-religiao\/wp-json\/wp\/v2\/pages"}],"about":[{"href":"https:\/\/stnr.aps.pt\/sociologia-religiao\/wp-json\/wp\/v2\/types\/page"}],"author":[{"embeddable":true,"href":"https:\/\/stnr.aps.pt\/sociologia-religiao\/wp-json\/wp\/v2\/users\/4"}],"replies":[{"embeddable":true,"href":"https:\/\/stnr.aps.pt\/sociologia-religiao\/wp-json\/wp\/v2\/comments?post=348"}],"version-history":[{"count":4,"href":"https:\/\/stnr.aps.pt\/sociologia-religiao\/wp-json\/wp\/v2\/pages\/348\/revisions"}],"predecessor-version":[{"id":674,"href":"https:\/\/stnr.aps.pt\/sociologia-religiao\/wp-json\/wp\/v2\/pages\/348\/revisions\/674"}],"wp:attachment":[{"href":"https:\/\/stnr.aps.pt\/sociologia-religiao\/wp-json\/wp\/v2\/media?parent=348"}],"curies":[{"name":"wp","href":"https:\/\/api.w.org\/{rel}","templated":true}]}}