{"id":348,"date":"2021-07-01T16:45:40","date_gmt":"2021-07-01T16:45:40","guid":{"rendered":"https:\/\/stnr.aps.pt\/sociologia-educacao\/?page_id=348"},"modified":"2024-08-05T15:12:36","modified_gmt":"2024-08-05T15:12:36","slug":"mensagem-de-boas-vindas","status":"publish","type":"page","link":"https:\/\/stnr.aps.pt\/sociologia-educacao\/quem-somos\/mensagem-de-boas-vindas\/","title":{"rendered":"Mensagem de boas vindas"},"content":{"rendered":"<div class=\"fusion-fullwidth fullwidth-box fusion-builder-row-1 fusion-flex-container nonhundred-percent-fullwidth non-hundred-percent-height-scrolling\" style=\"--awb-border-radius-top-left:0px;--awb-border-radius-top-right:0px;--awb-border-radius-bottom-right:0px;--awb-border-radius-bottom-left:0px;--awb-flex-wrap:wrap;\" ><div class=\"fusion-builder-row fusion-row fusion-flex-align-items-flex-start fusion-flex-content-wrap\" style=\"max-width:1144px;margin-left: calc(-4% \/ 2 );margin-right: calc(-4% \/ 2 );\"><div class=\"fusion-layout-column fusion_builder_column fusion-builder-column-0 fusion_builder_column_1_2 1_2 fusion-flex-column\" style=\"--awb-bg-size:cover;--awb-width-large:50%;--awb-margin-top-large:0px;--awb-spacing-right-large:3.84%;--awb-margin-bottom-large:20px;--awb-spacing-left-large:3.84%;--awb-width-medium:50%;--awb-order-medium:0;--awb-spacing-right-medium:3.84%;--awb-spacing-left-medium:3.84%;--awb-width-small:100%;--awb-order-small:0;--awb-spacing-right-small:1.92%;--awb-spacing-left-small:1.92%;\"><div class=\"fusion-column-wrapper fusion-column-has-shadow fusion-flex-justify-content-flex-start fusion-content-layout-column\"><div class=\"fusion-text fusion-text-1\"><h3><strong>Bem-vindas | Bem-vindos\u00a0<\/strong><\/h3>\n<p>\u00e0 p\u00e1gina da Sec\u00e7\u00e3o Tem\u00e1tica de Sociologia da Educa\u00e7\u00e3o.<\/p>\n<p>Este \u00e9 um lugar de partilha e de mobiliza\u00e7\u00e3o. Procuramos espelhar os v\u00e1rios contributos e trabalho da nossa sec\u00e7\u00e3o e seus membros. Aqui reunimos informa\u00e7\u00e3o sobre o que fazemos. Esperamos que facilite tamb\u00e9m a constru\u00e7\u00e3o de pontes entre todos os que se interessam e trabalham no campo da Sociologia da Educa\u00e7\u00e3o.<\/p>\n<p>Apelamos a que se juntem a n\u00f3s, refor\u00e7ando estes la\u00e7os, utilizando os v\u00e1rios canais de comunica\u00e7\u00e3o que temos dispon\u00edveis.<\/p>\n<\/div><div class=\"fusion-text fusion-text-2\"><p>Email: soc.edu.aps@gmail.com<\/p>\n<p><a href=\"https:\/\/www.facebook.com\/soc.edu.aps\">Facebook<\/a><\/p>\n<\/div><\/div><\/div><div class=\"fusion-layout-column fusion_builder_column fusion-builder-column-1 fusion_builder_column_1_2 1_2 fusion-flex-column\" style=\"--awb-bg-size:cover;--awb-width-large:50%;--awb-margin-top-large:0px;--awb-spacing-right-large:3.84%;--awb-margin-bottom-large:20px;--awb-spacing-left-large:3.84%;--awb-width-medium:50%;--awb-order-medium:0;--awb-spacing-right-medium:3.84%;--awb-spacing-left-medium:3.84%;--awb-width-small:100%;--awb-order-small:0;--awb-spacing-right-small:1.92%;--awb-spacing-left-small:1.92%;\"><div class=\"fusion-column-wrapper fusion-column-has-shadow fusion-flex-justify-content-flex-start fusion-content-layout-column\"><div class=\"fusion-text fusion-text-3\"><div class=\"wpforms-container wpforms-container-full\" id=\"wpforms-583\"><form id=\"wpforms-form-583\" class=\"wpforms-validate wpforms-form\" data-formid=\"583\" method=\"post\" enctype=\"multipart\/form-data\" action=\"\/sociologia-educacao\/wp-json\/wp\/v2\/pages\/348\" data-token=\"1421d6752696f8afcf72ce1c002a037a\" data-token-time=\"1777582644\"><div class=\"wpforms-head-container\"><div class=\"wpforms-title\">Formul\u00e1rio de Contacto<\/div><\/div><noscript class=\"wpforms-error-noscript\">Please enable JavaScript in your browser to complete this form.<\/noscript><div class=\"wpforms-field-container\"><div id=\"wpforms-583-field_0-container\" class=\"wpforms-field wpforms-field-text\" data-field-id=\"0\"><label class=\"wpforms-field-label\" for=\"wpforms-583-field_0\">Nome <span class=\"wpforms-required-label\">*<\/span><\/label><input type=\"text\" id=\"wpforms-583-field_0\" class=\"wpforms-field-medium wpforms-field-required\" name=\"wpforms[fields][0]\" required><\/div><div id=\"wpforms-583-field_1-container\" class=\"wpforms-field wpforms-field-email\" data-field-id=\"1\"><label class=\"wpforms-field-label\" for=\"wpforms-583-field_1\">Email <span class=\"wpforms-required-label\">*<\/span><\/label><input type=\"email\" id=\"wpforms-583-field_1\" class=\"wpforms-field-medium wpforms-field-required\" name=\"wpforms[fields][1]\" spellcheck=\"false\" required><\/div><div id=\"wpforms-583-field_2-container\" class=\"wpforms-field wpforms-field-text\" data-field-id=\"2\"><label class=\"wpforms-field-label\" for=\"wpforms-583-field_2\">Afilia\u00e7\u00e3o<\/label><input type=\"text\" id=\"wpforms-583-field_2\" class=\"wpforms-field-medium\" name=\"wpforms[fields][2]\" placeholder=\"Institui\u00e7\u00e3o onde trabalha\" ><\/div><div id=\"wpforms-583-field_3-container\" class=\"wpforms-field wpforms-field-textarea\" data-field-id=\"3\"><label class=\"wpforms-field-label\" for=\"wpforms-583-field_3\">Mensagem <span class=\"wpforms-required-label\">*<\/span><\/label><textarea id=\"wpforms-583-field_3\" class=\"wpforms-field-small wpforms-field-required\" name=\"wpforms[fields][3]\" required><\/textarea><\/div><\/div><!-- .wpforms-field-container --><div class=\"wpforms-submit-container\" ><input type=\"hidden\" name=\"wpforms[id]\" value=\"583\"><input type=\"hidden\" name=\"page_title\" value=\"\"><input type=\"hidden\" name=\"page_url\" value=\"https:\/\/stnr.aps.pt\/sociologia-educacao\/wp-json\/wp\/v2\/pages\/348\"><input type=\"hidden\" name=\"url_referer\" value=\"\"><button type=\"submit\" name=\"wpforms[submit]\" id=\"wpforms-submit-583\" class=\"wpforms-submit mailpoet_submit\" aria-live=\"assertive\" value=\"wpforms-submit\">Submeter!<\/button><\/div><\/form><\/div>  <!-- .wpforms-container -->\n<\/div><\/div><\/div><div class=\"fusion-layout-column fusion_builder_column fusion-builder-column-2 fusion_builder_column_1_2 1_2 fusion-flex-column\" style=\"--awb-bg-size:cover;--awb-width-large:50%;--awb-margin-top-large:0px;--awb-spacing-right-large:3.84%;--awb-margin-bottom-large:20px;--awb-spacing-left-large:3.84%;--awb-width-medium:50%;--awb-order-medium:0;--awb-spacing-right-medium:3.84%;--awb-spacing-left-medium:3.84%;--awb-width-small:100%;--awb-order-small:0;--awb-spacing-right-small:1.92%;--awb-spacing-left-small:1.92%;\"><div class=\"fusion-column-wrapper fusion-column-has-shadow fusion-flex-justify-content-flex-start fusion-content-layout-column\"><\/div><\/div><\/div><\/div>\n","protected":false},"excerpt":{"rendered":"","protected":false},"author":4,"featured_media":0,"parent":7,"menu_order":1,"comment_status":"closed","ping_status":"closed","template":"","meta":{"footnotes":""},"class_list":["post-348","page","type-page","status-publish","hentry"],"_links":{"self":[{"href":"https:\/\/stnr.aps.pt\/sociologia-educacao\/wp-json\/wp\/v2\/pages\/348","targetHints":{"allow":["GET"]}}],"collection":[{"href":"https:\/\/stnr.aps.pt\/sociologia-educacao\/wp-json\/wp\/v2\/pages"}],"about":[{"href":"https:\/\/stnr.aps.pt\/sociologia-educacao\/wp-json\/wp\/v2\/types\/page"}],"author":[{"embeddable":true,"href":"https:\/\/stnr.aps.pt\/sociologia-educacao\/wp-json\/wp\/v2\/users\/4"}],"replies":[{"embeddable":true,"href":"https:\/\/stnr.aps.pt\/sociologia-educacao\/wp-json\/wp\/v2\/comments?post=348"}],"version-history":[{"count":10,"href":"https:\/\/stnr.aps.pt\/sociologia-educacao\/wp-json\/wp\/v2\/pages\/348\/revisions"}],"predecessor-version":[{"id":814,"href":"https:\/\/stnr.aps.pt\/sociologia-educacao\/wp-json\/wp\/v2\/pages\/348\/revisions\/814"}],"up":[{"embeddable":true,"href":"https:\/\/stnr.aps.pt\/sociologia-educacao\/wp-json\/wp\/v2\/pages\/7"}],"wp:attachment":[{"href":"https:\/\/stnr.aps.pt\/sociologia-educacao\/wp-json\/wp\/v2\/media?parent=348"}],"curies":[{"name":"wp","href":"https:\/\/api.w.org\/{rel}","templated":true}]}}