{"id":18,"date":"2020-09-16T09:13:00","date_gmt":"2020-09-16T09:13:00","guid":{"rendered":"https:\/\/stnr.aps.pt\/sociologia-educacao\/?page_id=18"},"modified":"2024-08-05T15:59:18","modified_gmt":"2024-08-05T15:59:18","slug":"inicio","status":"publish","type":"page","link":"https:\/\/stnr.aps.pt\/sociologia-educacao\/","title":{"rendered":"In\u00edcio"},"content":{"rendered":"<p><div class=\"fusion-fullwidth fullwidth-box fusion-builder-row-1 fusion-flex-container nonhundred-percent-fullwidth non-hundred-percent-height-scrolling\" style=\"--awb-border-radius-top-left:0px;--awb-border-radius-top-right:0px;--awb-border-radius-bottom-right:0px;--awb-border-radius-bottom-left:0px;--awb-flex-wrap:wrap;\" ><div class=\"fusion-builder-row fusion-row fusion-flex-align-items-flex-start fusion-flex-content-wrap\" style=\"max-width:1144px;margin-left: calc(-4% \/ 2 );margin-right: calc(-4% \/ 2 );\"><div class=\"fusion-layout-column fusion_builder_column fusion-builder-column-0 fusion_builder_column_1_2 1_2 fusion-flex-column\" style=\"--awb-bg-size:cover;--awb-width-large:50%;--awb-margin-top-large:0px;--awb-spacing-right-large:3.84%;--awb-margin-bottom-large:20px;--awb-spacing-left-large:3.84%;--awb-width-medium:50%;--awb-order-medium:0;--awb-spacing-right-medium:3.84%;--awb-spacing-left-medium:3.84%;--awb-width-small:100%;--awb-order-small:0;--awb-spacing-right-small:1.92%;--awb-spacing-left-small:1.92%;\"><div class=\"fusion-column-wrapper fusion-column-has-shadow fusion-flex-justify-content-flex-start fusion-content-layout-column\"><div class=\"fusion-text fusion-text-1\"><h2><strong>Sec\u00e7\u00e3o Sociologia da Educa\u00e7\u00e3o<\/strong><\/h2>\n<\/div><\/div><\/div><div class=\"fusion-layout-column fusion_builder_column fusion-builder-column-1 fusion_builder_column_1_2 1_2 fusion-flex-column\" style=\"--awb-bg-size:cover;--awb-width-large:50%;--awb-margin-top-large:0px;--awb-spacing-right-large:3.84%;--awb-margin-bottom-large:20px;--awb-spacing-left-large:3.84%;--awb-width-medium:50%;--awb-order-medium:0;--awb-spacing-right-medium:3.84%;--awb-spacing-left-medium:3.84%;--awb-width-small:100%;--awb-order-small:0;--awb-spacing-right-small:1.92%;--awb-spacing-left-small:1.92%;\"><div class=\"fusion-column-wrapper fusion-column-has-shadow fusion-flex-justify-content-flex-start fusion-content-layout-row\"><div class=\"fusion-text fusion-text-2\" style=\"--awb-content-alignment:right;\"><h2 style=\"text-align: left\"><strong>XIII Congresso Portugu\u00eas de Sociologia \u2013 chamada de resumos<\/strong><\/h2>\n<h2><\/h2>\n<\/div><\/div><\/div><\/div><\/div><div class=\"fusion-fullwidth fullwidth-box fusion-builder-row-2 fusion-flex-container nonhundred-percent-fullwidth non-hundred-percent-height-scrolling\" style=\"--awb-border-radius-top-left:0px;--awb-border-radius-top-right:0px;--awb-border-radius-bottom-right:0px;--awb-border-radius-bottom-left:0px;--awb-flex-wrap:wrap;\" ><div class=\"fusion-builder-row fusion-row fusion-flex-align-items-flex-start fusion-flex-content-wrap\" style=\"max-width:1144px;margin-left: calc(-4% \/ 2 );margin-right: calc(-4% \/ 2 );\"><div class=\"fusion-layout-column fusion_builder_column fusion-builder-column-2 fusion_builder_column_1_2 1_2 fusion-flex-column\" style=\"--awb-bg-size:cover;--awb-width-large:50%;--awb-margin-top-large:0px;--awb-spacing-right-large:3.84%;--awb-margin-bottom-large:20px;--awb-spacing-left-large:3.84%;--awb-width-medium:50%;--awb-order-medium:0;--awb-spacing-right-medium:3.84%;--awb-spacing-left-medium:3.84%;--awb-width-small:100%;--awb-order-small:0;--awb-spacing-right-small:1.92%;--awb-spacing-left-small:1.92%;\"><div class=\"fusion-column-wrapper fusion-column-has-shadow fusion-flex-justify-content-flex-start fusion-content-layout-column\"><div class=\"fusion-text fusion-text-3\"><p style=\"text-align: left\">Foi a primeira Sec\u00e7\u00e3o a constituir-se no seio da APS, a partir de reuni\u00f5es ocorridas no Congresso Portugu\u00eas de Sociologia (Junho-2008) e no Encontro Contextos Educativos na Sociedade Contempor\u00e2nea (Janeiro-2009). Tem como objetivos estimular o di\u00e1logo e a colabora\u00e7\u00e3o entre especialistas e interessados neste campo cient\u00edfico, bem como promover o desenvolvimento do campo na sociedade portuguesa.<\/p>\n<p style=\"text-align: left\">Pretende-se que a ST constitua um f\u00f3rum de debate e partilha, entre soci\u00f3logos, mas n\u00e3o s\u00f3, e que explore os desafios colocados \u00e0 sociologia da educa\u00e7\u00e3o no mundo contempor\u00e2neo, estabelecendo pontes entre colegas, com outras sec\u00e7\u00f5es tem\u00e1ticas e com outros profissionais e institui\u00e7\u00f5es, numa l\u00f3gica de di\u00e1logo aberto e plural.<\/p>\n<p style=\"text-align: left\">Para entrar em contacto com a nossa ST: soc.edu.aps@gmail.com<\/p>\n<\/div><\/div><\/div><div class=\"fusion-layout-column fusion_builder_column fusion-builder-column-3 fusion_builder_column_1_4 1_4 fusion-flex-column\" style=\"--awb-bg-size:cover;--awb-width-large:25%;--awb-margin-top-large:0px;--awb-spacing-right-large:7.68%;--awb-margin-bottom-large:20px;--awb-spacing-left-large:7.68%;--awb-width-medium:25%;--awb-order-medium:0;--awb-spacing-right-medium:7.68%;--awb-spacing-left-medium:7.68%;--awb-width-small:100%;--awb-order-small:0;--awb-spacing-right-small:1.92%;--awb-spacing-left-small:1.92%;\"><div class=\"fusion-column-wrapper fusion-column-has-shadow fusion-flex-justify-content-flex-start fusion-content-layout-column\"><div class=\"fusion-image-element \" style=\"--awb-caption-title-font-family:var(--h2_typography-font-family);--awb-caption-title-font-weight:var(--h2_typography-font-weight);--awb-caption-title-font-style:var(--h2_typography-font-style);--awb-caption-title-size:var(--h2_typography-font-size);--awb-caption-title-transform:var(--h2_typography-text-transform);--awb-caption-title-line-height:var(--h2_typography-line-height);--awb-caption-title-letter-spacing:var(--h2_typography-letter-spacing);\"><span class=\" fusion-imageframe imageframe-none imageframe-1 hover-type-none\"><img decoding=\"async\" width=\"300\" height=\"254\" title=\"XIII-Congress-Logo_1\" src=\"https:\/\/stnr.aps.pt\/sociologia-educacao\/wp-content\/uploads\/sites\/32\/2024\/08\/XIII-Congress-Logo_1.png\" data-orig-src=\"https:\/\/stnr.aps.pt\/sociologia-educacao\/wp-content\/uploads\/sites\/32\/2024\/08\/XIII-Congress-Logo_1-300x254.png\" alt class=\"lazyload img-responsive wp-image-827\" srcset=\"data:image\/svg+xml,%3Csvg%20xmlns%3D%27http%3A%2F%2Fwww.w3.org%2F2000%2Fsvg%27%20width%3D%27943%27%20height%3D%27797%27%20viewBox%3D%270%200%20943%20797%27%3E%3Crect%20width%3D%27943%27%20height%3D%27797%27%20fill-opacity%3D%220%22%2F%3E%3C%2Fsvg%3E\" data-srcset=\"https:\/\/stnr.aps.pt\/sociologia-educacao\/wp-content\/uploads\/sites\/32\/2024\/08\/XIII-Congress-Logo_1-200x169.png 200w, https:\/\/stnr.aps.pt\/sociologia-educacao\/wp-content\/uploads\/sites\/32\/2024\/08\/XIII-Congress-Logo_1-400x338.png 400w, https:\/\/stnr.aps.pt\/sociologia-educacao\/wp-content\/uploads\/sites\/32\/2024\/08\/XIII-Congress-Logo_1-600x507.png 600w, https:\/\/stnr.aps.pt\/sociologia-educacao\/wp-content\/uploads\/sites\/32\/2024\/08\/XIII-Congress-Logo_1-800x676.png 800w, https:\/\/stnr.aps.pt\/sociologia-educacao\/wp-content\/uploads\/sites\/32\/2024\/08\/XIII-Congress-Logo_1.png 943w\" data-sizes=\"auto\" data-orig-sizes=\"(max-width: 640px) 100vw, 400px\" \/><\/span><\/div><\/div><\/div><div class=\"fusion-layout-column fusion_builder_column fusion-builder-column-4 fusion_builder_column_1_4 1_4 fusion-flex-column\" style=\"--awb-bg-size:cover;--awb-width-large:25%;--awb-margin-top-large:0px;--awb-spacing-right-large:7.68%;--awb-margin-bottom-large:20px;--awb-spacing-left-large:7.68%;--awb-width-medium:25%;--awb-order-medium:0;--awb-spacing-right-medium:7.68%;--awb-spacing-left-medium:7.68%;--awb-width-small:100%;--awb-order-small:0;--awb-spacing-right-small:1.92%;--awb-spacing-left-small:1.92%;\"><div class=\"fusion-column-wrapper fusion-column-has-shadow fusion-flex-justify-content-flex-start fusion-content-layout-column\"><div class=\"fusion-text fusion-text-4\"><p>O XIII Congresso da Associa\u00e7\u00e3o Portuguesa de Sociologia realiza-se de 8 a 11 de julho de 2025, na Universidade dos A\u00e7ores, sob o tema\u00a0&#8220;<strong>Democracias \u00e0 Prova: Riscos e Incertezas<\/strong>&#8220;.<\/p>\n<p>Veja a call da ST Sociologia da Educa\u00e7\u00e3o [<a href=\"https:\/\/drive.google.com\/file\/d\/1qNdLDQNesPkXpqqZ6lECtydZUJS-s_F0\/view?usp=drive_link\">PT<\/a>] &#8211; [<a href=\"https:\/\/drive.google.com\/file\/d\/18qEYMIUO6k121l4adZujWKgwcjDnFOYK\/view?usp=drive_link\">EN<\/a>]<\/p>\n<p>Envio de resumos at\u00e9 14 de outubro 2024.<\/p>\n<p>Toda a informa\u00e7\u00e3o sobre o evento <a href=\"https:\/\/xiii-congresso-aps.eventqualia.net\/\">aqui<\/a>.<\/p>\n<\/div><\/div><\/div><\/div><\/div><\/p>\n","protected":false},"excerpt":{"rendered":"","protected":false},"author":1,"featured_media":0,"parent":0,"menu_order":0,"comment_status":"closed","ping_status":"closed","template":"","meta":{"footnotes":""},"class_list":["post-18","page","type-page","status-publish","hentry"],"_links":{"self":[{"href":"https:\/\/stnr.aps.pt\/sociologia-educacao\/wp-json\/wp\/v2\/pages\/18","targetHints":{"allow":["GET"]}}],"collection":[{"href":"https:\/\/stnr.aps.pt\/sociologia-educacao\/wp-json\/wp\/v2\/pages"}],"about":[{"href":"https:\/\/stnr.aps.pt\/sociologia-educacao\/wp-json\/wp\/v2\/types\/page"}],"author":[{"embeddable":true,"href":"https:\/\/stnr.aps.pt\/sociologia-educacao\/wp-json\/wp\/v2\/users\/1"}],"replies":[{"embeddable":true,"href":"https:\/\/stnr.aps.pt\/sociologia-educacao\/wp-json\/wp\/v2\/comments?post=18"}],"version-history":[{"count":131,"href":"https:\/\/stnr.aps.pt\/sociologia-educacao\/wp-json\/wp\/v2\/pages\/18\/revisions"}],"predecessor-version":[{"id":828,"href":"https:\/\/stnr.aps.pt\/sociologia-educacao\/wp-json\/wp\/v2\/pages\/18\/revisions\/828"}],"wp:attachment":[{"href":"https:\/\/stnr.aps.pt\/sociologia-educacao\/wp-json\/wp\/v2\/media?parent=18"}],"curies":[{"name":"wp","href":"https:\/\/api.w.org\/{rel}","templated":true}]}}