{"id":178,"date":"2021-06-23T14:22:50","date_gmt":"2021-06-23T14:22:50","guid":{"rendered":"https:\/\/stnr.aps.pt\/sociologia-educacao\/?page_id=178"},"modified":"2024-08-05T14:57:58","modified_gmt":"2024-08-05T14:57:58","slug":"congresso-portugues-de-sociologia","status":"publish","type":"page","link":"https:\/\/stnr.aps.pt\/sociologia-educacao\/congresso-portugues-de-sociologia\/","title":{"rendered":"Congressos APS"},"content":{"rendered":"<p><div class=\"fusion-fullwidth fullwidth-box fusion-builder-row-1 fusion-flex-container nonhundred-percent-fullwidth non-hundred-percent-height-scrolling\" style=\"--awb-border-radius-top-left:0px;--awb-border-radius-top-right:0px;--awb-border-radius-bottom-right:0px;--awb-border-radius-bottom-left:0px;--awb-flex-wrap:wrap;\" ><div class=\"fusion-builder-row fusion-row fusion-flex-align-items-flex-start fusion-flex-content-wrap\" style=\"max-width:1144px;margin-left: calc(-4% \/ 2 );margin-right: calc(-4% \/ 2 );\"><div class=\"fusion-layout-column fusion_builder_column fusion-builder-column-0 fusion_builder_column_1_1 1_1 fusion-flex-column\" style=\"--awb-bg-size:cover;--awb-width-large:100%;--awb-margin-top-large:0px;--awb-spacing-right-large:1.92%;--awb-margin-bottom-large:20px;--awb-spacing-left-large:1.92%;--awb-width-medium:100%;--awb-order-medium:0;--awb-spacing-right-medium:1.92%;--awb-spacing-left-medium:1.92%;--awb-width-small:100%;--awb-order-small:0;--awb-spacing-right-small:1.92%;--awb-spacing-left-small:1.92%;\"><div class=\"fusion-column-wrapper fusion-column-has-shadow fusion-flex-justify-content-flex-start fusion-content-layout-column\"><div class=\"fusion-text fusion-text-1\"><p>O Congresso Portugu\u00eas de Sociologia da APS realiza-se de dois em dois anos e constitui o mais importante evento sociol\u00f3gico nacional e um momento alto da agenda cultural e cient\u00edfica das ci\u00eancias sociais em geral.<\/p>\n<p>As coordena\u00e7\u00f5es das Sec\u00e7\u00f5es Tem\u00e1ticas fazem a\u00a0<em>call for papers<\/em>\u00a0espec\u00edfica da respetiva \u00e1rea tem\u00e1tica, avaliam as propostas submetidas e organizam as sess\u00f5es dos trabalhos apresentados no congresso.<\/p>\n<p><a href=\"https:\/\/aps.pt\/atas-dos-congressos\/\">Visite as v\u00e1rias edi\u00e7\u00f5es do Congresso Portugu\u00eas de Sociologia.<\/a><\/p>\n<\/div><div class=\"fusion-separator fusion-full-width-sep\" style=\"align-self: center;margin-left: auto;margin-right: auto;width:100%;\"><\/div><div class=\"fusion-text fusion-text-2\"><p><a href=\"https:\/\/xi-congresso-aps.eventqualia.net\/pt\/2020\/inicio\/\" target=\"_blank\" rel=\"noopener noreferrer\"><strong><img decoding=\"async\" class=\"lazyload size-medium wp-image-750 alignleft\" src=\"https:\/\/stnr.aps.pt\/sociologia-educacao\/wp-content\/uploads\/sites\/32\/2024\/08\/453502032_498839049467113_694458764239359920_n-212x300.jpg\" data-orig-src=\"https:\/\/stnr.aps.pt\/sociologia-educacao\/wp-content\/uploads\/sites\/32\/2024\/08\/453502032_498839049467113_694458764239359920_n-212x300.jpg\" alt=\"\" width=\"212\" height=\"300\" srcset=\"data:image\/svg+xml,%3Csvg%20xmlns%3D%27http%3A%2F%2Fwww.w3.org%2F2000%2Fsvg%27%20width%3D%27212%27%20height%3D%27300%27%20viewBox%3D%270%200%20212%20300%27%3E%3Crect%20width%3D%27212%27%20height%3D%27300%27%20fill-opacity%3D%220%22%2F%3E%3C%2Fsvg%3E\" data-srcset=\"https:\/\/stnr.aps.pt\/sociologia-educacao\/wp-content\/uploads\/sites\/32\/2024\/08\/453502032_498839049467113_694458764239359920_n-200x284.jpg 200w, https:\/\/stnr.aps.pt\/sociologia-educacao\/wp-content\/uploads\/sites\/32\/2024\/08\/453502032_498839049467113_694458764239359920_n-212x300.jpg 212w, https:\/\/stnr.aps.pt\/sociologia-educacao\/wp-content\/uploads\/sites\/32\/2024\/08\/453502032_498839049467113_694458764239359920_n-400x567.jpg 400w, https:\/\/stnr.aps.pt\/sociologia-educacao\/wp-content\/uploads\/sites\/32\/2024\/08\/453502032_498839049467113_694458764239359920_n-600x851.jpg 600w, https:\/\/stnr.aps.pt\/sociologia-educacao\/wp-content\/uploads\/sites\/32\/2024\/08\/453502032_498839049467113_694458764239359920_n.jpg 655w\" data-sizes=\"auto\" data-orig-sizes=\"(max-width: 212px) 100vw, 212px\" \/><\/strong><\/a><\/p>\n<p><strong><a href=\"https:\/\/xiii-congresso-aps.eventqualia.net\/pt\/2025\/inicio\/\" target=\"_blank\" rel=\"noopener\">XIII Congresso da Associa\u00e7\u00e3o Portuguesa de Sociologia<\/a><\/strong> <strong style=\"font-size: 16px\">\u2013 <em>Democracias \u00e0 prova: riscos e incertezas<\/em><\/strong><\/p>\n<p><strong>8 \u2013 11 julho, 2025\u00a0<\/strong><\/p>\n<p>Universidade dos A\u00e7ores | Veja a call da ST Sociologia da Educa\u00e7\u00e3o [<a href=\"https:\/\/drive.google.com\/file\/d\/1qNdLDQNesPkXpqqZ6lECtydZUJS-s_F0\/view?usp=drive_link\">PT<\/a>] &#8211; [<a href=\"https:\/\/drive.google.com\/file\/d\/18qEYMIUO6k121l4adZujWKgwcjDnFOYK\/view?usp=drive_link\">EN<\/a>]<\/p>\n<\/div><div class=\"fusion-separator fusion-full-width-sep\" style=\"align-self: center;margin-left: auto;margin-right: auto;width:100%;\"><\/div><\/div><\/div><\/div><\/div><div class=\"fusion-fullwidth fullwidth-box fusion-builder-row-2 fusion-flex-container nonhundred-percent-fullwidth non-hundred-percent-height-scrolling\" style=\"--awb-border-radius-top-left:0px;--awb-border-radius-top-right:0px;--awb-border-radius-bottom-right:0px;--awb-border-radius-bottom-left:0px;--awb-flex-wrap:wrap;\" ><div class=\"fusion-builder-row fusion-row fusion-flex-align-items-flex-start fusion-flex-content-wrap\" style=\"max-width:1144px;margin-left: calc(-4% \/ 2 );margin-right: calc(-4% \/ 2 );\"><\/div><\/div><\/p>\n","protected":false},"excerpt":{"rendered":"","protected":false},"author":4,"featured_media":0,"parent":0,"menu_order":0,"comment_status":"closed","ping_status":"closed","template":"","meta":{"footnotes":""},"class_list":["post-178","page","type-page","status-publish","hentry"],"_links":{"self":[{"href":"https:\/\/stnr.aps.pt\/sociologia-educacao\/wp-json\/wp\/v2\/pages\/178","targetHints":{"allow":["GET"]}}],"collection":[{"href":"https:\/\/stnr.aps.pt\/sociologia-educacao\/wp-json\/wp\/v2\/pages"}],"about":[{"href":"https:\/\/stnr.aps.pt\/sociologia-educacao\/wp-json\/wp\/v2\/types\/page"}],"author":[{"embeddable":true,"href":"https:\/\/stnr.aps.pt\/sociologia-educacao\/wp-json\/wp\/v2\/users\/4"}],"replies":[{"embeddable":true,"href":"https:\/\/stnr.aps.pt\/sociologia-educacao\/wp-json\/wp\/v2\/comments?post=178"}],"version-history":[{"count":13,"href":"https:\/\/stnr.aps.pt\/sociologia-educacao\/wp-json\/wp\/v2\/pages\/178\/revisions"}],"predecessor-version":[{"id":806,"href":"https:\/\/stnr.aps.pt\/sociologia-educacao\/wp-json\/wp\/v2\/pages\/178\/revisions\/806"}],"wp:attachment":[{"href":"https:\/\/stnr.aps.pt\/sociologia-educacao\/wp-json\/wp\/v2\/media?parent=178"}],"curies":[{"name":"wp","href":"https:\/\/api.w.org\/{rel}","templated":true}]}}