{"id":951,"date":"2022-07-05T14:46:07","date_gmt":"2022-07-05T14:46:07","guid":{"rendered":"https:\/\/stnr.aps.pt\/sociologia-consumo\/?page_id=951"},"modified":"2022-10-25T09:58:16","modified_gmt":"2022-10-25T09:58:16","slug":"programa-provisorio-draft-program","status":"publish","type":"page","link":"https:\/\/stnr.aps.pt\/sociologia-consumo\/programa-provisorio-draft-program\/","title":{"rendered":"Programa\/Programme"},"content":{"rendered":"<div class=\"fusion-fullwidth fullwidth-box fusion-builder-row-1 fusion-flex-container nonhundred-percent-fullwidth non-hundred-percent-height-scrolling\" style=\"--awb-border-radius-top-left:0px;--awb-border-radius-top-right:0px;--awb-border-radius-bottom-right:0px;--awb-border-radius-bottom-left:0px;--awb-flex-wrap:wrap;\" ><div class=\"fusion-builder-row fusion-row fusion-flex-align-items-flex-start fusion-flex-content-wrap\" style=\"max-width:1144px;margin-left: calc(-4% \/ 2 );margin-right: calc(-4% \/ 2 );\"><div class=\"fusion-layout-column fusion_builder_column fusion-builder-column-0 fusion_builder_column_1_1 1_1 fusion-flex-column\" style=\"--awb-bg-size:cover;--awb-width-large:100%;--awb-margin-top-large:0px;--awb-spacing-right-large:1.92%;--awb-margin-bottom-large:0px;--awb-spacing-left-large:1.92%;--awb-width-medium:100%;--awb-spacing-right-medium:1.92%;--awb-spacing-left-medium:1.92%;--awb-width-small:100%;--awb-spacing-right-small:1.92%;--awb-spacing-left-small:1.92%;\"><div class=\"fusion-column-wrapper fusion-flex-justify-content-flex-start fusion-content-layout-column\"><nav class=\"awb-menu awb-menu_row awb-menu_em-hover mobile-mode-collapse-to-button awb-menu_icons-top awb-menu_dc-yes mobile-trigger-fullwidth-off awb-menu_mobile-toggle awb-menu_indent-left mobile-size-full-absolute loading mega-menu-loading awb-menu_desktop awb-menu_dropdown awb-menu_expand-right awb-menu_transition-fade\" style=\"--awb-text-transform:uppercase;--awb-bg:#ffffff;--awb-justify-content:space-around;--awb-border-top:5px;--awb-border-right:5px;--awb-border-bottom:5px;--awb-border-left:5px;--awb-color:#e87b00;--awb-active-color:#ffffff;--awb-active-bg:#e88a20;--awb-submenu-text-transform:none;--awb-icons-color:#ffffff;--awb-icons-hover-color:#ffffff;--awb-main-justify-content:flex-start;--awb-mobile-justify:flex-start;--awb-mobile-caret-left:auto;--awb-mobile-caret-right:0;--awb-fusion-font-family-typography:inherit;--awb-fusion-font-style-typography:normal;--awb-fusion-font-weight-typography:400;--awb-fusion-font-family-submenu-typography:inherit;--awb-fusion-font-style-submenu-typography:normal;--awb-fusion-font-weight-submenu-typography:400;--awb-fusion-font-family-mobile-typography:inherit;--awb-fusion-font-style-mobile-typography:normal;--awb-fusion-font-weight-mobile-typography:400;\" aria-label=\"Viver em | a mobilidade 2022\" data-breakpoint=\"1024\" data-count=\"0\" data-transition-type=\"fade\" data-transition-time=\"300\" data-expand=\"right\"><button type=\"button\" class=\"awb-menu__m-toggle awb-menu__m-toggle_no-text\" aria-expanded=\"false\" aria-controls=\"menu-viver-em-a-mobilidade-2022\"><span class=\"awb-menu__m-toggle-inner\"><span class=\"collapsed-nav-text\"><span class=\"screen-reader-text\">Toggle Navigation<\/span><\/span><span class=\"awb-menu__m-collapse-icon awb-menu__m-collapse-icon_no-text\"><span class=\"awb-menu__m-collapse-icon-open awb-menu__m-collapse-icon-open_no-text fa-bars fas\"><\/span><span class=\"awb-menu__m-collapse-icon-close awb-menu__m-collapse-icon-close_no-text fa-times fas\"><\/span><\/span><\/span><\/button><ul id=\"menu-viver-em-a-mobilidade-2022\" class=\"fusion-menu awb-menu__main-ul awb-menu__main-ul_row\"><li  id=\"menu-item-1030\"  class=\"menu-item menu-item-type-post_type menu-item-object-page menu-item-1030 awb-menu__li awb-menu__main-li awb-menu__main-li_regular\"  data-item-id=\"1030\"><span class=\"awb-menu__main-background-default awb-menu__main-background-default_fade\"><\/span><span class=\"awb-menu__main-background-active awb-menu__main-background-active_fade\"><\/span><a  href=\"https:\/\/stnr.aps.pt\/sociologia-consumo\/comissao-organizadora-organising-comitee\/\" class=\"awb-menu__main-a awb-menu__main-a_regular\"><span class=\"menu-text\">Organiza\u00e7\u00e3o<\/span><\/a><\/li><li  id=\"menu-item-1128\"  class=\"menu-item menu-item-type-post_type menu-item-object-page menu-item-1128 awb-menu__li awb-menu__main-li awb-menu__main-li_regular\"  data-item-id=\"1128\"><span class=\"awb-menu__main-background-default awb-menu__main-background-default_fade\"><\/span><span class=\"awb-menu__main-background-active awb-menu__main-background-active_fade\"><\/span><a  href=\"https:\/\/stnr.aps.pt\/sociologia-consumo\/comissao-cientifica-scientific-comittee\/\" class=\"awb-menu__main-a awb-menu__main-a_regular\"><span class=\"menu-text\">Comiss\u00e3o Cientifica<\/span><\/a><\/li><li  id=\"menu-item-1031\"  class=\"menu-item menu-item-type-post_type menu-item-object-page menu-item-1031 awb-menu__li awb-menu__main-li awb-menu__main-li_regular\"  data-item-id=\"1031\"><span class=\"awb-menu__main-background-default awb-menu__main-background-default_fade\"><\/span><span class=\"awb-menu__main-background-active awb-menu__main-background-active_fade\"><\/span><a  href=\"https:\/\/stnr.aps.pt\/sociologia-consumo\/living-in-mobilities-2022\/\" class=\"awb-menu__main-a awb-menu__main-a_regular\"><span class=\"menu-text\">English<\/span><\/a><\/li><li  id=\"menu-item-1034\"  class=\"menu-item menu-item-type-post_type menu-item-object-page menu-item-1034 awb-menu__li awb-menu__main-li awb-menu__main-li_regular\"  data-item-id=\"1034\"><span class=\"awb-menu__main-background-default awb-menu__main-background-default_fade\"><\/span><span class=\"awb-menu__main-background-active awb-menu__main-background-active_fade\"><\/span><a  href=\"https:\/\/stnr.aps.pt\/sociologia-consumo\/programa-provisorio-draft-program\/\" class=\"awb-menu__main-a awb-menu__main-a_regular\"><span class=\"menu-text\">Programa<\/span><\/a><\/li><li  id=\"menu-item-1058\"  class=\"menu-item menu-item-type-post_type menu-item-object-page menu-item-1058 awb-menu__li awb-menu__main-li awb-menu__main-li_regular\"  data-item-id=\"1058\"><span class=\"awb-menu__main-background-default awb-menu__main-background-default_fade\"><\/span><span class=\"awb-menu__main-background-active awb-menu__main-background-active_fade\"><\/span><a  href=\"https:\/\/stnr.aps.pt\/sociologia-consumo\/inscricoes-viver-ema-mobilidade-2022\/\" class=\"awb-menu__main-a awb-menu__main-a_regular\"><span class=\"menu-text\">Inscri\u00e7\u00f5es<\/span><\/a><\/li><li  id=\"menu-item-1033\"  class=\"menu-item menu-item-type-post_type menu-item-object-page menu-item-1033 awb-menu__li awb-menu__main-li awb-menu__main-li_regular\"  data-item-id=\"1033\"><span class=\"awb-menu__main-background-default awb-menu__main-background-default_fade\"><\/span><span class=\"awb-menu__main-background-active awb-menu__main-background-active_fade\"><\/span><a  href=\"https:\/\/stnr.aps.pt\/sociologia-consumo\/local-venue\/\" class=\"awb-menu__main-a awb-menu__main-a_regular\"><span class=\"menu-text\">Local<\/span><\/a><\/li><li  id=\"menu-item-1036\"  class=\"menu-item menu-item-type-post_type menu-item-object-page menu-item-1036 awb-menu__li awb-menu__main-li awb-menu__main-li_regular\"  data-item-id=\"1036\"><span class=\"awb-menu__main-background-default awb-menu__main-background-default_fade\"><\/span><span class=\"awb-menu__main-background-active awb-menu__main-background-active_fade\"><\/span><a  href=\"https:\/\/stnr.aps.pt\/sociologia-consumo\/contactos-contacts\/\" class=\"awb-menu__main-a awb-menu__main-a_regular\"><span class=\"menu-text\">Contacto<\/span><\/a><\/li><\/ul><\/nav><div class=\"fusion-separator fusion-full-width-sep\" style=\"align-self: center;margin-left: auto;margin-right: auto;margin-top:20px;margin-bottom:20px;width:100%;\"><\/div><div style=\"text-align:left;\"><a class=\"fusion-button button-3d fusion-button-default-size button-custom fusion-button-default button-1 fusion-button-default-span fusion-has-button-gradient\" style=\"--button_accent_color:#ffffff;--button_accent_hover_color:#ffffff;--button_border_hover_color:#ffffff;--button_gradient_top_color:#e87b00;--button_gradient_bottom_color:#e87b00;--button_gradient_top_color_hover:#ffa500;--button_gradient_bottom_color_hover:rgba(226,105,0,0.7);\" target=\"_blank\" rel=\"noopener noreferrer\" href=\"https:\/\/drive.google.com\/file\/d\/1z1WTL--oxX1kKWNggXN7kgDMT7oYlmZG\/view?usp=sharing\"><span class=\"fusion-button-text awb-button__text awb-button__text--default\">Programa Detalhado | Detailed Programme<\/span><\/a><\/div><div class=\"fusion-separator fusion-full-width-sep\" style=\"align-self: center;margin-left: auto;margin-right: auto;margin-top:20px;margin-bottom:20px;width:100%;\"><\/div><div class=\"fusion-title title fusion-title-1 fusion-title-text fusion-title-size-one\" style=\"--awb-margin-top-small:0px;--awb-margin-right-small:0px;--awb-margin-bottom-small:20px;--awb-margin-left-small:0px;\"><div class=\"title-sep-container title-sep-container-left fusion-no-large-visibility fusion-no-medium-visibility fusion-no-small-visibility\"><div class=\"title-sep sep-double sep-solid\" style=\"border-color:#e0dede;\"><\/div><\/div><span class=\"awb-title-spacer fusion-no-large-visibility fusion-no-medium-visibility fusion-no-small-visibility\"><\/span><h1 class=\"fusion-title-heading title-heading-left\" style=\"margin:0;\"><h3><strong>27 de outubro \/ 27th October<\/strong><\/h3><\/h1><span class=\"awb-title-spacer\"><\/span><div class=\"title-sep-container title-sep-container-right\"><div class=\"title-sep sep-double sep-solid\" style=\"border-color:#e0dede;\"><\/div><\/div><\/div>\n<div class=\"table-1\">\n<table style=\"height: 364px;\" width=\"1015\">\n<thead>\n<tr>\n<th align=\"left\">13h00 \u2013 Abertura do Secretariado<\/p>\n<p>14h00 \u2013 Sess\u00e3o de Abertura<\/p>\n<p>14h30 \u2013 Confer\u00eancia de oradora convidado<\/p>\n<p>16h00 \u2013 Intervalo<\/p>\n<p>16h30-18h00 \u2013 Apresenta\u00e7\u00e3o de comunica\u00e7\u00f5es<\/p>\n<p>18h00 &#8211; Webinar APSIOT. A semana de 4 dias<\/p>\n<p>20h00 \u2013 Jantar do evento (<a href=\"https:\/\/forms.gle\/oRiVnAijFVuwfSLT7\">inscri\u00e7\u00e3o aqui<\/a>)<\/th>\n<th align=\"left\">1 pm \u2013 Opening of the Secretariat<\/p>\n<p>2 pm \u2013 Openning session<\/p>\n<p>2.3o pm \u2013 Invited Keynote speaker conference<\/p>\n<p>4 pm \u2013 Coffee break<\/p>\n<p>4.30 &#8211; 6 pm\u2013 Oral communications<\/p>\n<p>6 pm &#8211; Webinar APSIOT.\u00a0 The 4 days week\u00a0 (online)<\/p>\n<p>8 pm \u2013 Social dinner (<a href=\"https:\/\/forms.gle\/oRiVnAijFVuwfSLT7\">inscription<\/a>)<\/th>\n<\/tr>\n<\/thead>\n<\/table>\n<\/div>\n<div class=\"fusion-separator fusion-full-width-sep\" style=\"align-self: center;margin-left: auto;margin-right: auto;margin-top:20px;margin-bottom:20px;width:100%;\"><\/div><div class=\"fusion-title title fusion-title-2 fusion-title-text fusion-title-size-one\" style=\"--awb-margin-top-small:0px;--awb-margin-right-small:0px;--awb-margin-bottom-small:20px;--awb-margin-left-small:0px;\"><div class=\"title-sep-container title-sep-container-left fusion-no-large-visibility fusion-no-medium-visibility fusion-no-small-visibility\"><div class=\"title-sep sep-double sep-solid\" style=\"border-color:#e0dede;\"><\/div><\/div><span class=\"awb-title-spacer fusion-no-large-visibility fusion-no-medium-visibility fusion-no-small-visibility\"><\/span><h1 class=\"fusion-title-heading title-heading-left\" style=\"margin:0;\"><h3><strong>28 de outubro \/ 28th October<\/strong><\/h3><\/h1><span class=\"awb-title-spacer\"><\/span><div class=\"title-sep-container title-sep-container-right\"><div class=\"title-sep sep-double sep-solid\" style=\"border-color:#e0dede;\"><\/div><\/div><\/div>\n<div class=\"table-1\">\n<table style=\"height: 542px;\" width=\"908\">\n<thead>\n<tr>\n<th align=\"left\">9h00 \u2013 Apresenta\u00e7\u00e3o de comunica\u00e7\u00f5es (h\u00edbrido)<\/p>\n<p>10h30 \u2013 Pausa<\/p>\n<p>11h00 \u2013 Apresenta\u00e7\u00e3o de comunica\u00e7\u00f5es (online)<\/p>\n<p>12h30 \u2013 Almo\u00e7o livre<\/p>\n<p>14h00 \u2013 Mobilidade, territ\u00f3rios e (in)sustentabilidade: quest\u00f5es em aberto<\/p>\n<p>17h00 \u2013 Sess\u00e3o de Encerramento<\/p>\n<p>Todas as sess\u00f5es online com a exce\u00e7\u00e3o da sess\u00e3o B estar\u00e3o a ser transmitidas no audit\u00f3rio. Os links para as sess\u00f5es ficar\u00e3o dispon\u00edveis aqui no programa no dia 26 de outubro.<\/th>\n<th align=\"left\">9 am \u2013 Oral communications (hybrid)<\/p>\n<p>10.30 am \u2013 Coffee break<\/p>\n<p>11 am \u2013Oral communications (online)<\/p>\n<p>12.30 \u2013 Free Lunch<\/p>\n<p>2 pm \u2013 Round table | Mobility, territories and (un)sustainability: open issues<\/p>\n<p>5 pm \u2013 Closing session<\/p>\n<p>All online sessions with the exception of session B will be streamed in the auditorium. Links to the sessions will be available here in the programme on the 26th October.<\/th>\n<\/tr>\n<\/thead>\n<\/table>\n<\/div>\n<\/div><\/div><\/div><\/div>\n","protected":false},"excerpt":{"rendered":"","protected":false},"author":5,"featured_media":0,"parent":0,"menu_order":0,"comment_status":"closed","ping_status":"closed","template":"","meta":{"footnotes":""},"class_list":["post-951","page","type-page","status-publish","hentry"],"_links":{"self":[{"href":"https:\/\/stnr.aps.pt\/sociologia-consumo\/wp-json\/wp\/v2\/pages\/951","targetHints":{"allow":["GET"]}}],"collection":[{"href":"https:\/\/stnr.aps.pt\/sociologia-consumo\/wp-json\/wp\/v2\/pages"}],"about":[{"href":"https:\/\/stnr.aps.pt\/sociologia-consumo\/wp-json\/wp\/v2\/types\/page"}],"author":[{"embeddable":true,"href":"https:\/\/stnr.aps.pt\/sociologia-consumo\/wp-json\/wp\/v2\/users\/5"}],"replies":[{"embeddable":true,"href":"https:\/\/stnr.aps.pt\/sociologia-consumo\/wp-json\/wp\/v2\/comments?post=951"}],"version-history":[{"count":26,"href":"https:\/\/stnr.aps.pt\/sociologia-consumo\/wp-json\/wp\/v2\/pages\/951\/revisions"}],"predecessor-version":[{"id":1279,"href":"https:\/\/stnr.aps.pt\/sociologia-consumo\/wp-json\/wp\/v2\/pages\/951\/revisions\/1279"}],"wp:attachment":[{"href":"https:\/\/stnr.aps.pt\/sociologia-consumo\/wp-json\/wp\/v2\/media?parent=951"}],"curies":[{"name":"wp","href":"https:\/\/api.w.org\/{rel}","templated":true}]}}