{"id":935,"date":"2022-06-29T11:44:14","date_gmt":"2022-06-29T11:44:14","guid":{"rendered":"https:\/\/stnr.aps.pt\/sociologia-consumo\/?page_id=935"},"modified":"2022-06-29T12:06:52","modified_gmt":"2022-06-29T12:06:52","slug":"a-st-no-congresso","status":"publish","type":"page","link":"https:\/\/stnr.aps.pt\/sociologia-consumo\/a-st-no-congresso\/","title":{"rendered":"a ST no Congresso"},"content":{"rendered":"<div class=\"fusion-fullwidth fullwidth-box fusion-builder-row-1 fusion-flex-container nonhundred-percent-fullwidth non-hundred-percent-height-scrolling\" style=\"--awb-border-radius-top-left:0px;--awb-border-radius-top-right:0px;--awb-border-radius-bottom-right:0px;--awb-border-radius-bottom-left:0px;--awb-flex-wrap:wrap;\" ><div class=\"fusion-builder-row fusion-row fusion-flex-align-items-flex-start fusion-flex-content-wrap\" style=\"max-width:1144px;margin-left: calc(-4% \/ 2 );margin-right: calc(-4% \/ 2 );\"><div class=\"fusion-layout-column fusion_builder_column fusion-builder-column-0 fusion_builder_column_1_1 1_1 fusion-flex-column\" style=\"--awb-bg-size:cover;--awb-width-large:100%;--awb-margin-top-large:0px;--awb-spacing-right-large:1.92%;--awb-margin-bottom-large:20px;--awb-spacing-left-large:1.92%;--awb-width-medium:100%;--awb-order-medium:0;--awb-spacing-right-medium:1.92%;--awb-spacing-left-medium:1.92%;--awb-width-small:100%;--awb-order-small:0;--awb-spacing-right-small:1.92%;--awb-spacing-left-small:1.92%;\"><div class=\"fusion-column-wrapper fusion-column-has-shadow fusion-flex-justify-content-flex-start fusion-content-layout-column\"><div class=\"fusion-text fusion-text-1\"><div>\n<p class=\"fusion-responsive-typography-calculated\" data-fontsize=\"16\" data-lineheight=\"24px\"><strong><a href=\"https:\/\/xi-congresso-aps.eventqualia.net\/pt\/2020\/inicio\/\" target=\"_blank\" rel=\"noopener noreferrer\">XI Congresso Portugu\u00eas de Sociologia<\/a>\u00a0\u2013\u00a0<em>Identidades ao Rubro: diferen\u00e7as, perten\u00e7as e populismos num mundo efervescente<\/em><\/strong><\/p>\n<\/div>\n<p><strong>29 \u2013 31 mar\u00e7o, 2021 |\u00a0 online<\/strong><\/p>\n<p>Lisboa | ESPP\/ISCTE-IUL \u2013 ICS-ULisboa<\/p>\n<p>Veja \u00a0a\u00a0<strong>call<\/strong>\u00a0da ST Sociologia do Consumo\u00a0<strong><a href=\"https:\/\/drive.google.com\/file\/d\/1t61KdW8bvrCHZkfH-e4zv8RVs-8eGXGb\/view?usp=sharing\" target=\"_blank\" rel=\"noopener noreferrer\">[PT]<\/a><\/strong>\u00a0\u2013<strong>\u00a0<a href=\"https:\/\/drive.google.com\/file\/d\/192JOWqkoXO69F8XE_8k0MjvyYyFwnnPb\/view?usp=sharing\" target=\"_blank\" rel=\"noopener noreferrer\">[EN]<\/a><\/strong><\/p>\n<\/div><div class=\"fusion-separator fusion-full-width-sep\" style=\"align-self: center;margin-left: auto;margin-right: auto;margin-top:30px;margin-bottom:30px;width:100%;\"><\/div><div class=\"fusion-text fusion-text-2\"><div class=\"fusion-text\">\n<div>\n<div>\n<p><strong><a href=\"https:\/\/aps.pt\/pt\/x-congresso-portugues-de-sociologia\/\" target=\"_blank\" rel=\"noopener noreferrer\">X Congresso Portugu\u00eas de Sociologia<\/a>\u00a0\u2013 Covilh\u00e3 | UBI | 10 a 12 de Julho de 2018\u00a0<\/strong><\/p>\n<p><img decoding=\"async\" class=\"lazyload alignleft wp-image-2857\" src=\"data:image\/svg+xml,%3Csvg%20xmlns%3D%27http%3A%2F%2Fwww.w3.org%2F2000%2Fsvg%27%20width%3D%27120%27%20height%3D%27186%27%20viewBox%3D%270%200%20120%20186%27%3E%3Crect%20width%3D%27120%27%20height%3D%27186%27%20fill-opacity%3D%220%22%2F%3E%3C%2Fsvg%3E\" data-orig-src=\"https:\/\/aps.pt\/wp-content\/uploads\/2017\/11\/X-Congresso-Portug%C3%AAs-de-Sociologia_cartaz_A_newsletter-e1509742033490.jpg\" alt=\"\" width=\"120\" height=\"186\" \/><\/p>\n<p>Veja\u00a0<a href=\"https:\/\/aps.pt\/wp-content\/uploads\/2017\/11\/X-Congresso_Call_Consumo_A.pdf\" target=\"_blank\" rel=\"noopener noreferrer\">aqui<\/a>\u00a0a chamada espec\u00edfica da Sec\u00e7\u00e3o Tem\u00e1tica Sociologia do Consumo<\/p>\n<\/div>\n<\/div>\n<\/div>\n<\/div><div class=\"fusion-separator fusion-full-width-sep\" style=\"align-self: center;margin-left: auto;margin-right: auto;margin-top:30px;margin-bottom:30px;width:100%;\"><\/div><div class=\"fusion-text fusion-text-3\"><div class=\"fusion-text\">\n<div>\n<p><a href=\"http:\/\/historico.aps.pt\/ix_congresso\/actas\" target=\"_blank\" rel=\"noopener noreferrer\"><b>IX Congresso Portugu\u00eas de Sociologia \u2013 Portugal, territ\u00f3rio de territ\u00f3rios<\/b><\/a><\/p>\n<p>Faro, Faculdade de Economia, Universidade do Algarve, 6 a 8 de Julho de 2016<\/p>\n<p><img decoding=\"async\" class=\"lazyload wp-image-1376 alignleft\" src=\"https:\/\/aps.pt\/wp-content\/uploads\/2017\/03\/PUB4aa2bbeee81IX.png\" data-orig-src=\"https:\/\/aps.pt\/wp-content\/uploads\/2017\/03\/PUB4aa2bbeee81IX.png\" data-sizes=\"auto\" data-orig-sizes=\"(max-width: 150px) 100vw, 150px\" srcset=\"data:image\/svg+xml,%3Csvg%20xmlns%3D%27http%3A%2F%2Fwww.w3.org%2F2000%2Fsvg%27%20width%3D%27150%27%20height%3D%27212%27%20viewBox%3D%270%200%20150%20212%27%3E%3Crect%20width%3D%27150%27%20height%3D%27212%27%20fill-opacity%3D%220%22%2F%3E%3C%2Fsvg%3E\" data-srcset=\"https:\/\/aps.pt\/wp-content\/uploads\/2017\/03\/PUB4aa2bbeee81IX-200x282.png 200w, https:\/\/aps.pt\/wp-content\/uploads\/2017\/03\/PUB4aa2bbeee81IX-400x565.png 400w, https:\/\/aps.pt\/wp-content\/uploads\/2017\/03\/PUB4aa2bbeee81IX-600x847.png 600w, https:\/\/aps.pt\/wp-content\/uploads\/2017\/03\/PUB4aa2bbeee81IX-768x1084.png 768w, https:\/\/aps.pt\/wp-content\/uploads\/2017\/03\/PUB4aa2bbeee81IX.png 800w\" alt=\"\" width=\"150\" height=\"212\" \/><\/p>\n<p>Veja\u00a0<a href=\"https:\/\/aps.pt\/wp-content\/uploads\/2017\/09\/ST-Consumo_Call-IX-Congresso.pdf\" target=\"_blank\" rel=\"noopener noreferrer\">aqui<\/a>\u00a0a chamada espec\u00edfica.<\/p>\n<\/div>\n<\/div>\n<\/div><div class=\"fusion-separator fusion-full-width-sep\" style=\"align-self: center;margin-left: auto;margin-right: auto;margin-top:30px;margin-bottom:30px;width:100%;\"><\/div><div class=\"fusion-text fusion-text-4\"><div class=\"fusion-text\">\n<div>\n<p><a href=\"http:\/\/historico.aps.pt\/viii_congresso\/actas.php?area=actas\" target=\"_blank\" rel=\"noopener noreferrer\"><strong>VIII Congresso Portugu\u00eas de Sociologia \u2013 40 anos de Democracia(s): progressos, contradi\u00e7\u00f5es e prospetivas<\/strong><\/a><\/p>\n<p>\u00c9vora, Universidade de \u00c9vora, 14 a 16 de Abril de 2014<\/p>\n<p><img decoding=\"async\" class=\"lazyload alignleft wp-image-1355\" src=\"https:\/\/aps.pt\/wp-content\/uploads\/2017\/03\/PUB460d42061VIII.jpg\" data-orig-src=\"https:\/\/aps.pt\/wp-content\/uploads\/2017\/03\/PUB460d42061VIII.jpg\" data-sizes=\"auto\" data-orig-sizes=\"(max-width: 150px) 100vw, 150px\" srcset=\"data:image\/svg+xml,%3Csvg%20xmlns%3D%27http%3A%2F%2Fwww.w3.org%2F2000%2Fsvg%27%20width%3D%27150%27%20height%3D%27158%27%20viewBox%3D%270%200%20150%20158%27%3E%3Crect%20width%3D%27150%27%20height%3D%27158%27%20fill-opacity%3D%220%22%2F%3E%3C%2Fsvg%3E\" data-srcset=\"https:\/\/aps.pt\/wp-content\/uploads\/2017\/03\/PUB460d42061VIII-200x211.jpg 200w, https:\/\/aps.pt\/wp-content\/uploads\/2017\/03\/PUB460d42061VIII.jpg 250w\" alt=\"\" width=\"150\" height=\"158\" \/><\/p>\n<div><\/div>\n<div><\/div>\n<div>Veja\u00a0<a href=\"https:\/\/aps.pt\/wp-content\/uploads\/2017\/09\/ST-Consumo_Call_VIII_-Cong_site.pdf\" target=\"_blank\" rel=\"noopener noreferrer\">aqui<\/a>\u00a0a chamada espec\u00edfica.<\/div>\n<\/div>\n<\/div>\n<div><\/div>\n<div><\/div>\n<div><\/div>\n<div><\/div>\n<div><\/div>\n<div><\/div>\n<div><\/div>\n<div class=\"fusion-text\">\n<div>\n<div><\/div>\n<\/div>\n<\/div>\n<\/div><div class=\"fusion-separator fusion-full-width-sep\" style=\"align-self: center;margin-left: auto;margin-right: auto;margin-top:30px;margin-bottom:30px;width:100%;\"><\/div><div class=\"fusion-text fusion-text-5\"><div>\n<p><a href=\"http:\/\/historico.aps.pt\/vii_congresso\/\" target=\"_blank\" rel=\"noopener noreferrer\"><strong>VII Congresso Portugu\u00eas de Sociologia \u2013 Sociedade, Crise e Reconfigura\u00e7\u00f5es<\/strong><\/a><\/p>\n<div>Porto, Faculdade de Letras da Universidade do Porto, 19 a 22 de Junho de 2016<\/div>\n<p><img decoding=\"async\" class=\"lazyload alignleft wp-image-1345\" src=\"https:\/\/aps.pt\/wp-content\/uploads\/2017\/03\/PUB460d42061fd5a.jpg\" data-orig-src=\"https:\/\/aps.pt\/wp-content\/uploads\/2017\/03\/PUB460d42061fd5a.jpg\" data-sizes=\"auto\" data-orig-sizes=\"(max-width: 150px) 100vw, 150px\" srcset=\"data:image\/svg+xml,%3Csvg%20xmlns%3D%27http%3A%2F%2Fwww.w3.org%2F2000%2Fsvg%27%20width%3D%27150%27%20height%3D%27150%27%20viewBox%3D%270%200%20150%20150%27%3E%3Crect%20width%3D%27150%27%20height%3D%27150%27%20fill-opacity%3D%220%22%2F%3E%3C%2Fsvg%3E\" data-srcset=\"https:\/\/aps.pt\/wp-content\/uploads\/2017\/03\/PUB460d42061fd5a-66x66.jpg 66w, https:\/\/aps.pt\/wp-content\/uploads\/2017\/03\/PUB460d42061fd5a-200x200.jpg 200w, https:\/\/aps.pt\/wp-content\/uploads\/2017\/03\/PUB460d42061fd5a.jpg 220w\" alt=\"\" width=\"150\" height=\"150\" \/><\/p>\n<\/div>\n<div><\/div>\n<div><\/div>\n<div>Veja\u00a0<a href=\"https:\/\/aps.pt\/wp-content\/uploads\/2017\/09\/ST-Consumo_Call-VII-CPS.pdf\" target=\"_blank\" rel=\"noopener noreferrer\">aqui<\/a>\u00a0a chamada espec\u00edfica<\/div>\n<div><\/div>\n<div><\/div>\n<div><\/div>\n<div><\/div>\n<div><\/div>\n<div><\/div>\n<div><\/div>\n<div><\/div>\n<div><\/div>\n<\/div><\/div><\/div><\/div><\/div>\n","protected":false},"excerpt":{"rendered":"","protected":false},"author":4,"featured_media":0,"parent":0,"menu_order":0,"comment_status":"closed","ping_status":"closed","template":"","meta":{"footnotes":""},"class_list":["post-935","page","type-page","status-publish","hentry"],"_links":{"self":[{"href":"https:\/\/stnr.aps.pt\/sociologia-consumo\/wp-json\/wp\/v2\/pages\/935","targetHints":{"allow":["GET"]}}],"collection":[{"href":"https:\/\/stnr.aps.pt\/sociologia-consumo\/wp-json\/wp\/v2\/pages"}],"about":[{"href":"https:\/\/stnr.aps.pt\/sociologia-consumo\/wp-json\/wp\/v2\/types\/page"}],"author":[{"embeddable":true,"href":"https:\/\/stnr.aps.pt\/sociologia-consumo\/wp-json\/wp\/v2\/users\/4"}],"replies":[{"embeddable":true,"href":"https:\/\/stnr.aps.pt\/sociologia-consumo\/wp-json\/wp\/v2\/comments?post=935"}],"version-history":[{"count":9,"href":"https:\/\/stnr.aps.pt\/sociologia-consumo\/wp-json\/wp\/v2\/pages\/935\/revisions"}],"predecessor-version":[{"id":939,"href":"https:\/\/stnr.aps.pt\/sociologia-consumo\/wp-json\/wp\/v2\/pages\/935\/revisions\/939"}],"wp:attachment":[{"href":"https:\/\/stnr.aps.pt\/sociologia-consumo\/wp-json\/wp\/v2\/media?parent=935"}],"curies":[{"name":"wp","href":"https:\/\/api.w.org\/{rel}","templated":true}]}}