{"id":770,"date":"2022-09-06T17:15:40","date_gmt":"2022-09-06T17:15:40","guid":{"rendered":"https:\/\/stnr.aps.pt\/sceav\/?page_id=770"},"modified":"2022-09-06T17:40:37","modified_gmt":"2022-09-06T17:40:37","slug":"associacoes-e-revistas","status":"publish","type":"page","link":"https:\/\/stnr.aps.pt\/sceav\/associacoes-e-revistas\/","title":{"rendered":"associa\u00e7\u00f5es e revistas"},"content":{"rendered":"<p>Informa\u00e7\u00e3o sobre associa\u00e7\u00f5es de investiga\u00e7\u00e3o e revistas cient\u00edficas nas \u00e1reas de interesse da ST (EM DESENVOLVIMENTO)<\/p>\n<p>&nbsp;<\/p>\n<h3>Revistas especializadas<\/h3>\n<h4 id=\"journalTitle\" class=\"c-product-header__title\"><a href=\"https:\/\/www.springer.com\/journal\/11266\/\">VOLUNTAS: International Journal of Voluntary and Nonprofit Organizations<\/a><\/h4>\n<p>Voluntas, a revista oficial da <a href=\"https:\/\/www.istr.org\/\">International Society for Third-Sector Research<\/a> (ISTR), \u00e9 um peri\u00f3dico interdisciplinar que fornece um f\u00f3rum para sinvestiga\u00e7\u00e3o na \u00e1rea entre os sectores do Estado, do mercado e dom\u00e9stico.<\/p>\n<div class=\"lowerHeaderContainer\">\n<div id=\"headerTitleContainer\">\n<div id=\"e3c018c7-8573-4acd-93ae-0ff4b1f3baf3\" class=\"widget general-html none widget-none widget-compact-all\">\n<div class=\"wrapped \">\n<div class=\"widget-body body body-none body-compact-all\">\n<h4><a href=\"https:\/\/journals.sagepub.com\/home\/nvs\">Nonprofit and Voluntary Sector Quarterly<\/a><\/h4>\n<p>Revista internacional e interdisciplinar para pesquisa do setor sem fins lucrativos dedicada a aprofundar o conhecimento sobre organiza\u00e7\u00f5es sem fins lucrativos, filantropia, a\u00e7\u00e3o volunt\u00e1ria e sociedade civil. NVSQ \u00e9 o jornal oficial da <a href=\"https:\/\/www.arnova.org\/\">Association for Research on Nonprofit Organizations and Voluntary Action<\/a> (ARNOVA), dos EUA.<\/p>\n<h4><a href=\"https:\/\/onlinelibrary.wiley.com\/page\/journal\/14678292\/homepage\/productinformation.html\">Annals of Public and Cooperative Economics<\/a><\/h4>\n<p>De 1947 a 2017, a revista foi publicada em nome do <a href=\"https:\/\/www.ciriec.uliege.be\/en\/\">Centro Internacional de Pesquisa e Informa\u00e7\u00e3o sobre a Economia P\u00fablica, Social e Cooperativa<\/a> (CIRIEC). Atualmente \u00e9 editada pela Funda\u00e7\u00e3o Edgard Milhaud, e dedica-se \u00e0 difus\u00e3o do conhecimento sobre a economia p\u00fablica, social e cooperativa.<\/p>\n<p><strong><a href=\"http:\/\/ciriec-revistaeconomia.es\/en\/aims-and-scope\/\">CIRIEC-Espa\u00f1a revista de econom\u00eda p\u00fablica, social y cooperativa<\/a> (CIRIEC journal of public, social and cooperative economy)<\/strong><\/p>\n<p>\u00c9 uma revista cient\u00edfica trimestral latino-americana fundada em 1986 e publicada em nome do<a href=\"http:\/\/ciriec.es\/\"> CIRIEC-Espanha<\/a>. Publica artigos originais e de alta qualidade em economia, mas tamb\u00e9m em ci\u00eancias sociais, direito e pol\u00edtica. Os artigos s\u00e3o escritos em espanhol ou em ingl\u00eas.<\/p>\n<h4><a href=\"https:\/\/bristoluniversitypressdigital.com\/view\/journals\/vsr\/vsr-overview.xml\">Voluntary Sector Review<\/a><\/h4>\n<p>Revista \u00e9 publicada pela Policy Press em associa\u00e7\u00e3o com a Voluntary Sector Studies Network (VSSN), do Reino Unido. Publica artigos\u00a0 sobre todos os aspectos do voluntariado, da comunidade, da sociedade civil e do terceiro setor.<\/p>\n<p><a href=\"https:\/\/www.jpna.org\/index.php\/jpna\"><strong><em>Journal of Public and Nonprofit Affairs<\/em> (<em>JPNA<\/em>)<\/strong><\/a><\/p>\n<p>A revista \u00e9 publicada pela <a href=\"http:\/\/www.midwestpac.com\">Midwest Public Affairs Conference<\/a> (MPAC). A revista Pretende fornecer liga\u00e7\u00f5es entre a pr\u00e1tica e a pesquisa de assuntos p\u00fablicos. Publica pesquisas de diversas origens te\u00f3ricas, metodol\u00f3gicas e disciplinares que abordam t\u00f3picos relacionados aos assuntos e gest\u00e3o de organiza\u00e7\u00f5es p\u00fablicas e sem fins lucrativos.<\/p>\n<h4 class=\"h2\"><a href=\"https:\/\/www.emeraldgrouppublishing.com\/journal\/sej?distinct_id=18312f8aba92cf-0fc4c6dbb8ecf38-c565423-144000-18312f8abaa40a&amp;_ga=2.203083737.916106402.1662391165-1500557708.1650624332\">Social Enterprise Journal<\/a><\/h4>\n<p>A SEJ concentra-se, especificamente, no aspecto empresarial social da atividade empreendedora. Incentiva estudos interdisciplinares e cr\u00edticos sobre empresas sociais para aprofundar nossa compreens\u00e3o sobre a empresa social e o empreendedorismo social.<\/p>\n<h4><a href=\"https:\/\/www.degruyter.com\/journal\/key\/npf\/html\">Nonprofit Policy Forum<\/a><\/h4>\n<p>A revista publica investiga\u00e7\u00e3o e an\u00e1lise originais sobre quest\u00f5es de pol\u00edticas p\u00fablicas e o processo pol\u00edtico cr\u00edticos para o trabalho das organiza\u00e7\u00f5es sem fins lucrativos. Pretende ser um f\u00f3rum e uma fonte confi\u00e1vel e acess\u00edvel de informa\u00e7\u00f5es para acad\u00e9micos, l\u00edderes e decisores pol\u00edticos.<\/p>\n<h4><a href=\"https:\/\/revistas.uvigo.es\/index.php\/CES\">Cooperativismo e Economia Social<\/a><\/h4>\n<p>Revista publicada na Universidade de Vigo. O enfoque de CES \u00e9 prioritariamente jur\u00eddico, mas est\u00e1 tamb\u00e9m aberta a an\u00e1lises realizadas a partir de outras \u00f3ticas, como a economia, a gest\u00e3o e a sociolog\u00eda. Os idiomas oficiais da revista son o galego, o portugu\u00eas, o castelhano e o ingl\u00eas.<\/p>\n<h4><a href=\"https:\/\/jeodonline.com\/\">Jorunal of Entrepreneursial and Organisational Diversity<\/a><\/h4>\n<p>A revista aprofunda e expande o estudo de diferentes tipos de empresas e modelos organizacionais, incluindo (mas n\u00e3o limitado a) empresas com fins lucrativos, empresas sociais, cooperativas, m\u00fatuas, organiza\u00e7\u00f5es sem fins lucrativos e funda\u00e7\u00f5es. Coloca forte \u00eanfase nos seus contextos institucionais e socioecon\u00f3micos, bem como em suas caracter\u00edsticas organizacionais, pr\u00e1ticas, partes interessadas e o desenvolvimento de comunidades e localidades. \u00c9 publicada pela <a href=\"https:\/\/euricse.eu\/it\/\">EURICSE &#8211; Euricse \u2013 European Research Institute on Cooperatives and Social Enterpreises<\/a>.<\/p>\n<h4><a href=\"https:\/\/www.tandfonline.com\/action\/journalInformation?show=aimsScope&amp;journalCode=rjse20\">Journal of Social Entrepreneurship<\/a><\/h4>\n<p>Revista multidisciplinar que incentiva o trabalho em empreendedorismo social a partir de uma variedade de perspectivas acad\u00e9micas al\u00e9m das dos neg\u00f3cios e gest\u00e3o e considera que o empreendedorismo social tem muito a oferecer ao terceiro setor e ao setor p\u00fablico.<\/p>\n<h4><a href=\"https:\/\/pub.sinnergiak.org\/esir\/about\">European Public and Social Innovation Review<\/a><\/h4>\n<p>The<em> European Public &amp; Social Innovation Review<\/em> (<em>EPSIR<\/em>),\u00a0ISSN 2529-9824, is a fully <strong>peer reviewed<\/strong> and <strong>interdisciplinary biannual journal<\/strong> edited by SINNERGIAK SOCIAL INNOVATION (University of the Basque Country). It carries theoretical and empirical articles, case studies and provocative papers to disseminate new knowledge, practices and experiences in the <strong>social innovation<\/strong> field.<br \/>\n<em>EPSIR<\/em> is fully <strong>open access<\/strong> and its mission is to enable social innovation in industry, business, non-profit organizations, knowledge organizations and public sector through a serious theoretical and methodological inquiry, and explores implications for innovation policies and\/or social innovation management.<\/p>\n<p>Revista semestral interdisciplinar editada pela <a href=\"https:\/\/sinnergiak.org\/\">Sinnergiak Social Innovation<\/a> (Universidade do Pa\u00eds Basco). Traz artigos te\u00f3ricos e emp\u00edricos, estudos de caso e artigos provocativos para divulgar novos conhecimentos, pr\u00e1ticas e experi\u00eancias no campo da inova\u00e7\u00e3o social.<br \/>\nA sua miss\u00e3o \u00e9 permitir a inova\u00e7\u00e3o social na ind\u00fastria, neg\u00f3cios, organiza\u00e7\u00f5es sem fins lucrativos, organiza\u00e7\u00f5es do conhecimento e setor p\u00fablico.<\/p>\n<h4><a href=\"https:\/\/onlinelibrary.wiley.com\/journal\/15427854\">Nonprofit Management and Leadership<\/a><\/h4>\n<p>Cada edi\u00e7\u00e3o da NML oferece aos leitores as percep\u00e7\u00f5es dos principais estudiosos sobre as preocupa\u00e7\u00f5es comuns de gerentes, l\u00edderes e conselhos de organiza\u00e7\u00f5es sem fins lucrativos em todos os ambientes privados sem fins lucrativos, incluindo servi\u00e7os sociais, artes, educa\u00e7\u00e3o, funda\u00e7\u00f5es, desenvolvimento comunit\u00e1rio, religi\u00e3o e associa\u00e7\u00f5es de membros.<\/p>\n<h4><a href=\"http:\/\/www.recma.org\/la-revue\">Revue internationale de l&#8217;\u00e9conomie sociale (RECMA)<\/a><\/h4>\n<p>Publicada pela associa\u00e7\u00e3o <a href=\"https:\/\/www.recma.com\/about-recma\/\">RECMA<\/a>, \u00e9 uma revista que divulga trabalhos dedicados ao cooperativismo e \u00e0 economia social. A sua fun\u00e7\u00e3o \u00e9 incentivar e divulgar estudos e pesquisas nas ci\u00eancias sociais, econ\u00f3micas e jur\u00eddicas, relacionados com as organiza\u00e7\u00f5es de economia social na Fran\u00e7a, Europa e no mundo.<\/p>\n<h4><a href=\"https:\/\/www.socioeco.org\/bdf_organisme-362_pt.html\">Revista de Economia Solid\u00e1ria<\/a><\/h4>\n<p>Revista bianual a editada pela ACEESA &#8211; Associa\u00e7\u00e3o Centro de Estudos de Economia Solid\u00e1ria do Atl\u00e2ntico. Pretende dar conta das reflex\u00f5es te\u00f3ricas e das experi\u00eancias pr\u00e1ticas que se referem ao conceito de Economia Solid\u00e1ria nas quatro (cinco) regi\u00f5es da Macaron\u00e9sia e algures no mundo onde este conceito esteja referenciado.<\/p>\n<h4><a href=\"https:\/\/www.anser-ares.ca\/anser-j\/\">Canadian Journal of Nonprofit and Social Economy Research<\/a><\/h4>\n<p>O Canadian Journal of Nonprofit and Social Economy Research \/ Revue canadienne de recherche sur les OSBL et l\u2019\u00e9conomie sociale (ANSERJ) \u00e9 uma publica\u00e7\u00e3o online de acesso aberto em ingl\u00eas e franc\u00eas, publicado pela <a href=\"https:\/\/www.anser-ares.ca\/home\/\">ANSER-ARES &#8211; Association for Nonprofit and Social Economy Research<\/a>, no Canad\u00e1. Pretende disseminar investiga\u00e7\u00e3o sobre organiza\u00e7\u00f5es sem fins lucrativos e economia social.<\/p>\n<h4><a href=\"https:\/\/revistas.ucc.edu.co\/index.php\/co\/about\">Cooperativismo y Desarollo<\/a><\/h4>\n<p>A revista, do Instituto de Economia Social y Cooperativismo, da Universidade Cooperativa da Col\u00f4mbia, visa difundir o conhecimento na \u00e1rea das ci\u00eancias sociais com foco no desenvolvimento territorial, economias alternativas e outras formas de economia (social, solid\u00e1ria e cooperativa) , contribuindo para a gera\u00e7\u00e3o de conhecimento cient\u00edfico e articulado com as comunidades acad\u00e9micas e cient\u00edficas, com proje\u00e7\u00e3o e abrang\u00eancia internacionais.<\/p>\n<p>&nbsp;<\/p>\n<h3>Outras publica\u00e7\u00f5es especializadas<\/h3>\n<p><a href=\"https:\/\/www.ciriec.uliege.be\/en\/publications\/wp\/\">Working papers CIRIEC Internacional<\/a><\/p>\n<p><a href=\"https:\/\/emes.net\/publication-categories\/conference-papers\/\">EMES Conferences Selected Papers<\/a><\/p>\n<p><a href=\"https:\/\/euricse.eu\/publications-list\/?search=&amp;argument=&amp;organization=&amp;category=working-papers\">EURICSE Working Papers<\/a><\/p>\n<p><a href=\"https:\/\/crises.uqam.ca\/publication\/cahiers-du-crises\/\">Cahiers du CRISES<\/a><\/p>\n<h3><\/h3>\n<p>&nbsp;<\/p>\n<\/div>\n<\/div>\n<\/div>\n<\/div>\n<\/div>\n","protected":false},"excerpt":{"rendered":"<p>Informa\u00e7\u00e3o sobre associa\u00e7\u00f5es de investiga\u00e7\u00e3o e revistas cient\u00edficas nas \u00e1reas de interesse da ST (EM DESENVOLVIMENTO) &nbsp; Revistas especializadas VOLUNTAS: International Journal of Voluntary and Nonprofit Organizations Voluntas, a revista oficial da International Society for Third-Sector Research (ISTR), \u00e9 um peri\u00f3dico interdisciplinar que fornece um f\u00f3rum para sinvestiga\u00e7\u00e3o na \u00e1rea entre os sectores do Estado, <a href=\"https:\/\/stnr.aps.pt\/sceav\/associacoes-e-revistas\/\"> [&#8230;]<\/a><\/p>\n","protected":false},"author":17,"featured_media":0,"parent":0,"menu_order":0,"comment_status":"closed","ping_status":"closed","template":"","meta":{"footnotes":""},"class_list":["post-770","page","type-page","status-publish","hentry"],"_links":{"self":[{"href":"https:\/\/stnr.aps.pt\/sceav\/wp-json\/wp\/v2\/pages\/770","targetHints":{"allow":["GET"]}}],"collection":[{"href":"https:\/\/stnr.aps.pt\/sceav\/wp-json\/wp\/v2\/pages"}],"about":[{"href":"https:\/\/stnr.aps.pt\/sceav\/wp-json\/wp\/v2\/types\/page"}],"author":[{"embeddable":true,"href":"https:\/\/stnr.aps.pt\/sceav\/wp-json\/wp\/v2\/users\/17"}],"replies":[{"embeddable":true,"href":"https:\/\/stnr.aps.pt\/sceav\/wp-json\/wp\/v2\/comments?post=770"}],"version-history":[{"count":5,"href":"https:\/\/stnr.aps.pt\/sceav\/wp-json\/wp\/v2\/pages\/770\/revisions"}],"predecessor-version":[{"id":776,"href":"https:\/\/stnr.aps.pt\/sceav\/wp-json\/wp\/v2\/pages\/770\/revisions\/776"}],"wp:attachment":[{"href":"https:\/\/stnr.aps.pt\/sceav\/wp-json\/wp\/v2\/media?parent=770"}],"curies":[{"name":"wp","href":"https:\/\/api.w.org\/{rel}","templated":true}]}}