{"id":561,"date":"2021-12-03T13:53:40","date_gmt":"2021-12-03T13:53:40","guid":{"rendered":"https:\/\/stnr.aps.pt\/sceav\/?page_id=561"},"modified":"2022-07-12T17:45:23","modified_gmt":"2022-07-12T17:45:23","slug":"noticias","status":"publish","type":"page","link":"https:\/\/stnr.aps.pt\/sceav\/noticias\/","title":{"rendered":"not\u00edcias da ST"},"content":{"rendered":"<div class=\"fusion-fullwidth fullwidth-box fusion-builder-row-1 fusion-flex-container nonhundred-percent-fullwidth non-hundred-percent-height-scrolling\" style=\"--awb-border-radius-top-left:0px;--awb-border-radius-top-right:0px;--awb-border-radius-bottom-right:0px;--awb-border-radius-bottom-left:0px;--awb-flex-wrap:wrap;\" ><div class=\"fusion-builder-row fusion-row fusion-flex-align-items-flex-start fusion-flex-content-wrap\" style=\"max-width:1144px;margin-left: calc(-4% \/ 2 );margin-right: calc(-4% \/ 2 );\"><div class=\"fusion-layout-column fusion_builder_column fusion-builder-column-0 fusion_builder_column_1_1 1_1 fusion-flex-column\" style=\"--awb-bg-size:cover;--awb-width-large:100%;--awb-margin-top-large:0px;--awb-spacing-right-large:1.92%;--awb-margin-bottom-large:20px;--awb-spacing-left-large:1.92%;--awb-width-medium:100%;--awb-order-medium:0;--awb-spacing-right-medium:1.92%;--awb-spacing-left-medium:1.92%;--awb-width-small:100%;--awb-order-small:0;--awb-spacing-right-small:1.92%;--awb-spacing-left-small:1.92%;\"><div class=\"fusion-column-wrapper fusion-column-has-shadow fusion-flex-justify-content-flex-start fusion-content-layout-column\"><div class=\"fusion-widget-area awb-widget-area-element fusion-widget-area-1 fusion-content-widget-area\" style=\"--awb-title-size:13px;--awb-title-color:#333333;--awb-padding:0px 0px 0px 0px;\"><div id=\"search-5\" class=\"widget widget_search\" style=\"border-style: solid;border-color:transparent;border-width:0px;\">\t\t<form role=\"search\" class=\"searchform fusion-search-form  fusion-search-form-classic\" method=\"get\" action=\"https:\/\/stnr.aps.pt\/sceav\/\">\n\t\t\t<div class=\"fusion-search-form-content\">\n\n\t\t\t\t\n\t\t\t\t<div class=\"fusion-search-field search-field\">\n\t\t\t\t\t<label><span class=\"screen-reader-text\">Pesquisar<\/span>\n\t\t\t\t\t\t\t\t\t\t\t\t\t<input type=\"search\" value=\"\" name=\"s\" class=\"s\" placeholder=\"Pesquisar...\" required aria-required=\"true\" aria-label=\"Pesquisar...\"\/>\n\t\t\t\t\t\t\t\t\t\t\t<\/label>\n\t\t\t\t<\/div>\n\t\t\t\t<div class=\"fusion-search-button search-button\">\n\t\t\t\t\t<input type=\"submit\" class=\"fusion-search-submit searchsubmit\" aria-label=\"Pesquisar\" value=\"&#xf002;\" \/>\n\t\t\t\t\t\t\t\t\t<\/div>\n\n\t\t\t\t\n\t\t\t<\/div>\n\n\n\t\t\t\n\t\t<\/form>\n\t\t<\/div><div class=\"fusion-additional-widget-content\"><\/div><\/div><div class=\"fusion-blog-shortcode fusion-blog-shortcode-1 fusion-blog-archive fusion-blog-layout-grid-wrapper fusion-blog-pagination\"><style type=\"text\/css\">.fusion-blog-shortcode-1 .fusion-blog-layout-grid .fusion-post-grid{padding:20px;}.fusion-blog-shortcode-1 .fusion-posts-container{margin-left: -20px !important; margin-right:-20px !important;}<\/style><div class=\"fusion-posts-container fusion-posts-container-pagination fusion-blog-rollover fusion-blog-layout-grid fusion-blog-layout-grid-4 isotope fusion-blog-equal-heights\" data-pages=\"5\" data-grid-col-space=\"40\" style=\"margin: -20px -20px 0;min-height:500px;\"><article id=\"blog-1-post-1125\" class=\"fusion-post-grid post-1125 post type-post status-publish format-standard hentry category-noticias\">\n<div class=\"fusion-post-wrapper\" style=\"background-color:rgba(255,255,255,0);border:1px solid #ebeaea;border-bottom-width:3px;\">\n\n<div class=\"fusion-post-content-wrapper\" style=\"padding:30px 25px 20px 25px;\"><div class=\"fusion-post-content post-content\"><h2 class=\"blog-shortcode-post-title entry-title\"><a href=\"https:\/\/stnr.aps.pt\/sceav\/estrategia-nacional-para-a-economia-social\/\">Estrat\u00e9gia Nacional Para a Economia Social<\/a><\/h2><p class=\"fusion-single-line-meta\"><span class=\"vcard\" style=\"display: none;\"><span class=\"fn\"><a href=\"https:\/\/stnr.aps.pt\/sceav\/author\/sceav\/\" title=\"Artigos de sceav\" rel=\"author\">sceav<\/a><\/span><\/span><span class=\"updated\" style=\"display:none;\">2026-03-25T12:20:13+00:00<\/span><span>25 Mar\u00e7o 2026<\/span><span class=\"fusion-inline-sep\">|<\/span><\/p><div class=\"fusion-content-sep sep-double sep-solid\"><\/div><div class=\"fusion-post-content-container\"><p>A CASES \u2013 Cooperativa Ant\u00f3nio S\u00e9rgio para a Economia Social<a href=\"https:\/\/stnr.aps.pt\/sceav\/estrategia-nacional-para-a-economia-social\/\"> [...]<\/a><\/p><\/div><\/div><div class=\"fusion-meta-info\"><div class=\"fusion-alignleft\"><a class=\"fusion-read-more\" href=\"https:\/\/stnr.aps.pt\/sceav\/estrategia-nacional-para-a-economia-social\/\" aria-label=\"More on Estrat\u00e9gia Nacional Para a Economia Social\">Read More<\/a><\/div><\/div><\/div><div class=\"fusion-clearfix\"><\/div><\/div>\n<\/article>\n<article id=\"blog-1-post-1122\" class=\"fusion-post-grid post-1122 post type-post status-publish format-standard hentry category-noticias\">\n<div class=\"fusion-post-wrapper\" style=\"background-color:rgba(255,255,255,0);border:1px solid #ebeaea;border-bottom-width:3px;\">\n\n<div class=\"fusion-post-content-wrapper\" style=\"padding:30px 25px 20px 25px;\"><div class=\"fusion-post-content post-content\"><h2 class=\"blog-shortcode-post-title entry-title\"><a href=\"https:\/\/stnr.aps.pt\/sceav\/curso-nacional-de-economia-solidaria-brasil-economia-solidaria-potencial-e-dimensoes\/\">Curso Nacional de Economia Solid\u00e1ria (Brasil): Economia Solid\u00e1ria: Potencial e Dimens\u00f5es<\/a><\/h2><p class=\"fusion-single-line-meta\"><span class=\"vcard\" style=\"display: none;\"><span class=\"fn\"><a href=\"https:\/\/stnr.aps.pt\/sceav\/author\/sceav\/\" title=\"Artigos de sceav\" rel=\"author\">sceav<\/a><\/span><\/span><span class=\"updated\" style=\"display:none;\">2026-03-25T12:06:58+00:00<\/span><span>25 Mar\u00e7o 2026<\/span><span class=\"fusion-inline-sep\">|<\/span><\/p><div class=\"fusion-content-sep sep-double sep-solid\"><\/div><div class=\"fusion-post-content-container\"><p>Curso on-line, gratuito, com certificado: Economia Solid\u00e1ria: Significado e Dimens\u00f5es<a href=\"https:\/\/stnr.aps.pt\/sceav\/curso-nacional-de-economia-solidaria-brasil-economia-solidaria-potencial-e-dimensoes\/\"> [...]<\/a><\/p><\/div><\/div><div class=\"fusion-meta-info\"><div class=\"fusion-alignleft\"><a class=\"fusion-read-more\" href=\"https:\/\/stnr.aps.pt\/sceav\/curso-nacional-de-economia-solidaria-brasil-economia-solidaria-potencial-e-dimensoes\/\" aria-label=\"More on Curso Nacional de Economia Solid\u00e1ria (Brasil): Economia Solid\u00e1ria: Potencial e Dimens\u00f5es\">Read More<\/a><\/div><\/div><\/div><div class=\"fusion-clearfix\"><\/div><\/div>\n<\/article>\n<article id=\"blog-1-post-1115\" class=\"fusion-post-grid post-1115 post type-post status-publish format-standard hentry category-noticias\">\n<div class=\"fusion-post-wrapper\" style=\"background-color:rgba(255,255,255,0);border:1px solid #ebeaea;border-bottom-width:3px;\">\n\n<div class=\"fusion-post-content-wrapper\" style=\"padding:30px 25px 20px 25px;\"><div class=\"fusion-post-content post-content\"><h2 class=\"blog-shortcode-post-title entry-title\"><a href=\"https:\/\/stnr.aps.pt\/sceav\/grupo-de-discussao-sobre-praticas-profissionais-da-sociologia-em-coimbra\/\">Grupo de discuss\u00e3o sobre pr\u00e1ticas profissionais da sociologia em Coimbra<\/a><\/h2><p class=\"fusion-single-line-meta\"><span class=\"vcard\" style=\"display: none;\"><span class=\"fn\"><a href=\"https:\/\/stnr.aps.pt\/sceav\/author\/sceav\/\" title=\"Artigos de sceav\" rel=\"author\">sceav<\/a><\/span><\/span><span class=\"updated\" style=\"display:none;\">2026-03-19T12:06:54+00:00<\/span><span>19 Mar\u00e7o 2026<\/span><span class=\"fusion-inline-sep\">|<\/span><\/p><div class=\"fusion-content-sep sep-double sep-solid\"><\/div><div class=\"fusion-post-content-container\"><p>A sec\u00e7\u00e3o tem\u00e1tica Sociedade Civil, Economias Alternativas e Voluntariado (SCEAV),\u00a0da<a href=\"https:\/\/stnr.aps.pt\/sceav\/grupo-de-discussao-sobre-praticas-profissionais-da-sociologia-em-coimbra\/\"> [...]<\/a><\/p><\/div><\/div><div class=\"fusion-meta-info\"><div class=\"fusion-alignleft\"><a class=\"fusion-read-more\" href=\"https:\/\/stnr.aps.pt\/sceav\/grupo-de-discussao-sobre-praticas-profissionais-da-sociologia-em-coimbra\/\" aria-label=\"More on Grupo de discuss\u00e3o sobre pr\u00e1ticas profissionais da sociologia em Coimbra\">Read More<\/a><\/div><\/div><\/div><div class=\"fusion-clearfix\"><\/div><\/div>\n<\/article>\n<article id=\"blog-1-post-1110\" class=\"fusion-post-grid post-1110 post type-post status-publish format-standard hentry category-noticias\">\n<div class=\"fusion-post-wrapper\" style=\"background-color:rgba(255,255,255,0);border:1px solid #ebeaea;border-bottom-width:3px;\">\n\n<div class=\"fusion-post-content-wrapper\" style=\"padding:30px 25px 20px 25px;\"><div class=\"fusion-post-content post-content\"><h2 class=\"blog-shortcode-post-title entry-title\"><a href=\"https:\/\/stnr.aps.pt\/sceav\/grupo-de-discussao-sobre-praticas-profissionais-da-sociologia-no-algarve\/\">Grupo de discuss\u00e3o sobre pr\u00e1ticas profissionais da sociologia no Algarve<\/a><\/h2><p class=\"fusion-single-line-meta\"><span class=\"vcard\" style=\"display: none;\"><span class=\"fn\"><a href=\"https:\/\/stnr.aps.pt\/sceav\/author\/sceav\/\" title=\"Artigos de sceav\" rel=\"author\">sceav<\/a><\/span><\/span><span class=\"updated\" style=\"display:none;\">2026-02-23T13:05:01+00:00<\/span><span>5 Fevereiro 2026<\/span><span class=\"fusion-inline-sep\">|<\/span><\/p><div class=\"fusion-content-sep sep-double sep-solid\"><\/div><div class=\"fusion-post-content-container\"><p>Investiga\u00e7\u00e3o sobre as pr\u00e1ticas de profissionais de sociologia que trabalham<a href=\"https:\/\/stnr.aps.pt\/sceav\/grupo-de-discussao-sobre-praticas-profissionais-da-sociologia-no-algarve\/\"> [...]<\/a><\/p><\/div><\/div><div class=\"fusion-meta-info\"><div class=\"fusion-alignleft\"><a class=\"fusion-read-more\" href=\"https:\/\/stnr.aps.pt\/sceav\/grupo-de-discussao-sobre-praticas-profissionais-da-sociologia-no-algarve\/\" aria-label=\"More on Grupo de discuss\u00e3o sobre pr\u00e1ticas profissionais da sociologia no Algarve\">Read More<\/a><\/div><\/div><\/div><div class=\"fusion-clearfix\"><\/div><\/div>\n<\/article>\n<article id=\"blog-1-post-1120\" class=\"fusion-post-grid post-1120 post type-post status-publish format-standard hentry category-noticias\">\n<div class=\"fusion-post-wrapper\" style=\"background-color:rgba(255,255,255,0);border:1px solid #ebeaea;border-bottom-width:3px;\">\n\n<div class=\"fusion-post-content-wrapper\" style=\"padding:30px 25px 20px 25px;\"><div class=\"fusion-post-content post-content\"><h2 class=\"blog-shortcode-post-title entry-title\"><a href=\"https:\/\/stnr.aps.pt\/sceav\/17a-conferencia-da-international-society-for-third-sector-research\/\">17\u00aa Confer\u00eancia da International Society for Third Sector Research<\/a><\/h2><p class=\"fusion-single-line-meta\"><span class=\"vcard\" style=\"display: none;\"><span class=\"fn\"><a href=\"https:\/\/stnr.aps.pt\/sceav\/author\/sceav\/\" title=\"Artigos de sceav\" rel=\"author\">sceav<\/a><\/span><\/span><span class=\"updated\" style=\"display:none;\">2026-03-19T12:24:55+00:00<\/span><span>19 Janeiro 2026<\/span><span class=\"fusion-inline-sep\">|<\/span><\/p><div class=\"fusion-content-sep sep-double sep-solid\"><\/div><div class=\"fusion-post-content-container\"><p>Entre 14 e 17 de julho realizar-se-\u00e1 a 17* Confer\u00eancia<a href=\"https:\/\/stnr.aps.pt\/sceav\/17a-conferencia-da-international-society-for-third-sector-research\/\"> [...]<\/a><\/p><\/div><\/div><div class=\"fusion-meta-info\"><div class=\"fusion-alignleft\"><a class=\"fusion-read-more\" href=\"https:\/\/stnr.aps.pt\/sceav\/17a-conferencia-da-international-society-for-third-sector-research\/\" aria-label=\"More on 17\u00aa Confer\u00eancia da International Society for Third Sector Research\">Read More<\/a><\/div><\/div><\/div><div class=\"fusion-clearfix\"><\/div><\/div>\n<\/article>\n<article id=\"blog-1-post-1118\" class=\"fusion-post-grid post-1118 post type-post status-publish format-standard hentry category-noticias\">\n<div class=\"fusion-post-wrapper\" style=\"background-color:rgba(255,255,255,0);border:1px solid #ebeaea;border-bottom-width:3px;\">\n\n<div class=\"fusion-post-content-wrapper\" style=\"padding:30px 25px 20px 25px;\"><div class=\"fusion-post-content post-content\"><h2 class=\"blog-shortcode-post-title entry-title\"><a href=\"https:\/\/stnr.aps.pt\/sceav\/xi-coloquio-iberico-de-economia-social\/\">XI col\u00f3quio Ib\u00e9rico de Economia Social<\/a><\/h2><p class=\"fusion-single-line-meta\"><span class=\"vcard\" style=\"display: none;\"><span class=\"fn\"><a href=\"https:\/\/stnr.aps.pt\/sceav\/author\/sceav\/\" title=\"Artigos de sceav\" rel=\"author\">sceav<\/a><\/span><\/span><span class=\"updated\" style=\"display:none;\">2026-03-19T12:17:34+00:00<\/span><span>19 Janeiro 2026<\/span><span class=\"fusion-inline-sep\">|<\/span><\/p><div class=\"fusion-content-sep sep-double sep-solid\"><\/div><div class=\"fusion-post-content-container\"><p>Entre 27 a 29 de maio, realizar-se-\u00e1, nas Caldas da<a href=\"https:\/\/stnr.aps.pt\/sceav\/xi-coloquio-iberico-de-economia-social\/\"> [...]<\/a><\/p><\/div><\/div><div class=\"fusion-meta-info\"><div class=\"fusion-alignleft\"><a class=\"fusion-read-more\" href=\"https:\/\/stnr.aps.pt\/sceav\/xi-coloquio-iberico-de-economia-social\/\" aria-label=\"More on XI col\u00f3quio Ib\u00e9rico de Economia Social\">Read More<\/a><\/div><\/div><\/div><div class=\"fusion-clearfix\"><\/div><\/div>\n<\/article>\n<div class=\"fusion-clearfix\"><\/div><\/div><div class=\"pagination clearfix\"><span class=\"current\">1<\/span><a href=\"https:\/\/stnr.aps.pt\/sceav\/wp-json\/wp\/v2\/pages\/561\/page\/2\/\" class=\"inactive\">2<\/a><a class=\"pagination-next\" rel=\"next\" href=\"https:\/\/stnr.aps.pt\/sceav\/wp-json\/wp\/v2\/pages\/561\/page\/2\/\"><span class=\"page-text\">Seguinte<\/span><span class=\"page-next\"><\/span><\/a><\/div><div class=\"fusion-clearfix\"><\/div><\/div><\/div><\/div><\/div><\/div>\n","protected":false},"excerpt":{"rendered":"","protected":false},"author":4,"featured_media":0,"parent":0,"menu_order":0,"comment_status":"closed","ping_status":"closed","template":"","meta":{"footnotes":""},"class_list":["post-561","page","type-page","status-publish","hentry"],"_links":{"self":[{"href":"https:\/\/stnr.aps.pt\/sceav\/wp-json\/wp\/v2\/pages\/561","targetHints":{"allow":["GET"]}}],"collection":[{"href":"https:\/\/stnr.aps.pt\/sceav\/wp-json\/wp\/v2\/pages"}],"about":[{"href":"https:\/\/stnr.aps.pt\/sceav\/wp-json\/wp\/v2\/types\/page"}],"author":[{"embeddable":true,"href":"https:\/\/stnr.aps.pt\/sceav\/wp-json\/wp\/v2\/users\/4"}],"replies":[{"embeddable":true,"href":"https:\/\/stnr.aps.pt\/sceav\/wp-json\/wp\/v2\/comments?post=561"}],"version-history":[{"count":8,"href":"https:\/\/stnr.aps.pt\/sceav\/wp-json\/wp\/v2\/pages\/561\/revisions"}],"predecessor-version":[{"id":715,"href":"https:\/\/stnr.aps.pt\/sceav\/wp-json\/wp\/v2\/pages\/561\/revisions\/715"}],"wp:attachment":[{"href":"https:\/\/stnr.aps.pt\/sceav\/wp-json\/wp\/v2\/media?parent=561"}],"curies":[{"name":"wp","href":"https:\/\/api.w.org\/{rel}","templated":true}]}}