{"id":348,"date":"2021-07-01T16:45:40","date_gmt":"2021-07-01T16:45:40","guid":{"rendered":"https:\/\/stnr.aps.pt\/sceav\/?page_id=348"},"modified":"2022-10-16T22:45:15","modified_gmt":"2022-10-16T22:45:15","slug":"mensagem-de-boas-vindas","status":"publish","type":"page","link":"https:\/\/stnr.aps.pt\/sceav\/mensagem-de-boas-vindas\/","title":{"rendered":"mensagem de boas vindas"},"content":{"rendered":"<p>Sob proposta de oito s\u00f3cios da Associa\u00e7\u00e3o Portuguesa de Sociologia foi aprovada, em Assembleia Geral, uma nova sec\u00e7\u00e3o tem\u00e1tica que visa dar visibilidade a uma \u00e1rea de estudo tratado por v\u00e1rias disciplinas das ci\u00eancias sociais e humanas e onde a sociologia tem tido um papel proeminente.<\/p>\n<p>Esta \u00e1rea tem vindo a ser designada de in\u00fameras formas que variam de acordo com contextos, as unidades de an\u00e1lise e enfoque anal\u00edtico, Descreve o envolvimento dos indiv\u00edduos em sociedade, frequentemente de forma coletiva e mais ou menos organizada: organiza\u00e7\u00f5es n\u00e3o-governamentais, organiza\u00e7\u00f5es sem fins lucrativos, terceiro sector, economia social, economia solid\u00e1ria, economia popular e microempreendedorismo, empresas sociais, empreendedorismo social e coletivo, sector volunt\u00e1rio, militantes, ativistas, movimentos sociais, participa\u00e7\u00e3o c\u00edvica\u2026<\/p>\n<p>Se desde Alexis de Tocqueville, e a sua c\u00e9lebre viagem aos Estados Unidos, as associa\u00e7\u00f5es s\u00e3o um campo de interesse para os soci\u00f3logos, \u00e9 sobretudo nos anos 70 do s\u00e9culo XX e posteriormente em fases de crise econ\u00f3mica e de crise do sistema da democracia representativa que as formas alternativas de organiza\u00e7\u00e3o econ\u00f3mica e participa\u00e7\u00e3o c\u00edvica ganham impulso. A estrutura\u00e7\u00e3o deste \u201csector\u201d ocorre com a prolifera\u00e7\u00e3o de organiza\u00e7\u00f5es, a constitui\u00e7\u00e3o de redes e corpos federativos, a aten\u00e7\u00e3o dos governos e o envolvimento dos acad\u00e9micos. A t\u00edtulo de exemplo refira-se que no in\u00edcio dos anos 70, nos Estados Unidos surge a <em>ARNOVA &#8211;<\/em><em> Association for Research on Nonprofit Organizations and Voluntary Action<\/em> e, em Fran\u00e7a, nos anos 1986, estrutura-se a RECMA como <em>Revue des \u00e9tudes coop\u00e9ratives, mutualistes et associatives<\/em>. Mais tarde, em alguns pa\u00edses da Am\u00e9rica Latina e do Sul da Europa configuram-se movimentos e redes, frequentemente ligados \u00e0 universidade, de fortalecimento de outras formas de fazer economia, nomeadamente a partir de 2002, aquando da organiza\u00e7\u00e3o dos primeiros F\u00f3runs Sociais Mundiais em Porto Alegre, Brasil.<\/p>\n<p>A estrutura\u00e7\u00e3o deste campo tem sido acompanhada pelo interesse cient\u00edfico, traduzido no aumento de investiga\u00e7\u00e3o, publica\u00e7\u00f5es e associa\u00e7\u00f5es multidisciplinares de investigadores\/as. A aten\u00e7\u00e3o sociol\u00f3gica ao sector n\u00e3o lucrativo nota o significativo crescimento destas organiza\u00e7\u00f5es desde meados do s\u00e9culo XX, justificando-se um maior interesse por parte da sociologia (DiMaggio e Anheier 1990).<\/p>\n<p>As abordagens sociol\u00f3gicas ao sector n\u00e3o lucrativo, sobretudo nos EUA, t\u00eam sido enformadas pelas teorias neo-institucionalistas, os estudos organizacionais e teorias sobre capital social e participa\u00e7\u00e3o (Sager 2009), focando contextos, institui\u00e7\u00f5es, normas e valores, em alternativa \u00e0s abordagens da escolha racional. O enfoque na a\u00e7\u00e3o tem disso explorado, por exemplo, a partir das teorias dos campos (Barman 2016). Na Europa h\u00e1 uma importante tradi\u00e7\u00e3o do estudo do associativismo e das associa\u00e7\u00f5es (Meister, 1972; Laville e Sainsaulieu, 1997) e, desde Weber, h\u00e1 uma sociologia econ\u00f3mica que enquadra os conceitos de economia social e de economia solid\u00e1ria com \u00eanfase no encastramento da economia (Bidet 2009). Parsons, que perspetivava nas organiza\u00e7\u00f5es volunt\u00e1rias a fun\u00e7\u00e3o de integra\u00e7\u00e3o, inspira a ideia de um sector espec\u00edfico e a <em>Gesellschaft<\/em> de Tonnies, ou a solidariedade, em Durhkeim contribuem para a ideia de um sector da sociedade civil.<\/p>\n<p>Em Portugal, vemos tamb\u00e9m desabrochar no \u00faltimo quarto do s\u00e9culo XX organiza\u00e7\u00f5es, grupos e mobiliza\u00e7\u00f5es mais ou menos espont\u00e2neas, estimuladas ainda pelo contexto da Revolu\u00e7\u00e3o que p\u00f4s fim \u00e0 ditadura, assim como alguns estudos nas emergentes ci\u00eancias sociais. Mas s\u00f3 mais tarde \u00e9 que podemos dizer que o campo se imp\u00f5e, quer porque proliferam associa\u00e7\u00f5es, grupos informais e movimentos sociais quer porque surge um oferta formativa significativa, quer por haver uma massa cr\u00edtica crescente de pessoas que se dedica de forma mais ou menos sistem\u00e1tica ao seu estudo.<\/p>\n<p>A heterogeneidade deste campo de estudo \u00e9 uma das causas da sua lenta afirma\u00e7\u00e3o. Trata-se de um campo multidisciplinar e transdisciplinar, pois tamb\u00e9m economistas, polit\u00f3logos\/as e muitos outros\/as se t\u00eam debru\u00e7ado sobre ele. O enfoque nestes conceitos atravessa fronteiras disciplinares, e muitos dos seus objetos de estudo s\u00e3o tratados em v\u00e1rios ramos da sociologia, mas \u00e9 indubit\u00e1vel que a sociologia tem tido um papel central no estudo destes conceitos e realidades emp\u00edricas.<\/p>\n<p>Ao longo dos anos, profissionais, investigadores\/as e professores\/as desta \u00e1rea t\u00eam encontrado na APS um espa\u00e7o para apresentar o seu trabalho e discutir as suas pr\u00e1ticas, enquadrados\/as em v\u00e1rias \u00e1reas tem\u00e1ticas. Ao criar este espa\u00e7o especializado de debate na APS estamos em crer que contribuiremos, ainda que modestamente, para a afirma\u00e7\u00e3o da sociologia e para o crescimento da APS.<\/p>\n","protected":false},"excerpt":{"rendered":"<p>Sob proposta de oito s\u00f3cios da Associa\u00e7\u00e3o Portuguesa de Sociologia foi aprovada, em Assembleia Geral, uma nova sec\u00e7\u00e3o tem\u00e1tica que visa dar visibilidade a uma \u00e1rea de estudo tratado por v\u00e1rias disciplinas das ci\u00eancias sociais e humanas e onde a sociologia tem tido um papel proeminente. Esta \u00e1rea tem vindo a ser designada de in\u00fameras <a href=\"https:\/\/stnr.aps.pt\/sceav\/mensagem-de-boas-vindas\/\"> [&#8230;]<\/a><\/p>\n","protected":false},"author":4,"featured_media":0,"parent":0,"menu_order":0,"comment_status":"closed","ping_status":"closed","template":"","meta":{"footnotes":""},"class_list":["post-348","page","type-page","status-publish","hentry"],"_links":{"self":[{"href":"https:\/\/stnr.aps.pt\/sceav\/wp-json\/wp\/v2\/pages\/348","targetHints":{"allow":["GET"]}}],"collection":[{"href":"https:\/\/stnr.aps.pt\/sceav\/wp-json\/wp\/v2\/pages"}],"about":[{"href":"https:\/\/stnr.aps.pt\/sceav\/wp-json\/wp\/v2\/types\/page"}],"author":[{"embeddable":true,"href":"https:\/\/stnr.aps.pt\/sceav\/wp-json\/wp\/v2\/users\/4"}],"replies":[{"embeddable":true,"href":"https:\/\/stnr.aps.pt\/sceav\/wp-json\/wp\/v2\/comments?post=348"}],"version-history":[{"count":3,"href":"https:\/\/stnr.aps.pt\/sceav\/wp-json\/wp\/v2\/pages\/348\/revisions"}],"predecessor-version":[{"id":833,"href":"https:\/\/stnr.aps.pt\/sceav\/wp-json\/wp\/v2\/pages\/348\/revisions\/833"}],"wp:attachment":[{"href":"https:\/\/stnr.aps.pt\/sceav\/wp-json\/wp\/v2\/media?parent=348"}],"curies":[{"name":"wp","href":"https:\/\/api.w.org\/{rel}","templated":true}]}}