{"id":178,"date":"2021-06-23T14:22:50","date_gmt":"2021-06-23T14:22:50","guid":{"rendered":"https:\/\/stnr.aps.pt\/sceav\/?page_id=178"},"modified":"2021-07-01T15:45:12","modified_gmt":"2021-07-01T15:45:12","slug":"congresso-portugues-de-sociologia","status":"publish","type":"page","link":"https:\/\/stnr.aps.pt\/sceav\/congresso-portugues-de-sociologia\/","title":{"rendered":"congresso APS"},"content":{"rendered":"<p><div class=\"fusion-fullwidth fullwidth-box fusion-builder-row-1 fusion-flex-container nonhundred-percent-fullwidth non-hundred-percent-height-scrolling\" style=\"--awb-border-radius-top-left:0px;--awb-border-radius-top-right:0px;--awb-border-radius-bottom-right:0px;--awb-border-radius-bottom-left:0px;--awb-flex-wrap:wrap;\" ><div class=\"fusion-builder-row fusion-row fusion-flex-align-items-flex-start fusion-flex-content-wrap\" style=\"max-width:1144px;margin-left: calc(-4% \/ 2 );margin-right: calc(-4% \/ 2 );\"><div class=\"fusion-layout-column fusion_builder_column fusion-builder-column-0 fusion_builder_column_1_1 1_1 fusion-flex-column\" style=\"--awb-bg-size:cover;--awb-width-large:100%;--awb-margin-top-large:0px;--awb-spacing-right-large:1.92%;--awb-margin-bottom-large:20px;--awb-spacing-left-large:1.92%;--awb-width-medium:100%;--awb-order-medium:0;--awb-spacing-right-medium:1.92%;--awb-spacing-left-medium:1.92%;--awb-width-small:100%;--awb-order-small:0;--awb-spacing-right-small:1.92%;--awb-spacing-left-small:1.92%;\"><div class=\"fusion-column-wrapper fusion-column-has-shadow fusion-flex-justify-content-flex-start fusion-content-layout-column\"><div class=\"fusion-text fusion-text-1\"><p>O Congresso Portugu\u00eas de Sociologia da APS realiza-se de dois em dois anos e constitui o mais importante evento sociol\u00f3gico nacional e um momento alto da agenda cultural e cient\u00edfica das ci\u00eancias sociais em geral.<\/p>\n<p>As coordena\u00e7\u00f5es das Sec\u00e7\u00f5es Tem\u00e1ticas fazem a\u00a0<em>call for papers<\/em>\u00a0espec\u00edfica da respetiva \u00e1rea tem\u00e1tica, avaliam as propostas submetidas e organizam as sess\u00f5es dos trabalhos apresentados no congresso.<\/p>\n<p><a href=\"https:\/\/aps.pt\/pt\/congresso-portugues-sociologia\/\" target=\"_blank\" rel=\"noopener noreferrer\">Visite as v\u00e1rias edi\u00e7\u00f5es do Congresso Portugu\u00eas de Sociologia.<\/a><\/p>\n<\/div><div class=\"fusion-separator fusion-full-width-sep\" style=\"align-self: center;margin-left: auto;margin-right: auto;width:100%;\"><\/div><div class=\"fusion-text fusion-text-2\"><p><a href=\"https:\/\/xi-congresso-aps.eventqualia.net\/pt\/2020\/inicio\/\" target=\"_blank\" rel=\"noopener noreferrer\"><strong><img decoding=\"async\" class=\"lazyload size-medium wp-image-180 alignleft\" src=\"data:image\/svg+xml,%3Csvg%20xmlns%3D%27http%3A%2F%2Fwww.w3.org%2F2000%2Fsvg%27%20width%3D%27300%27%20height%3D%27157%27%20viewBox%3D%270%200%20300%20157%27%3E%3Crect%20width%3D%27300%27%20height%3D%27157%27%20fill-opacity%3D%220%22%2F%3E%3C%2Fsvg%3E\" data-orig-src=\"https:\/\/stnr.aps.pt\/sceav\/wp-content\/uploads\/sites\/31\/2021\/06\/XI-Congresso_Banner_site-300x157.jpg\" alt=\"\" width=\"300\" height=\"157\" \/>XI Congresso Portugu\u00eas de Sociologia<\/strong><\/a>\u00a0<strong style=\"font-size: 16px;\">\u2013 <em>Identidades ao Rubro: diferen\u00e7as, perten\u00e7as e populismos num mundo efervescente<\/em><\/strong><\/p>\n<p><strong>29 \u2013 31 mar\u00e7o, 2021 | Online<\/strong><\/p>\n<p>Lisboa | ESPP\/ISCTE-IUL \u2013 ICS-ULisboa\u00a0 |\u00a0 Veja a <strong>call<\/strong> da ST Ambiente e Sociedade <strong><a href=\"https:\/\/drive.google.com\/file\/d\/1wsdF7gxcNDyVgu_0nIVUwkJbtjClxbcB\/view?usp=sharing\" target=\"_blank\" rel=\"noopener noreferrer\">[PT]<\/a><\/strong> \u2013 <strong><a href=\"https:\/\/drive.google.com\/file\/d\/1kOWi5uBYPgDNrXSAEQXSDLCFQC8MP7WD\/view?usp=sharing\" target=\"_blank\" rel=\"noopener noreferrer\">[EN]<\/a><\/strong><\/p>\n<\/div><div class=\"fusion-separator fusion-full-width-sep\" style=\"align-self: center;margin-left: auto;margin-right: auto;width:100%;\"><\/div><\/div><\/div><\/div><\/div><div class=\"fusion-fullwidth fullwidth-box fusion-builder-row-2 fusion-flex-container nonhundred-percent-fullwidth non-hundred-percent-height-scrolling\" style=\"--awb-border-radius-top-left:0px;--awb-border-radius-top-right:0px;--awb-border-radius-bottom-right:0px;--awb-border-radius-bottom-left:0px;--awb-flex-wrap:wrap;\" ><div class=\"fusion-builder-row fusion-row fusion-flex-align-items-flex-start fusion-flex-content-wrap\" style=\"max-width:1144px;margin-left: calc(-4% \/ 2 );margin-right: calc(-4% \/ 2 );\"><div class=\"fusion-layout-column fusion_builder_column fusion-builder-column-1 fusion_builder_column_1_1 1_1 fusion-flex-column\" style=\"--awb-bg-size:cover;--awb-width-large:100%;--awb-margin-top-large:0px;--awb-spacing-right-large:1.92%;--awb-margin-bottom-large:20px;--awb-spacing-left-large:1.92%;--awb-width-medium:100%;--awb-order-medium:0;--awb-spacing-right-medium:1.92%;--awb-spacing-left-medium:1.92%;--awb-width-small:100%;--awb-order-small:0;--awb-spacing-right-small:1.92%;--awb-spacing-left-small:1.92%;\"><div class=\"fusion-column-wrapper fusion-column-has-shadow fusion-flex-justify-content-flex-start fusion-content-layout-column\"><div class=\"fusion-text fusion-text-3\"><p><strong><a href=\"https:\/\/aps.pt\/pt\/x-congresso-portugues-de-sociologia\/\" target=\"_blank\" rel=\"noopener noreferrer\"><img decoding=\"async\" class=\"lazyload  wp-image-181 alignleft\" src=\"data:image\/svg+xml,%3Csvg%20xmlns%3D%27http%3A%2F%2Fwww.w3.org%2F2000%2Fsvg%27%20width%3D%27153%27%20height%3D%27217%27%20viewBox%3D%270%200%20153%20217%27%3E%3Crect%20width%3D%27153%27%20height%3D%27217%27%20fill-opacity%3D%220%22%2F%3E%3C%2Fsvg%3E\" data-orig-src=\"https:\/\/stnr.aps.pt\/sceav\/wp-content\/uploads\/sites\/31\/2021\/06\/Cartaz_X_Congresso_Final_site-212x300.jpg\" alt=\"\" width=\"153\" height=\"217\" \/><\/a><\/strong><\/p>\n<p><strong><a href=\"https:\/\/aps.pt\/pt\/x-congresso-portugues-de-sociologia\/\" target=\"_blank\" rel=\"noopener noreferrer\">X Congresso Portugu\u00eas de Sociologia<\/a>\u00a0\u2013 Covilh\u00e3 | UBI | 10 a 12 de Julho de 2018\u00a0<\/strong><\/p>\n<p>Veja\u00a0<a href=\"https:\/\/aps.pt\/wp-content\/uploads\/2017\/11\/X-Congresso_Call_Ambiente_A.pdf\" target=\"_blank\" rel=\"noopener noreferrer\">aqui<\/a> a chamada espe<\/p>\n<\/div><\/div><\/div><\/div><\/div><\/p>\n","protected":false},"excerpt":{"rendered":"","protected":false},"author":4,"featured_media":0,"parent":0,"menu_order":0,"comment_status":"closed","ping_status":"closed","template":"","meta":{"footnotes":""},"class_list":["post-178","page","type-page","status-publish","hentry"],"_links":{"self":[{"href":"https:\/\/stnr.aps.pt\/sceav\/wp-json\/wp\/v2\/pages\/178","targetHints":{"allow":["GET"]}}],"collection":[{"href":"https:\/\/stnr.aps.pt\/sceav\/wp-json\/wp\/v2\/pages"}],"about":[{"href":"https:\/\/stnr.aps.pt\/sceav\/wp-json\/wp\/v2\/types\/page"}],"author":[{"embeddable":true,"href":"https:\/\/stnr.aps.pt\/sceav\/wp-json\/wp\/v2\/users\/4"}],"replies":[{"embeddable":true,"href":"https:\/\/stnr.aps.pt\/sceav\/wp-json\/wp\/v2\/comments?post=178"}],"version-history":[{"count":9,"href":"https:\/\/stnr.aps.pt\/sceav\/wp-json\/wp\/v2\/pages\/178\/revisions"}],"predecessor-version":[{"id":342,"href":"https:\/\/stnr.aps.pt\/sceav\/wp-json\/wp\/v2\/pages\/178\/revisions\/342"}],"wp:attachment":[{"href":"https:\/\/stnr.aps.pt\/sceav\/wp-json\/wp\/v2\/media?parent=178"}],"curies":[{"name":"wp","href":"https:\/\/api.w.org\/{rel}","templated":true}]}}