{"id":863,"date":"2024-09-23T10:25:54","date_gmt":"2024-09-23T10:25:54","guid":{"rendered":"https:\/\/stnr.aps.pt\/pobreza-exclusao-politicas-sociais\/?page_id=863"},"modified":"2024-10-28T17:07:45","modified_gmt":"2024-10-28T17:07:45","slug":"inscricao-coloquio-st-pobreza-2024","status":"publish","type":"page","link":"https:\/\/stnr.aps.pt\/pobreza-exclusao-politicas-sociais\/inscricao-coloquio-st-pobreza-2024\/","title":{"rendered":"Inscri\u00e7\u00e3o Col\u00f3quio ST Pobreza 2024"},"content":{"rendered":"<p><strong>Col\u00f3quio &#8220;Pobreza, Exclus\u00e3o Social e Pol\u00edticas P\u00fablicas: Tend\u00eancias e respostas numa perspetiva de curso de vida&#8221; | Inscri\u00e7\u00f5es para assistir presencialmente encerradas! Pode inscrever-se para assisitir online. No dia do col\u00f3quio deve aceder \u00e0 p\u00e1gina de YouTube do CICS.NOVA.UAc em <a href=\"https:\/\/www.youtube.com\/@cics_nova\">https:\/\/www.youtube.com\/@cics_nova<\/a><\/strong><\/p>\r\n","protected":false},"excerpt":{"rendered":"<p>Col\u00f3quio &#8220;Pobreza, Exclus\u00e3o Social e Pol\u00edticas P\u00fablicas: Tend\u00eancias e respostas numa perspetiva de curso de vida&#8221; | Inscri\u00e7\u00f5es para assistir presencialmente encerradas! Pode inscrever-se para assisitir online. No dia do col\u00f3quio deve aceder \u00e0 p\u00e1gina de YouTube do CICS.NOVA.UAc em https:\/\/www.youtube.com\/@cics_nova<\/p>\n","protected":false},"author":4,"featured_media":0,"parent":0,"menu_order":0,"comment_status":"closed","ping_status":"closed","template":"","meta":{"footnotes":""},"class_list":["post-863","page","type-page","status-publish","hentry"],"_links":{"self":[{"href":"https:\/\/stnr.aps.pt\/pobreza-exclusao-politicas-sociais\/wp-json\/wp\/v2\/pages\/863","targetHints":{"allow":["GET"]}}],"collection":[{"href":"https:\/\/stnr.aps.pt\/pobreza-exclusao-politicas-sociais\/wp-json\/wp\/v2\/pages"}],"about":[{"href":"https:\/\/stnr.aps.pt\/pobreza-exclusao-politicas-sociais\/wp-json\/wp\/v2\/types\/page"}],"author":[{"embeddable":true,"href":"https:\/\/stnr.aps.pt\/pobreza-exclusao-politicas-sociais\/wp-json\/wp\/v2\/users\/4"}],"replies":[{"embeddable":true,"href":"https:\/\/stnr.aps.pt\/pobreza-exclusao-politicas-sociais\/wp-json\/wp\/v2\/comments?post=863"}],"version-history":[{"count":6,"href":"https:\/\/stnr.aps.pt\/pobreza-exclusao-politicas-sociais\/wp-json\/wp\/v2\/pages\/863\/revisions"}],"predecessor-version":[{"id":918,"href":"https:\/\/stnr.aps.pt\/pobreza-exclusao-politicas-sociais\/wp-json\/wp\/v2\/pages\/863\/revisions\/918"}],"wp:attachment":[{"href":"https:\/\/stnr.aps.pt\/pobreza-exclusao-politicas-sociais\/wp-json\/wp\/v2\/media?parent=863"}],"curies":[{"name":"wp","href":"https:\/\/api.w.org\/{rel}","templated":true}]}}