{"id":782,"date":"2023-11-11T16:17:31","date_gmt":"2023-11-11T16:17:31","guid":{"rendered":"https:\/\/stnr.aps.pt\/pobreza-exclusao-politicas-sociais\/?page_id=782"},"modified":"2024-11-28T08:42:46","modified_gmt":"2024-11-28T08:42:46","slug":"coloquios","status":"publish","type":"page","link":"https:\/\/stnr.aps.pt\/pobreza-exclusao-politicas-sociais\/atividades-organizadas-pela-st-nr\/coloquios\/","title":{"rendered":"Col\u00f3quios"},"content":{"rendered":"<div class=\"fusion-fullwidth fullwidth-box fusion-builder-row-1 fusion-flex-container nonhundred-percent-fullwidth non-hundred-percent-height-scrolling\" style=\"--awb-border-radius-top-left:0px;--awb-border-radius-top-right:0px;--awb-border-radius-bottom-right:0px;--awb-border-radius-bottom-left:0px;--awb-flex-wrap:wrap;\" ><div class=\"fusion-builder-row fusion-row fusion-flex-align-items-flex-start fusion-flex-content-wrap\" style=\"max-width:1144px;margin-left: calc(-4% \/ 2 );margin-right: calc(-4% \/ 2 );\"><div class=\"fusion-layout-column fusion_builder_column fusion-builder-column-0 fusion_builder_column_1_4 1_4 fusion-flex-column\" style=\"--awb-bg-size:cover;--awb-width-large:25%;--awb-margin-top-large:0px;--awb-spacing-right-large:7.68%;--awb-margin-bottom-large:20px;--awb-spacing-left-large:7.68%;--awb-width-medium:25%;--awb-order-medium:0;--awb-spacing-right-medium:7.68%;--awb-spacing-left-medium:7.68%;--awb-width-small:100%;--awb-order-small:0;--awb-spacing-right-small:1.92%;--awb-spacing-left-small:1.92%;\"><div class=\"fusion-column-wrapper fusion-column-has-shadow fusion-flex-justify-content-flex-start fusion-content-layout-column\"><div class=\"fusion-text fusion-text-1\"><h1 class=\"entry-title\">2024<\/h1>\n<\/div><div class=\"fusion-image-element \" style=\"--awb-caption-title-font-family:var(--h2_typography-font-family);--awb-caption-title-font-weight:var(--h2_typography-font-weight);--awb-caption-title-font-style:var(--h2_typography-font-style);--awb-caption-title-size:var(--h2_typography-font-size);--awb-caption-title-transform:var(--h2_typography-text-transform);--awb-caption-title-line-height:var(--h2_typography-line-height);--awb-caption-title-letter-spacing:var(--h2_typography-letter-spacing);\"><span class=\" fusion-imageframe imageframe-none imageframe-1 hover-type-none\"><a class=\"fusion-no-lightbox\" href=\"https:\/\/stnr.aps.pt\/pobreza-exclusao-politicas-sociais\/atividades-organizadas-pela-st-nr\/coloquios\/coloquio-pobreza-exclusao-social-e-politicas-publicas-tendencias-e-respostas-numa-perspetiva-de-curso-de-vida-8-11-2024\/\" target=\"_self\" aria-label=\"Coloquio2024\"><img decoding=\"async\" width=\"300\" height=\"242\" src=\"https:\/\/stnr.aps.pt\/pobreza-exclusao-politicas-sociais\/wp-content\/uploads\/sites\/28\/2024\/09\/Coloquio2024-1.png\" data-orig-src=\"https:\/\/stnr.aps.pt\/pobreza-exclusao-politicas-sociais\/wp-content\/uploads\/sites\/28\/2024\/09\/Coloquio2024-1-300x242.png\" alt class=\"lazyload img-responsive wp-image-887\" srcset=\"data:image\/svg+xml,%3Csvg%20xmlns%3D%27http%3A%2F%2Fwww.w3.org%2F2000%2Fsvg%27%20width%3D%27623%27%20height%3D%27503%27%20viewBox%3D%270%200%20623%20503%27%3E%3Crect%20width%3D%27623%27%20height%3D%27503%27%20fill-opacity%3D%220%22%2F%3E%3C%2Fsvg%3E\" data-srcset=\"https:\/\/stnr.aps.pt\/pobreza-exclusao-politicas-sociais\/wp-content\/uploads\/sites\/28\/2024\/09\/Coloquio2024-1-200x161.png 200w, https:\/\/stnr.aps.pt\/pobreza-exclusao-politicas-sociais\/wp-content\/uploads\/sites\/28\/2024\/09\/Coloquio2024-1-400x323.png 400w, https:\/\/stnr.aps.pt\/pobreza-exclusao-politicas-sociais\/wp-content\/uploads\/sites\/28\/2024\/09\/Coloquio2024-1-600x484.png 600w, https:\/\/stnr.aps.pt\/pobreza-exclusao-politicas-sociais\/wp-content\/uploads\/sites\/28\/2024\/09\/Coloquio2024-1.png 623w\" data-sizes=\"auto\" data-orig-sizes=\"(max-width: 640px) 100vw, 400px\" \/><\/a><\/span><\/div><div class=\"fusion-text fusion-text-2\"><h6 style=\"text-align: center\"><strong><span style=\"color: #000000\"><a style=\"color: #000000\" href=\"https:\/\/stnr.aps.pt\/pobreza-exclusao-politicas-sociais\/atividades-organizadas-pela-st-nr\/coloquios\/coloquio-pobreza-exclusao-social-e-politicas-publicas-tendencias-e-respostas-numa-perspetiva-de-curso-de-vida-8-11-2024\/\" target=\"_blank\" rel=\"noopener\">Pobreza, Exclus\u00e3o Social e Pol\u00edticas P\u00fablicas \u2013 Tend\u00eancias e respostas numa perspetiva de curso de vida<\/a><\/span><\/strong><\/h6>\n<h6 style=\"text-align: center\">Consulte<a href=\"https:\/\/stnr.aps.pt\/pobreza-exclusao-politicas-sociais\/atividades-organizadas-pela-st-nr\/coloquios\/coloquio-pobreza-exclusao-social-e-politicas-publicas-tendencias-e-respostas-numa-perspetiva-de-curso-de-vida-8-11-2024\/\"> aqui<\/a><\/h6>\n<\/div><\/div><\/div><div class=\"fusion-layout-column fusion_builder_column fusion-builder-column-1 fusion_builder_column_1_4 1_4 fusion-flex-column\" style=\"--awb-bg-size:cover;--awb-width-large:25%;--awb-margin-top-large:0px;--awb-spacing-right-large:7.68%;--awb-margin-bottom-large:20px;--awb-spacing-left-large:7.68%;--awb-width-medium:25%;--awb-order-medium:0;--awb-spacing-right-medium:7.68%;--awb-spacing-left-medium:7.68%;--awb-width-small:100%;--awb-order-small:0;--awb-spacing-right-small:1.92%;--awb-spacing-left-small:1.92%;\"><div class=\"fusion-column-wrapper fusion-column-has-shadow fusion-flex-justify-content-flex-start fusion-content-layout-column\"><div class=\"fusion-text fusion-text-3\"><h1 class=\"entry-title\">2019<\/h1>\n<\/div><div class=\"fusion-image-element \" style=\"--awb-caption-title-font-family:var(--h2_typography-font-family);--awb-caption-title-font-weight:var(--h2_typography-font-weight);--awb-caption-title-font-style:var(--h2_typography-font-style);--awb-caption-title-size:var(--h2_typography-font-size);--awb-caption-title-transform:var(--h2_typography-text-transform);--awb-caption-title-line-height:var(--h2_typography-line-height);--awb-caption-title-letter-spacing:var(--h2_typography-letter-spacing);\"><span class=\" fusion-imageframe imageframe-none imageframe-2 hover-type-none\"><a class=\"fusion-no-lightbox\" href=\"https:\/\/stnr.aps.pt\/pobreza-exclusao-politicas-sociais\/coloquio-expressoes-de-pobreza-em-grupos-vulneraveis-19-11-2019\/\" target=\"_self\" aria-label=\"cartaz_coloquio_pobreza_2019-600&#215;430\"><img decoding=\"async\" width=\"300\" height=\"215\" src=\"https:\/\/stnr.aps.pt\/pobreza-exclusao-politicas-sociais\/wp-content\/uploads\/sites\/28\/2023\/11\/cartaz_coloquio_pobreza_2019-600x430-1.jpg\" data-orig-src=\"https:\/\/stnr.aps.pt\/pobreza-exclusao-politicas-sociais\/wp-content\/uploads\/sites\/28\/2023\/11\/cartaz_coloquio_pobreza_2019-600x430-1-300x215.jpg\" alt class=\"lazyload img-responsive wp-image-772\" srcset=\"data:image\/svg+xml,%3Csvg%20xmlns%3D%27http%3A%2F%2Fwww.w3.org%2F2000%2Fsvg%27%20width%3D%27600%27%20height%3D%27430%27%20viewBox%3D%270%200%20600%20430%27%3E%3Crect%20width%3D%27600%27%20height%3D%27430%27%20fill-opacity%3D%220%22%2F%3E%3C%2Fsvg%3E\" data-srcset=\"https:\/\/stnr.aps.pt\/pobreza-exclusao-politicas-sociais\/wp-content\/uploads\/sites\/28\/2023\/11\/cartaz_coloquio_pobreza_2019-600x430-1-200x143.jpg 200w, https:\/\/stnr.aps.pt\/pobreza-exclusao-politicas-sociais\/wp-content\/uploads\/sites\/28\/2023\/11\/cartaz_coloquio_pobreza_2019-600x430-1-400x287.jpg 400w, https:\/\/stnr.aps.pt\/pobreza-exclusao-politicas-sociais\/wp-content\/uploads\/sites\/28\/2023\/11\/cartaz_coloquio_pobreza_2019-600x430-1.jpg 600w\" data-sizes=\"auto\" data-orig-sizes=\"(max-width: 640px) 100vw, 400px\" \/><\/a><\/span><\/div><div class=\"fusion-text fusion-text-4\"><h6 style=\"text-align: center\"><strong><span style=\"color: #000000\"><a style=\"color: #000000\" href=\"https:\/\/stnr.aps.pt\/pobreza-exclusao-politicas-sociais\/coloquio-expressoes-de-pobreza-em-grupos-vulneraveis-19-11-2019\/\" target=\"_blank\" rel=\"noopener\">Express\u00f5es de Pobreza em Grupos Vulner\u00e1veis<\/a><\/span><\/strong><\/h6>\n<h6 style=\"text-align: center\">Consulte<a href=\"https:\/\/stnr.aps.pt\/pobreza-exclusao-politicas-sociais\/coloquio-expressoes-de-pobreza-em-grupos-vulneraveis-19-11-2019\/\"> aqui<\/a><\/h6>\n<\/div><\/div><\/div><div class=\"fusion-layout-column fusion_builder_column fusion-builder-column-2 fusion_builder_column_1_4 1_4 fusion-flex-column\" style=\"--awb-bg-size:cover;--awb-width-large:25%;--awb-margin-top-large:0px;--awb-spacing-right-large:7.68%;--awb-margin-bottom-large:20px;--awb-spacing-left-large:7.68%;--awb-width-medium:25%;--awb-order-medium:0;--awb-spacing-right-medium:7.68%;--awb-spacing-left-medium:7.68%;--awb-width-small:100%;--awb-order-small:0;--awb-spacing-right-small:1.92%;--awb-spacing-left-small:1.92%;\"><div class=\"fusion-column-wrapper fusion-column-has-shadow fusion-flex-justify-content-flex-start fusion-content-layout-column\"><div class=\"fusion-text fusion-text-5\"><h1 class=\"entry-title\">2017<\/h1>\n<\/div><div class=\"fusion-image-element \" style=\"--awb-caption-title-font-family:var(--h2_typography-font-family);--awb-caption-title-font-weight:var(--h2_typography-font-weight);--awb-caption-title-font-style:var(--h2_typography-font-style);--awb-caption-title-size:var(--h2_typography-font-size);--awb-caption-title-transform:var(--h2_typography-text-transform);--awb-caption-title-line-height:var(--h2_typography-line-height);--awb-caption-title-letter-spacing:var(--h2_typography-letter-spacing);\"><span class=\" fusion-imageframe imageframe-none imageframe-3 hover-type-none\"><a class=\"fusion-no-lightbox\" href=\"https:\/\/stnr.aps.pt\/pobreza-exclusao-politicas-sociais\/encontro-3-da-seccao-tematica\/\" target=\"_self\" aria-label=\"Imagem_!\"><img decoding=\"async\" width=\"300\" height=\"207\" src=\"https:\/\/stnr.aps.pt\/pobreza-exclusao-politicas-sociais\/wp-content\/uploads\/sites\/28\/2023\/07\/Imagem_.png\" data-orig-src=\"https:\/\/stnr.aps.pt\/pobreza-exclusao-politicas-sociais\/wp-content\/uploads\/sites\/28\/2023\/07\/Imagem_-300x207.png\" alt class=\"lazyload img-responsive wp-image-718\" srcset=\"data:image\/svg+xml,%3Csvg%20xmlns%3D%27http%3A%2F%2Fwww.w3.org%2F2000%2Fsvg%27%20width%3D%271010%27%20height%3D%27698%27%20viewBox%3D%270%200%201010%20698%27%3E%3Crect%20width%3D%271010%27%20height%3D%27698%27%20fill-opacity%3D%220%22%2F%3E%3C%2Fsvg%3E\" data-srcset=\"https:\/\/stnr.aps.pt\/pobreza-exclusao-politicas-sociais\/wp-content\/uploads\/sites\/28\/2023\/07\/Imagem_-200x138.png 200w, https:\/\/stnr.aps.pt\/pobreza-exclusao-politicas-sociais\/wp-content\/uploads\/sites\/28\/2023\/07\/Imagem_-400x276.png 400w, https:\/\/stnr.aps.pt\/pobreza-exclusao-politicas-sociais\/wp-content\/uploads\/sites\/28\/2023\/07\/Imagem_-600x415.png 600w, https:\/\/stnr.aps.pt\/pobreza-exclusao-politicas-sociais\/wp-content\/uploads\/sites\/28\/2023\/07\/Imagem_-800x553.png 800w, https:\/\/stnr.aps.pt\/pobreza-exclusao-politicas-sociais\/wp-content\/uploads\/sites\/28\/2023\/07\/Imagem_.png 1010w\" data-sizes=\"auto\" data-orig-sizes=\"(max-width: 640px) 100vw, 400px\" \/><\/a><\/span><\/div><div class=\"fusion-text fusion-text-6\"><h6 style=\"text-align: center\"><strong><span style=\"color: #000000\"><a style=\"color: #000000\" href=\"https:\/\/stnr.aps.pt\/pobreza-exclusao-politicas-sociais\/encontro-3-da-seccao-tematica\/\" target=\"_blank\" rel=\"noopener\">[Des]igualdades, Exclus\u00f5es e Pol\u00edticas P\u00fablicas em territ\u00f3rios de baixa densidade<\/a><\/span><\/strong><\/h6>\n<h6 style=\"text-align: center\">Consulte<a href=\"https:\/\/stnr.aps.pt\/pobreza-exclusao-politicas-sociais\/coloquio-expressoes-de-pobreza-em-grupos-vulneraveis-19-11-2019\/\"> aqui<\/a><\/h6>\n<\/div><\/div><\/div><div class=\"fusion-layout-column fusion_builder_column fusion-builder-column-3 fusion_builder_column_1_4 1_4 fusion-flex-column\" style=\"--awb-bg-size:cover;--awb-width-large:25%;--awb-margin-top-large:0px;--awb-spacing-right-large:7.68%;--awb-margin-bottom-large:20px;--awb-spacing-left-large:7.68%;--awb-width-medium:25%;--awb-order-medium:0;--awb-spacing-right-medium:7.68%;--awb-spacing-left-medium:7.68%;--awb-width-small:100%;--awb-order-small:0;--awb-spacing-right-small:1.92%;--awb-spacing-left-small:1.92%;\"><div class=\"fusion-column-wrapper fusion-column-has-shadow fusion-flex-justify-content-flex-start fusion-content-layout-column\"><div class=\"fusion-text fusion-text-7\"><h1 class=\"entry-title\">2015<\/h1>\n<\/div><div class=\"fusion-image-element \" style=\"--awb-caption-title-font-family:var(--h2_typography-font-family);--awb-caption-title-font-weight:var(--h2_typography-font-weight);--awb-caption-title-font-style:var(--h2_typography-font-style);--awb-caption-title-size:var(--h2_typography-font-size);--awb-caption-title-transform:var(--h2_typography-text-transform);--awb-caption-title-line-height:var(--h2_typography-line-height);--awb-caption-title-letter-spacing:var(--h2_typography-letter-spacing);\"><span class=\" fusion-imageframe imageframe-none imageframe-4 hover-type-none\"><a class=\"fusion-no-lightbox\" href=\"https:\/\/stnr.aps.pt\/pobreza-exclusao-politicas-sociais\/coloquio-politicas-de-combate-a-pobreza-e-exclusao-em-portugal-debates-e-reconfiguracoes-27-11-2015\/\" target=\"_self\" aria-label=\"Captura de ecr\u00e3 2023-11-11 141534\"><img decoding=\"async\" width=\"300\" height=\"198\" src=\"https:\/\/stnr.aps.pt\/pobreza-exclusao-politicas-sociais\/wp-content\/uploads\/sites\/28\/2023\/11\/Captura-de-ecra-2023-11-11-141534.png\" data-orig-src=\"https:\/\/stnr.aps.pt\/pobreza-exclusao-politicas-sociais\/wp-content\/uploads\/sites\/28\/2023\/11\/Captura-de-ecra-2023-11-11-141534-300x198.png\" alt class=\"lazyload img-responsive wp-image-735\" srcset=\"data:image\/svg+xml,%3Csvg%20xmlns%3D%27http%3A%2F%2Fwww.w3.org%2F2000%2Fsvg%27%20width%3D%27752%27%20height%3D%27497%27%20viewBox%3D%270%200%20752%20497%27%3E%3Crect%20width%3D%27752%27%20height%3D%27497%27%20fill-opacity%3D%220%22%2F%3E%3C%2Fsvg%3E\" data-srcset=\"https:\/\/stnr.aps.pt\/pobreza-exclusao-politicas-sociais\/wp-content\/uploads\/sites\/28\/2023\/11\/Captura-de-ecra-2023-11-11-141534-200x132.png 200w, https:\/\/stnr.aps.pt\/pobreza-exclusao-politicas-sociais\/wp-content\/uploads\/sites\/28\/2023\/11\/Captura-de-ecra-2023-11-11-141534-400x264.png 400w, https:\/\/stnr.aps.pt\/pobreza-exclusao-politicas-sociais\/wp-content\/uploads\/sites\/28\/2023\/11\/Captura-de-ecra-2023-11-11-141534-600x397.png 600w, https:\/\/stnr.aps.pt\/pobreza-exclusao-politicas-sociais\/wp-content\/uploads\/sites\/28\/2023\/11\/Captura-de-ecra-2023-11-11-141534.png 752w\" data-sizes=\"auto\" data-orig-sizes=\"(max-width: 640px) 100vw, 400px\" \/><\/a><\/span><\/div><div class=\"fusion-text fusion-text-8\"><h6 style=\"text-align: center\"><strong><span style=\"color: #000000\"><a style=\"color: #000000\" href=\"https:\/\/stnr.aps.pt\/pobreza-exclusao-politicas-sociais\/coloquio-politicas-de-combate-a-pobreza-e-exclusao-em-portugal-debates-e-reconfiguracoes-27-11-2015\/\" target=\"_blank\" rel=\"noopener\">Pol\u00edticas de combate \u00e0 pobreza e exclus\u00e3o em Portugal: debates e (re)configura\u00e7\u00f5es<\/a><\/span><\/strong><\/h6>\n<h6 style=\"text-align: center\">Consulte <a href=\"https:\/\/stnr.aps.pt\/pobreza-exclusao-politicas-sociais\/coloquio-politicas-de-combate-a-pobreza-e-exclusao-em-portugal-debates-e-reconfiguracoes-27-11-2015\/\">aqui<\/a><\/h6>\n<\/div><\/div><\/div><div class=\"fusion-layout-column fusion_builder_column fusion-builder-column-4 fusion_builder_column_1_4 1_4 fusion-flex-column\" style=\"--awb-bg-size:cover;--awb-width-large:25%;--awb-margin-top-large:0px;--awb-spacing-right-large:7.68%;--awb-margin-bottom-large:20px;--awb-spacing-left-large:7.68%;--awb-width-medium:25%;--awb-order-medium:0;--awb-spacing-right-medium:7.68%;--awb-spacing-left-medium:7.68%;--awb-width-small:100%;--awb-order-small:0;--awb-spacing-right-small:1.92%;--awb-spacing-left-small:1.92%;\"><div class=\"fusion-column-wrapper fusion-column-has-shadow fusion-flex-justify-content-flex-start fusion-content-layout-column\"><div class=\"fusion-text fusion-text-9\"><h1 class=\"entry-title\">2011<\/h1>\n<\/div><div class=\"fusion-image-element \" style=\"--awb-caption-title-font-family:var(--h2_typography-font-family);--awb-caption-title-font-weight:var(--h2_typography-font-weight);--awb-caption-title-font-style:var(--h2_typography-font-style);--awb-caption-title-size:var(--h2_typography-font-size);--awb-caption-title-transform:var(--h2_typography-text-transform);--awb-caption-title-line-height:var(--h2_typography-line-height);--awb-caption-title-letter-spacing:var(--h2_typography-letter-spacing);\"><span class=\" fusion-imageframe imageframe-none imageframe-5 hover-type-none\"><a class=\"fusion-no-lightbox\" href=\"https:\/\/stnr.aps.pt\/pobreza-exclusao-politicas-sociais\/encontro-2-da-seccao-tematica\/\" target=\"_self\" aria-label=\"Captura de ecr\u00e3 2023-11-11 151434\"><img decoding=\"async\" width=\"300\" height=\"221\" src=\"https:\/\/stnr.aps.pt\/pobreza-exclusao-politicas-sociais\/wp-content\/uploads\/sites\/28\/2023\/11\/Captura-de-ecra-2023-11-11-151434.png\" data-orig-src=\"https:\/\/stnr.aps.pt\/pobreza-exclusao-politicas-sociais\/wp-content\/uploads\/sites\/28\/2023\/11\/Captura-de-ecra-2023-11-11-151434-300x221.png\" alt class=\"lazyload img-responsive wp-image-795\" srcset=\"data:image\/svg+xml,%3Csvg%20xmlns%3D%27http%3A%2F%2Fwww.w3.org%2F2000%2Fsvg%27%20width%3D%27627%27%20height%3D%27462%27%20viewBox%3D%270%200%20627%20462%27%3E%3Crect%20width%3D%27627%27%20height%3D%27462%27%20fill-opacity%3D%220%22%2F%3E%3C%2Fsvg%3E\" data-srcset=\"https:\/\/stnr.aps.pt\/pobreza-exclusao-politicas-sociais\/wp-content\/uploads\/sites\/28\/2023\/11\/Captura-de-ecra-2023-11-11-151434-200x147.png 200w, https:\/\/stnr.aps.pt\/pobreza-exclusao-politicas-sociais\/wp-content\/uploads\/sites\/28\/2023\/11\/Captura-de-ecra-2023-11-11-151434-400x295.png 400w, https:\/\/stnr.aps.pt\/pobreza-exclusao-politicas-sociais\/wp-content\/uploads\/sites\/28\/2023\/11\/Captura-de-ecra-2023-11-11-151434-600x442.png 600w, https:\/\/stnr.aps.pt\/pobreza-exclusao-politicas-sociais\/wp-content\/uploads\/sites\/28\/2023\/11\/Captura-de-ecra-2023-11-11-151434.png 627w\" data-sizes=\"auto\" data-orig-sizes=\"(max-width: 640px) 100vw, 400px\" \/><\/a><\/span><\/div><div class=\"fusion-text fusion-text-10\"><h6 style=\"text-align: center\"><strong><span style=\"color: #000000\"><a style=\"color: #000000\" href=\"https:\/\/stnr.aps.pt\/pobreza-exclusao-politicas-sociais\/encontro-2-da-seccao-tematica\/\" target=\"_blank\" rel=\"noopener\">Crise, Pobreza e Exclus\u00e3o Social. Perspetivas Sociol\u00f3gicas <\/a><\/span><\/strong><\/h6>\n<h6 style=\"text-align: center\">Consulte <a href=\"https:\/\/stnr.aps.pt\/pobreza-exclusao-politicas-sociais\/encontro-2-da-seccao-tematica\/\">aqui<\/a><\/h6>\n<\/div><\/div><\/div><div class=\"fusion-layout-column fusion_builder_column fusion-builder-column-5 fusion_builder_column_1_4 1_4 fusion-flex-column\" style=\"--awb-bg-size:cover;--awb-width-large:25%;--awb-margin-top-large:0px;--awb-spacing-right-large:7.68%;--awb-margin-bottom-large:20px;--awb-spacing-left-large:7.68%;--awb-width-medium:25%;--awb-order-medium:0;--awb-spacing-right-medium:7.68%;--awb-spacing-left-medium:7.68%;--awb-width-small:100%;--awb-order-small:0;--awb-spacing-right-small:1.92%;--awb-spacing-left-small:1.92%;\"><div class=\"fusion-column-wrapper fusion-column-has-shadow fusion-flex-justify-content-flex-start fusion-content-layout-column\"><div class=\"fusion-text fusion-text-11\"><h1 class=\"entry-title\">2010<\/h1>\n<\/div><div class=\"fusion-image-element \" style=\"--awb-caption-title-font-family:var(--h2_typography-font-family);--awb-caption-title-font-weight:var(--h2_typography-font-weight);--awb-caption-title-font-style:var(--h2_typography-font-style);--awb-caption-title-size:var(--h2_typography-font-size);--awb-caption-title-transform:var(--h2_typography-text-transform);--awb-caption-title-line-height:var(--h2_typography-line-height);--awb-caption-title-letter-spacing:var(--h2_typography-letter-spacing);\"><span class=\" fusion-imageframe imageframe-none imageframe-6 hover-type-none\"><a class=\"fusion-no-lightbox\" href=\"https:\/\/stnr.aps.pt\/pobreza-exclusao-politicas-sociais\/coloquio2010\/\" target=\"_self\" aria-label=\"Captura de ecr\u00e3 2023-11-11 150836\"><img decoding=\"async\" width=\"300\" height=\"177\" src=\"https:\/\/stnr.aps.pt\/pobreza-exclusao-politicas-sociais\/wp-content\/uploads\/sites\/28\/2023\/11\/Captura-de-ecra-2023-11-11-150836.png\" data-orig-src=\"https:\/\/stnr.aps.pt\/pobreza-exclusao-politicas-sociais\/wp-content\/uploads\/sites\/28\/2023\/11\/Captura-de-ecra-2023-11-11-150836-300x177.png\" alt class=\"lazyload img-responsive wp-image-790\" srcset=\"data:image\/svg+xml,%3Csvg%20xmlns%3D%27http%3A%2F%2Fwww.w3.org%2F2000%2Fsvg%27%20width%3D%271028%27%20height%3D%27606%27%20viewBox%3D%270%200%201028%20606%27%3E%3Crect%20width%3D%271028%27%20height%3D%27606%27%20fill-opacity%3D%220%22%2F%3E%3C%2Fsvg%3E\" data-srcset=\"https:\/\/stnr.aps.pt\/pobreza-exclusao-politicas-sociais\/wp-content\/uploads\/sites\/28\/2023\/11\/Captura-de-ecra-2023-11-11-150836-200x118.png 200w, https:\/\/stnr.aps.pt\/pobreza-exclusao-politicas-sociais\/wp-content\/uploads\/sites\/28\/2023\/11\/Captura-de-ecra-2023-11-11-150836-400x236.png 400w, https:\/\/stnr.aps.pt\/pobreza-exclusao-politicas-sociais\/wp-content\/uploads\/sites\/28\/2023\/11\/Captura-de-ecra-2023-11-11-150836-600x354.png 600w, https:\/\/stnr.aps.pt\/pobreza-exclusao-politicas-sociais\/wp-content\/uploads\/sites\/28\/2023\/11\/Captura-de-ecra-2023-11-11-150836-800x472.png 800w, https:\/\/stnr.aps.pt\/pobreza-exclusao-politicas-sociais\/wp-content\/uploads\/sites\/28\/2023\/11\/Captura-de-ecra-2023-11-11-150836.png 1028w\" data-sizes=\"auto\" data-orig-sizes=\"(max-width: 640px) 100vw, 400px\" \/><\/a><\/span><\/div><div class=\"fusion-text fusion-text-12\"><h6 style=\"text-align: center\"><strong><span style=\"color: #000000\"><a style=\"color: #000000\" href=\"https:\/\/stnr.aps.pt\/pobreza-exclusao-politicas-sociais\/coloquio2010\/\" target=\"_blank\" rel=\"noopener\">Din\u00e2micas Atuais da Pobreza e da Exclus\u00e3o Social. conceptualiza\u00e7\u00f5es, politicas e interven\u00e7\u00f5es<\/a><\/span><\/strong><\/h6>\n<h6 style=\"text-align: center\">Consulte <a href=\"https:\/\/stnr.aps.pt\/pobreza-exclusao-politicas-sociais\/coloquio2010\/\">aqui<\/a><\/h6>\n<\/div><\/div><\/div><div class=\"fusion-layout-column fusion_builder_column fusion-builder-column-6 fusion_builder_column_1_4 1_4 fusion-flex-column\" style=\"--awb-bg-size:cover;--awb-width-large:25%;--awb-margin-top-large:0px;--awb-spacing-right-large:7.68%;--awb-margin-bottom-large:20px;--awb-spacing-left-large:7.68%;--awb-width-medium:25%;--awb-order-medium:0;--awb-spacing-right-medium:7.68%;--awb-spacing-left-medium:7.68%;--awb-width-small:100%;--awb-order-small:0;--awb-spacing-right-small:1.92%;--awb-spacing-left-small:1.92%;\"><div class=\"fusion-column-wrapper fusion-column-has-shadow fusion-flex-justify-content-flex-start fusion-content-layout-column\"><\/div><\/div><div class=\"fusion-layout-column fusion_builder_column fusion-builder-column-7 fusion_builder_column_1_4 1_4 fusion-flex-column\" style=\"--awb-bg-size:cover;--awb-width-large:25%;--awb-margin-top-large:0px;--awb-spacing-right-large:7.68%;--awb-margin-bottom-large:20px;--awb-spacing-left-large:7.68%;--awb-width-medium:25%;--awb-order-medium:0;--awb-spacing-right-medium:7.68%;--awb-spacing-left-medium:7.68%;--awb-width-small:100%;--awb-order-small:0;--awb-spacing-right-small:1.92%;--awb-spacing-left-small:1.92%;\"><div class=\"fusion-column-wrapper fusion-column-has-shadow fusion-flex-justify-content-flex-start fusion-content-layout-column\"><\/div><\/div><div class=\"fusion-layout-column fusion_builder_column fusion-builder-column-8 fusion_builder_column_1_4 1_4 fusion-flex-column\" style=\"--awb-bg-size:cover;--awb-width-large:25%;--awb-margin-top-large:0px;--awb-spacing-right-large:7.68%;--awb-margin-bottom-large:20px;--awb-spacing-left-large:7.68%;--awb-width-medium:25%;--awb-order-medium:0;--awb-spacing-right-medium:7.68%;--awb-spacing-left-medium:7.68%;--awb-width-small:100%;--awb-order-small:0;--awb-spacing-right-small:1.92%;--awb-spacing-left-small:1.92%;\"><div class=\"fusion-column-wrapper fusion-column-has-shadow fusion-flex-justify-content-flex-start fusion-content-layout-column\"><\/div><\/div><\/div><\/div>\n","protected":false},"excerpt":{"rendered":"","protected":false},"author":14,"featured_media":0,"parent":362,"menu_order":1,"comment_status":"closed","ping_status":"closed","template":"","meta":{"footnotes":""},"class_list":["post-782","page","type-page","status-publish","hentry"],"_links":{"self":[{"href":"https:\/\/stnr.aps.pt\/pobreza-exclusao-politicas-sociais\/wp-json\/wp\/v2\/pages\/782","targetHints":{"allow":["GET"]}}],"collection":[{"href":"https:\/\/stnr.aps.pt\/pobreza-exclusao-politicas-sociais\/wp-json\/wp\/v2\/pages"}],"about":[{"href":"https:\/\/stnr.aps.pt\/pobreza-exclusao-politicas-sociais\/wp-json\/wp\/v2\/types\/page"}],"author":[{"embeddable":true,"href":"https:\/\/stnr.aps.pt\/pobreza-exclusao-politicas-sociais\/wp-json\/wp\/v2\/users\/14"}],"replies":[{"embeddable":true,"href":"https:\/\/stnr.aps.pt\/pobreza-exclusao-politicas-sociais\/wp-json\/wp\/v2\/comments?post=782"}],"version-history":[{"count":18,"href":"https:\/\/stnr.aps.pt\/pobreza-exclusao-politicas-sociais\/wp-json\/wp\/v2\/pages\/782\/revisions"}],"predecessor-version":[{"id":929,"href":"https:\/\/stnr.aps.pt\/pobreza-exclusao-politicas-sociais\/wp-json\/wp\/v2\/pages\/782\/revisions\/929"}],"up":[{"embeddable":true,"href":"https:\/\/stnr.aps.pt\/pobreza-exclusao-politicas-sociais\/wp-json\/wp\/v2\/pages\/362"}],"wp:attachment":[{"href":"https:\/\/stnr.aps.pt\/pobreza-exclusao-politicas-sociais\/wp-json\/wp\/v2\/media?parent=782"}],"curies":[{"name":"wp","href":"https:\/\/api.w.org\/{rel}","templated":true}]}}