{"id":7,"date":"2020-09-15T12:51:14","date_gmt":"2020-09-15T12:51:14","guid":{"rendered":"https:\/\/stnr.aps.pt\/conhecimento-ciencia-tecnologia\/?page_id=7"},"modified":"2023-10-25T09:28:31","modified_gmt":"2023-10-25T09:28:31","slug":"quem-somos","status":"publish","type":"page","link":"https:\/\/stnr.aps.pt\/conhecimento-ciencia-tecnologia\/quem-somos\/","title":{"rendered":"quem somos"},"content":{"rendered":"<div class=\"fusion-fullwidth fullwidth-box fusion-builder-row-1 fusion-flex-container nonhundred-percent-fullwidth non-hundred-percent-height-scrolling\" style=\"--awb-border-radius-top-left:0px;--awb-border-radius-top-right:0px;--awb-border-radius-bottom-right:0px;--awb-border-radius-bottom-left:0px;--awb-flex-wrap:wrap;\" ><div class=\"fusion-builder-row fusion-row fusion-flex-align-items-flex-start fusion-flex-content-wrap\" style=\"max-width:1144px;margin-left: calc(-4% \/ 2 );margin-right: calc(-4% \/ 2 );\"><div class=\"fusion-layout-column fusion_builder_column fusion-builder-column-0 fusion_builder_column_1_1 1_1 fusion-flex-column\" style=\"--awb-bg-size:cover;--awb-width-large:100%;--awb-margin-top-large:0px;--awb-spacing-right-large:1.92%;--awb-margin-bottom-large:20px;--awb-spacing-left-large:1.92%;--awb-width-medium:100%;--awb-order-medium:0;--awb-spacing-right-medium:1.92%;--awb-spacing-left-medium:1.92%;--awb-width-small:100%;--awb-order-small:0;--awb-spacing-right-small:1.92%;--awb-spacing-left-small:1.92%;\"><div class=\"fusion-column-wrapper fusion-column-has-shadow fusion-flex-justify-content-flex-start fusion-content-layout-column\"><div class=\"fusion-text fusion-text-1\"><div class=\"fusion-text\">\n<div>\n<p><b>Ana Ferreira <\/b><i><span>(english version below)<\/span><\/i><br \/>\n<span style=\"color: var(--body_typography-color);font-family: var(--body_typography-font-family);font-size: var(--body_typography-font-size);font-weight: var(--body_typography-font-weight);letter-spacing: var(--body_typography-letter-spacing)\">Sou investigadora auxiliar no Centro Interdisciplinar de Ci\u00eancias Sociais (CICS.NOVA), da Faculdade de Ci\u00eancias Sociais e Humanas da Universidade Nova de Lisboa (NOVA FCSH).<br \/>\n<\/span><span style=\"color: var(--body_typography-color);font-family: var(--body_typography-font-family);font-size: var(--body_typography-font-size);font-weight: var(--body_typography-font-weight);letter-spacing: var(--body_typography-letter-spacing)\"><img decoding=\"async\" class=\"lazyload wp-image-733 alignleft\" src=\"https:\/\/stnr.aps.pt\/conhecimento-ciencia-tecnologia\/wp-content\/uploads\/sites\/22\/2023\/10\/WhatsApp-Image-2023-07-22-at-14.10.27-cara-276x300.jpeg\" data-orig-src=\"https:\/\/stnr.aps.pt\/conhecimento-ciencia-tecnologia\/wp-content\/uploads\/sites\/22\/2023\/10\/WhatsApp-Image-2023-07-22-at-14.10.27-cara-276x300.jpeg\" alt=\"\" width=\"146\" height=\"158\" srcset=\"data:image\/svg+xml,%3Csvg%20xmlns%3D%27http%3A%2F%2Fwww.w3.org%2F2000%2Fsvg%27%20width%3D%27146%27%20height%3D%27158%27%20viewBox%3D%270%200%20146%20158%27%3E%3Crect%20width%3D%27146%27%20height%3D%27158%27%20fill-opacity%3D%220%22%2F%3E%3C%2Fsvg%3E\" data-srcset=\"https:\/\/stnr.aps.pt\/conhecimento-ciencia-tecnologia\/wp-content\/uploads\/sites\/22\/2023\/10\/WhatsApp-Image-2023-07-22-at-14.10.27-cara-200x218.jpeg 200w, https:\/\/stnr.aps.pt\/conhecimento-ciencia-tecnologia\/wp-content\/uploads\/sites\/22\/2023\/10\/WhatsApp-Image-2023-07-22-at-14.10.27-cara-276x300.jpeg 276w, https:\/\/stnr.aps.pt\/conhecimento-ciencia-tecnologia\/wp-content\/uploads\/sites\/22\/2023\/10\/WhatsApp-Image-2023-07-22-at-14.10.27-cara-400x436.jpeg 400w, https:\/\/stnr.aps.pt\/conhecimento-ciencia-tecnologia\/wp-content\/uploads\/sites\/22\/2023\/10\/WhatsApp-Image-2023-07-22-at-14.10.27-cara.jpeg 450w\" data-sizes=\"auto\" data-orig-sizes=\"(max-width: 146px) 100vw, 146px\" \/>O meu trabalho tem por objetivo compreender de que forma as transforma\u00e7\u00f5es que t\u00eam vindo a decorrer ao longo das \u00faltimas d\u00e9cadas nas organiza\u00e7\u00f5es acad\u00e9micas, aproximando-as de modelos empresariais e impulsionando um enraizamento progressivo de uma cultura da performatividade, se traduzem, por um lado, na produ\u00e7\u00e3o de conhecimento, e por outro, nas trajet\u00f3rias laborais e nas trajet\u00f3rias de vida de acad\u00e9micos. Al\u00e9m disso, tenho estado profundamente envolvida em movimentos ativistas e sindicais em defesa de direitos laborais, com a certeza de que a precariedade e a explora\u00e7\u00e3o na ci\u00eancia e noutros sectores de atividade ser\u00e3o ultrapassadas.<br \/>\n<\/span><span style=\"color: var(--body_typography-color);font-family: var(--body_typography-font-family);font-size: var(--body_typography-font-size);font-weight: var(--body_typography-font-weight);letter-spacing: var(--body_typography-letter-spacing)\">Podem encontrar mais informa\u00e7\u00f5es sobre a minha trajet\u00f3ria cient\u00edfica e sobre o meu trabalho est\u00e3o dispon\u00edveis <a href=\"https:\/\/www.cienciavitae.pt\/\/en\/E212-8A35-633A\">aqui<\/a>.<\/span><\/p>\n<p><span>I am an assistant researcher at the Interdisciplinary Center for Social Sciences (CICS.NOVA), at the Faculty of Social Sciences and Humanities of Universidade Nova de Lisboa (NOVA FCSH).<\/span><span><br \/>\n<\/span><span style=\"color: var(--body_typography-color);font-family: var(--body_typography-font-family);font-size: var(--body_typography-font-size);font-weight: var(--body_typography-font-weight);letter-spacing: var(--body_typography-letter-spacing)\"><span>My work aims to understand how the transformations that have taken place over the last few decades in academic organizations, increasingly mimicking corporate models and promoting the embodiment of a performativity culture, are translated, on the one hand, into the production of scientific knowledge, and on the other, into work and life trajectories of academics.<\/span><span><br \/>\n<\/span><\/span><span style=\"color: var(--body_typography-color);font-family: var(--body_typography-font-family);font-size: var(--body_typography-font-size);font-weight: var(--body_typography-font-weight);letter-spacing: var(--body_typography-letter-spacing)\"><span>Also, I am deeply involved in labour rights activism, advocating against precarious jobs and exploitation in science and elsewhere, and, one day, we will get our point across.<\/span><span><br \/>\n<\/span><\/span><span style=\"color: var(--body_typography-color);font-family: var(--body_typography-font-family);font-size: var(--body_typography-font-size);font-weight: var(--body_typography-font-weight);letter-spacing: var(--body_typography-letter-spacing)\"><span>More information on my scientific trajectory and work is available <\/span><a href=\"https:\/\/www.cienciavitae.pt\/\/en\/E212-8A35-633A\">here<\/a><span>.<\/span><\/span><\/p>\n<\/p>\n<p><b><span>Nina Amelung <\/span><\/b><i><span>(english version below)<\/span><\/i><b><br \/>\n<\/b><span style=\"color: var(--body_typography-color);font-family: var(--body_typography-font-family);font-size: var(--body_typography-font-size);font-weight: var(--body_typography-font-weight);letter-spacing: var(--body_typography-letter-spacing)\">Nasci em Col\u00f3nia, Alemanha, estudei na RWTH Aachen e na Humboldt-University Berlin, e obtive o meu doutoramento em Sociologia na Universidade T\u00e9cnica de Berlim.<br \/>\n<\/span><span style=\"color: var(--body_typography-color);font-family: var(--body_typography-font-family);font-size: var(--body_typography-font-size);font-weight: var(--body_typography-font-weight);letter-spacing: var(--body_typography-letter-spacing)\"><img decoding=\"async\" class=\"lazyload wp-image-748 alignleft\" src=\"https:\/\/stnr.aps.pt\/conhecimento-ciencia-tecnologia\/wp-content\/uploads\/sites\/22\/2023\/10\/Nina-1-300x298.jpg\" data-orig-src=\"https:\/\/stnr.aps.pt\/conhecimento-ciencia-tecnologia\/wp-content\/uploads\/sites\/22\/2023\/10\/Nina-1-300x298.jpg\" alt=\"\" width=\"149\" height=\"148\" srcset=\"data:image\/svg+xml,%3Csvg%20xmlns%3D%27http%3A%2F%2Fwww.w3.org%2F2000%2Fsvg%27%20width%3D%27149%27%20height%3D%27148%27%20viewBox%3D%270%200%20149%20148%27%3E%3Crect%20width%3D%27149%27%20height%3D%27148%27%20fill-opacity%3D%220%22%2F%3E%3C%2Fsvg%3E\" data-srcset=\"https:\/\/stnr.aps.pt\/conhecimento-ciencia-tecnologia\/wp-content\/uploads\/sites\/22\/2023\/10\/Nina-1-66x66.jpg 66w, https:\/\/stnr.aps.pt\/conhecimento-ciencia-tecnologia\/wp-content\/uploads\/sites\/22\/2023\/10\/Nina-1-150x150.jpg 150w, https:\/\/stnr.aps.pt\/conhecimento-ciencia-tecnologia\/wp-content\/uploads\/sites\/22\/2023\/10\/Nina-1-200x199.jpg 200w, https:\/\/stnr.aps.pt\/conhecimento-ciencia-tecnologia\/wp-content\/uploads\/sites\/22\/2023\/10\/Nina-1-300x298.jpg 300w, https:\/\/stnr.aps.pt\/conhecimento-ciencia-tecnologia\/wp-content\/uploads\/sites\/22\/2023\/10\/Nina-1-400x397.jpg 400w, https:\/\/stnr.aps.pt\/conhecimento-ciencia-tecnologia\/wp-content\/uploads\/sites\/22\/2023\/10\/Nina-1.jpg 587w\" data-sizes=\"auto\" data-orig-sizes=\"(max-width: 149px) 100vw, 149px\" \/>Desenvolvi a minha rela\u00e7\u00e3o profissional com Portugal ao longo da \u00faltima d\u00e9cada, como investigadora visitante no CESNOVA (hoje CICS.NOVA, FCSH), na Universidade de Estocolmo, na Universidade de Gotemburgo e trabalhei no CES Coimbra e no ICS\/CECS, Universidade do Minho. Desde 2020 estou no ICS, Universidade de Lisboa, com o meu atual projeto de investiga\u00e7\u00e3o AFFECT. Sou cofundadora da rede de investiga\u00e7\u00e3o independente <\/span><a style=\"font-family: var(--body_typography-font-family);font-size: var(--body_typography-font-size);font-weight: var(--body_typography-font-weight);letter-spacing: var(--body_typography-letter-spacing)\" href=\"https:\/\/www.sts-migtec.org\/\">STS MIGTEC<\/a><span style=\"color: var(--body_typography-color);font-family: var(--body_typography-font-family);font-size: var(--body_typography-font-size);font-weight: var(--body_typography-font-weight);letter-spacing: var(--body_typography-letter-spacing)\">.<br \/>\nPodem encontrar mais sobre a minha biografia profissional <\/span><a style=\"font-family: var(--body_typography-font-family);font-size: var(--body_typography-font-size);font-weight: var(--body_typography-font-weight);letter-spacing: var(--body_typography-letter-spacing)\" href=\"https:\/\/www.ics.ulisboa.pt\/pessoa\/nina-amelung\">aqui<\/a><span style=\"color: var(--body_typography-color);font-family: var(--body_typography-font-family);font-size: var(--body_typography-font-size);font-weight: var(--body_typography-font-weight);letter-spacing: var(--body_typography-letter-spacing)\">.<br \/>\n<\/span><span style=\"color: var(--body_typography-color);font-family: var(--body_typography-font-family);font-size: var(--body_typography-font-size);font-weight: var(--body_typography-font-weight);letter-spacing: var(--body_typography-letter-spacing)\">Sou uma ciclista apaixonada, um otimista incur\u00e1vel e, em algum momento, serei fluente em portugu\u00eas. Sinto que as minhas ambi\u00e7\u00f5es ao n\u00edvel da investiga\u00e7\u00e3o s\u00e3o perfeitamente descritas pelas palavras de Ruha Benjamin: &#8220;Lembra-te de imaginar e criar os mundos sem os quais n\u00e3o podes viver, ao mesmo tempo que desmantelas aqueles em que n\u00e3o podes viver.&#8221; (Ruha Benjamin).<\/span><\/p>\n<p><span>I was born in Cologne, Germany, studied at the RWTH Aachen and Humboldt-University Berlin, and obtained my PhD in Sociology at the Technical University Berlin. I developed my professional relationship with Portugal over the last decade, I have been visiting scholar at CESNOVA (today CICS.NOVA, FCSH), University of Stockholm, University of Gothenburg, and worked previously at CES Coimbra and at ICS\/CECS, Universidade do Minho. Since 2020, I\u2019m at ICS, Universidade de Lisboa, with my current research project AFFECT. I am co-founder of the independent research network <\/span><a href=\"https:\/\/www.sts-migtec.org\/\">STS MIGTEC<\/a><span>.<br \/>You can find more about my professional bio <\/span><a href=\"https:\/\/www.ics.ulisboa.pt\/pessoa\/nina-amelung\">here<\/a><span>.<br \/><\/span><span style=\"color: var(--body_typography-color);font-family: var(--body_typography-font-family);font-size: var(--body_typography-font-size);font-weight: var(--body_typography-font-weight);letter-spacing: var(--body_typography-letter-spacing)\">I\u2019m a passionate cyclist, an incurable optimist in life, and at some point in time will be fluent in Portuguese. My ambition of critical and relevant research I feel is best described with the words of Ruha Benjamin: &#8220;Remember to imagine and craft the worlds you cannot live without, just as you dismantle the ones you cannot live within.&#8221;<\/span><\/p>\n<p><b><span>Rafaela Granja <\/span><\/b><i><span>(english version below)<\/span><\/i><b><br \/>\n<\/b><span style=\"color: var(--body_typography-color);font-family: var(--body_typography-font-family);font-size: var(--body_typography-font-size);font-weight: var(--body_typography-font-weight);letter-spacing: var(--body_typography-letter-spacing)\">A minha carreira acad\u00e9mica est\u00e1 ancorada na interse\u00e7\u00e3o entre a sociologia do crime e da justi\u00e7a e os estudos sociais da ci\u00eancia e tecnologia.<br \/>\nRealizei o meu doutoramento na Universidade do Minho (2015), desenvolvi investiga\u00e7\u00e3o no CES Coimbra (2015-2017) e fui investigadora visitante na Universidade do Rio Grande do Sul (2016), Brasil e na Universidade de Cambridge (2012).<\/span><\/p>\n<p><span style=\"color: var(--body_typography-color);font-family: var(--body_typography-font-family);font-size: var(--body_typography-font-size);font-weight: var(--body_typography-font-weight);letter-spacing: var(--body_typography-letter-spacing)\"><img decoding=\"async\" class=\"lazyload wp-image-749 alignleft\" src=\"https:\/\/stnr.aps.pt\/conhecimento-ciencia-tecnologia\/wp-content\/uploads\/sites\/22\/2023\/10\/Rafaela-1-297x300.jpg\" data-orig-src=\"https:\/\/stnr.aps.pt\/conhecimento-ciencia-tecnologia\/wp-content\/uploads\/sites\/22\/2023\/10\/Rafaela-1-297x300.jpg\" alt=\"\" width=\"145\" height=\"146\" srcset=\"data:image\/svg+xml,%3Csvg%20xmlns%3D%27http%3A%2F%2Fwww.w3.org%2F2000%2Fsvg%27%20width%3D%27145%27%20height%3D%27146%27%20viewBox%3D%270%200%20145%20146%27%3E%3Crect%20width%3D%27145%27%20height%3D%27146%27%20fill-opacity%3D%220%22%2F%3E%3C%2Fsvg%3E\" data-srcset=\"https:\/\/stnr.aps.pt\/conhecimento-ciencia-tecnologia\/wp-content\/uploads\/sites\/22\/2023\/10\/Rafaela-1-66x66.jpg 66w, https:\/\/stnr.aps.pt\/conhecimento-ciencia-tecnologia\/wp-content\/uploads\/sites\/22\/2023\/10\/Rafaela-1-150x150.jpg 150w, https:\/\/stnr.aps.pt\/conhecimento-ciencia-tecnologia\/wp-content\/uploads\/sites\/22\/2023\/10\/Rafaela-1-200x202.jpg 200w, https:\/\/stnr.aps.pt\/conhecimento-ciencia-tecnologia\/wp-content\/uploads\/sites\/22\/2023\/10\/Rafaela-1-297x300.jpg 297w, https:\/\/stnr.aps.pt\/conhecimento-ciencia-tecnologia\/wp-content\/uploads\/sites\/22\/2023\/10\/Rafaela-1-400x404.jpg 400w, https:\/\/stnr.aps.pt\/conhecimento-ciencia-tecnologia\/wp-content\/uploads\/sites\/22\/2023\/10\/Rafaela-1-600x606.jpg 600w, https:\/\/stnr.aps.pt\/conhecimento-ciencia-tecnologia\/wp-content\/uploads\/sites\/22\/2023\/10\/Rafaela-1.jpg 622w\" data-sizes=\"auto\" data-orig-sizes=\"(max-width: 145px) 100vw, 145px\" \/>Estou atualmente no CECS, Universidade do Minho, onde me dedico a explorar a vigil\u00e2ncia tecnol\u00f3gica de popula\u00e7\u00f5es criminalizadas em diferentes fases do sistema de justi\u00e7a criminal, nomeadamente investiga\u00e7\u00f5es criminais, medidas comunit\u00e1rias e reclus\u00e3o. Embora as quest\u00f5es associadas ao crime ocupem a maior parte do meu tempo profissional, o meu tempo livre \u00e9 preenchido com yoga, medita\u00e7\u00e3o e aventuras culin\u00e1rias.<br \/>\n<\/span><span style=\"color: var(--body_typography-color);font-family: var(--body_typography-font-family);font-size: var(--body_typography-font-size);font-weight: var(--body_typography-font-weight);letter-spacing: var(--body_typography-letter-spacing)\">Os detalhes sobre o meu percurso acad\u00e9mico e produ\u00e7\u00e3o cient\u00edfica est\u00e3o dispon\u00edveis <a href=\"https:\/\/www.cienciavitae.pt\/8119-5F30-83B3\">aqui<\/a>.<\/span><\/p>\n<p><span style=\"font-size: revert;letter-spacing: 0px\">My academic career has been built on the intersection between sociology of crime and justice and social studies of science and technology. I obtained my PhD at University of Minho (2015), worked at CES Coimbra (2015- 2017) and have been a visiting scholar at University of Rio Grande do Sul, Brazil (2016), and Cambridge University, the UK (2012). I am currently based at CECS, University of Minho, dedicated to exploring the technological surveillance of criminalized populations at different stages of the criminal justice system, namely criminal investigations, community measures, and imprisonment. <\/span><span style=\"font-family: var(--body_typography-font-family);font-size: var(--body_typography-font-size);font-weight: var(--body_typography-font-weight);letter-spacing: var(--body_typography-letter-spacing)\">Although crime-related matters occupy most of my professional time, beyond academia I enjoy yoga, meditation, and getting lost in time while cooking.<br \/><\/span><span style=\"font-family: var(--body_typography-font-family);font-size: var(--body_typography-font-size);font-weight: var(--body_typography-font-weight);letter-spacing: var(--body_typography-letter-spacing)\">You can find more details about my academic path and scientific production <\/span><a href=\"https:\/\/www.cienciavitae.pt\/8119-5F30-83B3\" style=\"font-family: var(--body_typography-font-family);font-size: var(--body_typography-font-size);font-weight: var(--body_typography-font-weight);letter-spacing: var(--body_typography-letter-spacing)\">here<\/a><span style=\"font-family: var(--body_typography-font-family);font-size: var(--body_typography-font-size);font-weight: var(--body_typography-font-weight);letter-spacing: var(--body_typography-letter-spacing)\">.<\/span><\/p>\n<\/div>\n<\/div>\n<p><!--more--><\/p>\n<\/div><\/div><\/div><div class=\"fusion-layout-column fusion_builder_column fusion-builder-column-1 fusion_builder_column_1_3 1_3 fusion-flex-column\" style=\"--awb-bg-size:cover;--awb-width-large:33.333333333333%;--awb-margin-top-large:0px;--awb-spacing-right-large:5.76%;--awb-margin-bottom-large:20px;--awb-spacing-left-large:5.76%;--awb-width-medium:33.333333333333%;--awb-order-medium:0;--awb-spacing-right-medium:5.76%;--awb-spacing-left-medium:5.76%;--awb-width-small:100%;--awb-order-small:0;--awb-spacing-right-small:1.92%;--awb-spacing-left-small:1.92%;\"><div class=\"fusion-column-wrapper fusion-column-has-shadow fusion-flex-justify-content-flex-start fusion-content-layout-column\"><\/div><\/div><div class=\"fusion-layout-column fusion_builder_column fusion-builder-column-2 fusion_builder_column_1_3 1_3 fusion-flex-column\" style=\"--awb-bg-size:cover;--awb-width-large:33.333333333333%;--awb-margin-top-large:0px;--awb-spacing-right-large:5.76%;--awb-margin-bottom-large:20px;--awb-spacing-left-large:5.76%;--awb-width-medium:33.333333333333%;--awb-order-medium:0;--awb-spacing-right-medium:5.76%;--awb-spacing-left-medium:5.76%;--awb-width-small:100%;--awb-order-small:0;--awb-spacing-right-small:1.92%;--awb-spacing-left-small:1.92%;\"><div class=\"fusion-column-wrapper fusion-column-has-shadow fusion-flex-justify-content-flex-start fusion-content-layout-column\"><\/div><\/div><div class=\"fusion-layout-column fusion_builder_column fusion-builder-column-3 fusion_builder_column_1_3 1_3 fusion-flex-column\" style=\"--awb-bg-size:cover;--awb-width-large:33.333333333333%;--awb-margin-top-large:0px;--awb-spacing-right-large:5.76%;--awb-margin-bottom-large:20px;--awb-spacing-left-large:5.76%;--awb-width-medium:33.333333333333%;--awb-order-medium:0;--awb-spacing-right-medium:5.76%;--awb-spacing-left-medium:5.76%;--awb-width-small:100%;--awb-order-small:0;--awb-spacing-right-small:1.92%;--awb-spacing-left-small:1.92%;\"><div class=\"fusion-column-wrapper fusion-column-has-shadow fusion-flex-justify-content-flex-start fusion-content-layout-column\"><\/div><\/div><\/div><\/div>\n","protected":false},"excerpt":{"rendered":"<p>Ana Ferreira (english version below) Sou investigadora auxiliar no Centro Interdisciplinar de Ci\u00eancias Sociais (CICS.NOVA), da Faculdade de Ci\u00eancias Sociais e Humanas da Universidade Nova de Lisboa (NOVA FCSH). O meu trabalho tem por objetivo compreender de que forma as transforma\u00e7\u00f5es que t\u00eam vindo a decorrer ao longo das \u00faltimas d\u00e9cadas nas organiza\u00e7\u00f5es acad\u00e9micas, aproximando-as <a href=\"https:\/\/stnr.aps.pt\/conhecimento-ciencia-tecnologia\/quem-somos\/\"> [&#8230;]<\/a><\/p>\n","protected":false},"author":1,"featured_media":0,"parent":0,"menu_order":0,"comment_status":"closed","ping_status":"closed","template":"","meta":{"footnotes":""},"class_list":["post-7","page","type-page","status-publish","hentry"],"_links":{"self":[{"href":"https:\/\/stnr.aps.pt\/conhecimento-ciencia-tecnologia\/wp-json\/wp\/v2\/pages\/7","targetHints":{"allow":["GET"]}}],"collection":[{"href":"https:\/\/stnr.aps.pt\/conhecimento-ciencia-tecnologia\/wp-json\/wp\/v2\/pages"}],"about":[{"href":"https:\/\/stnr.aps.pt\/conhecimento-ciencia-tecnologia\/wp-json\/wp\/v2\/types\/page"}],"author":[{"embeddable":true,"href":"https:\/\/stnr.aps.pt\/conhecimento-ciencia-tecnologia\/wp-json\/wp\/v2\/users\/1"}],"replies":[{"embeddable":true,"href":"https:\/\/stnr.aps.pt\/conhecimento-ciencia-tecnologia\/wp-json\/wp\/v2\/comments?post=7"}],"version-history":[{"count":23,"href":"https:\/\/stnr.aps.pt\/conhecimento-ciencia-tecnologia\/wp-json\/wp\/v2\/pages\/7\/revisions"}],"predecessor-version":[{"id":798,"href":"https:\/\/stnr.aps.pt\/conhecimento-ciencia-tecnologia\/wp-json\/wp\/v2\/pages\/7\/revisions\/798"}],"wp:attachment":[{"href":"https:\/\/stnr.aps.pt\/conhecimento-ciencia-tecnologia\/wp-json\/wp\/v2\/media?parent=7"}],"curies":[{"name":"wp","href":"https:\/\/api.w.org\/{rel}","templated":true}]}}