{"id":516,"date":"2021-11-29T16:15:34","date_gmt":"2021-11-29T16:15:34","guid":{"rendered":"https:\/\/stnr.aps.pt\/conhecimento-ciencia-tecnologia\/?page_id=516"},"modified":"2023-10-22T09:17:40","modified_gmt":"2023-10-22T09:17:40","slug":"encontro-3-da-seccao-tematica","status":"publish","type":"page","link":"https:\/\/stnr.aps.pt\/conhecimento-ciencia-tecnologia\/encontro-3-da-seccao-tematica\/","title":{"rendered":"encontro 3 da sec\u00e7\u00e3o tem\u00e1tica"},"content":{"rendered":"<div class=\"fusion-fullwidth fullwidth-box fusion-builder-row-1 fusion-flex-container nonhundred-percent-fullwidth non-hundred-percent-height-scrolling\" style=\"--awb-border-radius-top-left:0px;--awb-border-radius-top-right:0px;--awb-border-radius-bottom-right:0px;--awb-border-radius-bottom-left:0px;--awb-flex-wrap:wrap;\" ><div class=\"fusion-builder-row fusion-row fusion-flex-align-items-flex-start fusion-flex-content-wrap\" style=\"max-width:calc( 1100px + 0px );margin-left: calc(-0px \/ 2 );margin-right: calc(-0px \/ 2 );\"><div class=\"fusion-layout-column fusion_builder_column fusion-builder-column-0 fusion_builder_column_1_1 1_1 fusion-flex-column\" style=\"--awb-bg-size:cover;--awb-width-large:100%;--awb-margin-top-large:0px;--awb-spacing-right-large:0px;--awb-margin-bottom-large:0px;--awb-spacing-left-large:0px;--awb-width-medium:100%;--awb-spacing-right-medium:0px;--awb-spacing-left-medium:0px;--awb-width-small:100%;--awb-spacing-right-small:0px;--awb-spacing-left-small:0px;\"><div class=\"fusion-column-wrapper fusion-flex-justify-content-flex-start fusion-content-layout-column\"><div class=\"fusion-text fusion-text-1\"><p><b><span><span>Eventos<\/span>  <\/span>                                                                                                                                                                                          <\/b><span style=\"color: var(--body_typography-color);font-family: var(--body_typography-font-family);font-size: var(--body_typography-font-size);font-weight: var(--body_typography-font-weight);letter-spacing: var(--body_typography-letter-spacing)\"><i><span>(english version below)<\/span><\/i><\/span><\/p>\n<p>As seguintes atividades visam criar espa\u00e7os de discuss\u00e3o do repert\u00f3rio partilhado de conhecimento dos estudos sociais da ci\u00eancia e tecnologia e abrir novos caminhos:<\/p>\n<\/p>\n<p>\u00b7  \tParticipar e estimular a participa\u00e7\u00e3o em eventos iniciados e planeados pela coordena\u00e7\u00e3o anterior;<br \/><span style=\"color: var(--body_typography-color);font-family: var(--body_typography-font-family);font-size: var(--body_typography-font-size);font-weight: var(--body_typography-font-weight);letter-spacing: var(--body_typography-letter-spacing)\">\u00b7  \tOrganizar a confer\u00eancia bienal da se\u00e7\u00e3o tem\u00e1tica reunindo diferentes grupos\/subcampos dentro dos estudos sociais da ci\u00eancia e tecnologia, facilitando a partilha e o di\u00e1logo, estabelecendo uma agenda sens\u00edvel a compromissos com &#8216;crises m\u00faltiplas&#8217;, articulando ativamente com parceiros internacionais (ou seja, associa\u00e7\u00f5es dos estudos sociais da ci\u00eancia e tecnologia) e com \u00e1reas interdependentes de especializa\u00e7\u00e3o e conhecimento;<br \/><\/span><span style=\"color: var(--body_typography-color);font-family: var(--body_typography-font-family);font-size: var(--body_typography-font-size);font-weight: var(--body_typography-font-weight);letter-spacing: var(--body_typography-letter-spacing)\">\u00b7  \tOrganizar uma escola de ver\u00e3o de cariz internacional sobre os estudos sociais da ci\u00eancia e tecnologia (em conjunto com a confer\u00eancia bienal) para intensificar e fortalecer o envolvimento de acad\u00e9micos\/as em in\u00edcio de carreira com contribui\u00e7\u00f5es te\u00f3ricas e emp\u00edricas feministas, p\u00f3s-coloniais e decoloniais;<br \/><\/span><span style=\"color: var(--body_typography-color);font-family: var(--body_typography-font-family);font-size: var(--body_typography-font-size);font-weight: var(--body_typography-font-weight);letter-spacing: var(--body_typography-letter-spacing)\">\u00b7  \tOrganizar, no \u00e2mbito do congresso da APS, as sess\u00f5es desta sec\u00e7\u00e3o tem\u00e1tica;<br \/><\/span><span style=\"color: var(--body_typography-color);font-family: var(--body_typography-font-family);font-size: var(--body_typography-font-size);font-weight: var(--body_typography-font-weight);letter-spacing: var(--body_typography-letter-spacing)\">\u00b7  \tOrganizar o lan\u00e7amento do livro colectivo a ser organizado e publicado por uma editora internacional com contribui\u00e7\u00f5es de membros da comunidade (ver abaixo, \u201cpublica\u00e7\u00f5es\u201d);<br \/><\/span><span style=\"color: var(--body_typography-color);font-family: var(--body_typography-font-family);font-size: var(--body_typography-font-size);font-weight: var(--body_typography-font-weight);letter-spacing: var(--body_typography-letter-spacing)\">\u00b7  \tPotenciar a coes\u00e3o e o crescimento da comunidade por via do envolvimento de acad\u00e9micos\/as em in\u00edcio de carreira na organiza\u00e7\u00e3o dos eventos propostos.<\/span><\/p>\n<\/p>\n<p><b>Divulga\u00e7\u00e3o e sedimenta\u00e7\u00e3o de sinergias<\/b><\/p>\n<p>As seguintes atividades pretendem facilitar o acesso ao conhecimento sobre o trabalho dos membros da comunidade dos estudos sociais da ci\u00eancia e tecnologia e criar sinergias entre e al\u00e9m dos membros da se\u00e7\u00e3o tem\u00e1tica:<\/p>\n<\/p>\n<p>\u00b7  \tDivulgar ativamente publica\u00e7\u00f5es, atividades formativas, eventos, grupos de leitura, oficinas e outras atividades de interesse da comunidade por meio dos seguintes canais:<br \/><span style=\"color: var(--body_typography-color);font-family: var(--body_typography-font-family);font-size: var(--body_typography-font-size);font-weight: var(--body_typography-font-weight);letter-spacing: var(--body_typography-letter-spacing)\">          \u00b7  \tAtualiza\u00e7\u00e3o do website e redes sociais j\u00e1 estabelecidos da sec\u00e7\u00e3o tem\u00e1tica;<br \/><\/span><span style=\"color: var(--body_typography-color);font-family: var(--body_typography-font-family);font-size: var(--body_typography-font-size);font-weight: var(--body_typography-font-weight);letter-spacing: var(--body_typography-letter-spacing)\">          \u00b7  \tCriar uma mailing list aberta a todos os membros da comunidade para promover a divulga\u00e7\u00e3o direta.<\/span><\/p>\n<\/p>\n<p><b>Publica\u00e7\u00f5es<\/b><\/p>\n<\/p>\n<p>As seguintes atividades visam criar visibilidade e contribuir para o repert\u00f3rio de conhecimento dos estudos sociais da tecnologia:<\/p>\n<p>\u00b7  \tPublicar um livro coletivo numa editora internacional com contribui\u00e7\u00f5es de membros da comunidade;<br \/><span style=\"color: var(--body_typography-color);font-family: var(--body_typography-font-family);font-size: var(--body_typography-font-size);font-weight: var(--body_typography-font-weight);letter-spacing: var(--body_typography-letter-spacing)\">\u00b7  \tPublicar um artigo que reflete sobre a comunidade dos estudos sociais da ci\u00eancia e tecnologia em e sobre Portugal.<\/span><\/p>\n<p><b>Planned activities, according to typology<\/b><\/p>\n<p><b>Events<\/b><\/p>\n<p>The following activities are aimed to create spaces of discussion of the shared repertoire of STS knowledge and open up for novel directions:<\/p>\n<\/p>\n<ul>\n<li><span>Participate and stimulate STS scholars\u2019 participation in the events initiated and planned by the previous coordinating team;<\/span><\/li>\n<li><span style=\"font-family: var(--body_typography-font-family);font-size: var(--body_typography-font-size);font-weight: var(--body_typography-font-weight);letter-spacing: var(--body_typography-letter-spacing)\">Organize the biennial conference of the thematic section bringing together different groups\/subfields within STS, facilitating exchange and dialogue, setting an agenda sensitive to critical and constructive engagements with \u2018multiple crises\u2019, actively articulating with international counterparts (i.e., STS associations) and interdependent areas of expertise and knowledge;<\/span><\/li>\n<li><span style=\"font-family: var(--body_typography-font-family);font-size: var(--body_typography-font-size);font-weight: var(--body_typography-font-weight);letter-spacing: var(--body_typography-letter-spacing)\">Organize an international STS summer school (together with the biennial conference)  to intensify and strengthen early career scholars\u2019 engagement with feminist, post- and decolonial STS theoretical and empirical contributions;<\/span><\/li>\n<li><span style=\"font-family: var(--body_typography-font-family);font-size: var(--body_typography-font-size);font-weight: var(--body_typography-font-weight);letter-spacing: var(--body_typography-letter-spacing)\">Organize, within the scope of the APS congress, the sessions of this thematic section;<\/span><\/li>\n<li><span style=\"font-family: var(--body_typography-font-family);font-size: var(--body_typography-font-size);font-weight: var(--body_typography-font-weight);letter-spacing: var(--body_typography-letter-spacing)\">Organize a book launch for the edited volume to be organized and published by an international publishing house with contributions from members of the community (see below, under \u201cpublications\u201d);<\/span><\/li>\n<li><span style=\"font-family: var(--body_typography-font-family);font-size: var(--body_typography-font-size);font-weight: var(--body_typography-font-weight);letter-spacing: var(--body_typography-letter-spacing)\">Foster community building by promoting the engagement of early career scholars in the organization of such events.<\/span><\/li>\n<\/ul>\n<p><b>Dissemination and community building<\/b><\/p>\n<p>The following activities are planned to raise awareness of members\u2019 work and create synergies across and beyond members of the thematic section:<\/p>\n<p>Actively disseminate publications, training opportunities, events, reading groups, and workshops, and other activities of interest to the community through the following channels:<\/p>\n<ul>\n<li><span>Updating the established webpage and social networks of the thematic section;<\/span><\/li>\n<li><span style=\"font-family: var(--body_typography-font-family);font-size: var(--body_typography-font-size);font-weight: var(--body_typography-font-weight);letter-spacing: var(--body_typography-letter-spacing)\">Establishing a mailing list open to all members of the community to foster direct dissemination.<\/span><\/li>\n<\/ul>\n<p><b>Publications<\/b><\/p>\n<p>The following activities are designed to create visibility and contribute to the STS knowledge repertoire:<\/p>\n<ul>\n<li><span>Publish an edited book with an international publishing house with contributions from members of the community;<\/span><\/li>\n<li><span style=\"font-family: var(--body_typography-font-family);font-size: var(--body_typography-font-size);font-weight: var(--body_typography-font-weight);letter-spacing: var(--body_typography-letter-spacing)\">Publish an article reflecting on the STS community in and about Portugal.<\/span><\/li>\n<\/ul>\n<\/div><\/div><\/div><\/div><\/div>\n","protected":false},"excerpt":{"rendered":"","protected":false},"author":4,"featured_media":0,"parent":0,"menu_order":0,"comment_status":"closed","ping_status":"closed","template":"","meta":{"footnotes":""},"class_list":["post-516","page","type-page","status-publish","hentry"],"_links":{"self":[{"href":"https:\/\/stnr.aps.pt\/conhecimento-ciencia-tecnologia\/wp-json\/wp\/v2\/pages\/516","targetHints":{"allow":["GET"]}}],"collection":[{"href":"https:\/\/stnr.aps.pt\/conhecimento-ciencia-tecnologia\/wp-json\/wp\/v2\/pages"}],"about":[{"href":"https:\/\/stnr.aps.pt\/conhecimento-ciencia-tecnologia\/wp-json\/wp\/v2\/types\/page"}],"author":[{"embeddable":true,"href":"https:\/\/stnr.aps.pt\/conhecimento-ciencia-tecnologia\/wp-json\/wp\/v2\/users\/4"}],"replies":[{"embeddable":true,"href":"https:\/\/stnr.aps.pt\/conhecimento-ciencia-tecnologia\/wp-json\/wp\/v2\/comments?post=516"}],"version-history":[{"count":9,"href":"https:\/\/stnr.aps.pt\/conhecimento-ciencia-tecnologia\/wp-json\/wp\/v2\/pages\/516\/revisions"}],"predecessor-version":[{"id":795,"href":"https:\/\/stnr.aps.pt\/conhecimento-ciencia-tecnologia\/wp-json\/wp\/v2\/pages\/516\/revisions\/795"}],"wp:attachment":[{"href":"https:\/\/stnr.aps.pt\/conhecimento-ciencia-tecnologia\/wp-json\/wp\/v2\/media?parent=516"}],"curies":[{"name":"wp","href":"https:\/\/api.w.org\/{rel}","templated":true}]}}