{"id":514,"date":"2021-11-29T16:14:46","date_gmt":"2021-11-29T16:14:46","guid":{"rendered":"https:\/\/stnr.aps.pt\/classes-desigualdades-politicas-publicas\/?page_id=514"},"modified":"2025-03-05T11:39:35","modified_gmt":"2025-03-05T11:39:35","slug":"encontro-2-da-seccao-tematica","status":"publish","type":"page","link":"https:\/\/stnr.aps.pt\/classes-desigualdades-politicas-publicas\/encontro-2-da-seccao-tematica\/","title":{"rendered":"encontro 1 da sec\u00e7\u00e3o tem\u00e1tica &#8211; 2017"},"content":{"rendered":"<p><div class=\"fusion-fullwidth fullwidth-box fusion-builder-row-1 fusion-flex-container nonhundred-percent-fullwidth non-hundred-percent-height-scrolling\" style=\"--awb-border-radius-top-left:0px;--awb-border-radius-top-right:0px;--awb-border-radius-bottom-right:0px;--awb-border-radius-bottom-left:0px;--awb-flex-wrap:wrap;\" ><div class=\"fusion-builder-row fusion-row fusion-flex-align-items-flex-start fusion-flex-content-wrap\" style=\"max-width:1144px;margin-left: calc(-4% \/ 2 );margin-right: calc(-4% \/ 2 );\"><div class=\"fusion-layout-column fusion_builder_column fusion-builder-column-0 fusion_builder_column_1_1 1_1 fusion-flex-column\" style=\"--awb-bg-size:cover;--awb-width-large:100%;--awb-margin-top-large:0px;--awb-spacing-right-large:1.92%;--awb-margin-bottom-large:20px;--awb-spacing-left-large:1.92%;--awb-width-medium:100%;--awb-order-medium:0;--awb-spacing-right-medium:1.92%;--awb-spacing-left-medium:1.92%;--awb-width-small:100%;--awb-order-small:0;--awb-spacing-right-small:1.92%;--awb-spacing-left-small:1.92%;\"><div class=\"fusion-column-wrapper fusion-column-has-shadow fusion-flex-justify-content-flex-start fusion-content-layout-column\"><div class=\"fusion-text fusion-text-1\"><p style=\"text-align: center\">O 1\u00ba encontro da ST Classes, Desigualdades e Pol\u00edticas P\u00fablicas decorreu na Escola Superior de Educa\u00e7\u00e3o e Ci\u00eancias Sociais do Instituto Polit\u00e9cnico de Portalegre no dia 20 de abril de 2017. Foi organizado um col\u00f3quio dedicado aos temas das &#8220;(Des)igualdades, exclus\u00f5es e pol\u00edticas p\u00fablicas em territ\u00f3rios de baixa densidade&#8221;.<\/p>\n<\/div><div class=\"fusion-text fusion-text-2 fusion-animated\" data-animationType=\"slideInRight\" data-animationDuration=\"0.3\" data-animationOffset=\"top-into-view\"><\/div><div class=\"fusion-text fusion-text-3\"><p style=\"text-align: center\"><strong><a href=\"https:\/\/aps.pt\/wp-content\/uploads\/2017\/09\/ST-Pobreza-e-Classes_Programa_Coloquio-Portalegre_2017.pdf\">Programa<\/a><\/strong><\/p>\n<\/div><\/div><\/div><\/div><\/div><div class=\"fusion-fullwidth fullwidth-box fusion-builder-row-2 fusion-flex-container nonhundred-percent-fullwidth non-hundred-percent-height-scrolling\" style=\"--awb-border-radius-top-left:0px;--awb-border-radius-top-right:0px;--awb-border-radius-bottom-right:0px;--awb-border-radius-bottom-left:0px;--awb-flex-wrap:wrap;\" ><div class=\"fusion-builder-row fusion-row fusion-flex-align-items-flex-start fusion-flex-content-wrap\" style=\"max-width:1144px;margin-left: calc(-4% \/ 2 );margin-right: calc(-4% \/ 2 );\"><div class=\"fusion-layout-column fusion_builder_column fusion-builder-column-1 fusion_builder_column_1_4 1_4 fusion-flex-column\" style=\"--awb-bg-size:cover;--awb-width-large:25%;--awb-margin-top-large:0px;--awb-spacing-right-large:7.68%;--awb-margin-bottom-large:20px;--awb-spacing-left-large:7.68%;--awb-width-medium:25%;--awb-order-medium:0;--awb-spacing-right-medium:7.68%;--awb-spacing-left-medium:7.68%;--awb-width-small:100%;--awb-order-small:0;--awb-spacing-right-small:1.92%;--awb-spacing-left-small:1.92%;\"><div class=\"fusion-column-wrapper fusion-column-has-shadow fusion-flex-justify-content-flex-start fusion-content-layout-column\"><div class=\"fusion-image-element \" style=\"--awb-caption-title-font-family:var(--h2_typography-font-family);--awb-caption-title-font-weight:var(--h2_typography-font-weight);--awb-caption-title-font-style:var(--h2_typography-font-style);--awb-caption-title-size:var(--h2_typography-font-size);--awb-caption-title-transform:var(--h2_typography-text-transform);--awb-caption-title-line-height:var(--h2_typography-line-height);--awb-caption-title-letter-spacing:var(--h2_typography-letter-spacing);\"><span class=\" fusion-imageframe imageframe-none imageframe-1 hover-type-none\"><img decoding=\"async\" width=\"300\" height=\"201\" title=\"DSC_0668\" src=\"https:\/\/stnr.aps.pt\/classes-desigualdades-politicas-publicas\/wp-content\/uploads\/sites\/21\/2023\/01\/DSC_0668-scaled.jpg\" data-orig-src=\"https:\/\/stnr.aps.pt\/classes-desigualdades-politicas-publicas\/wp-content\/uploads\/sites\/21\/2023\/01\/DSC_0668-300x201.jpg\" alt class=\"lazyload img-responsive wp-image-929\" srcset=\"data:image\/svg+xml,%3Csvg%20xmlns%3D%27http%3A%2F%2Fwww.w3.org%2F2000%2Fsvg%27%20width%3D%272560%27%20height%3D%271714%27%20viewBox%3D%270%200%202560%201714%27%3E%3Crect%20width%3D%272560%27%20height%3D%271714%27%20fill-opacity%3D%220%22%2F%3E%3C%2Fsvg%3E\" data-srcset=\"https:\/\/stnr.aps.pt\/classes-desigualdades-politicas-publicas\/wp-content\/uploads\/sites\/21\/2023\/01\/DSC_0668-200x134.jpg 200w, https:\/\/stnr.aps.pt\/classes-desigualdades-politicas-publicas\/wp-content\/uploads\/sites\/21\/2023\/01\/DSC_0668-400x268.jpg 400w, https:\/\/stnr.aps.pt\/classes-desigualdades-politicas-publicas\/wp-content\/uploads\/sites\/21\/2023\/01\/DSC_0668-600x402.jpg 600w, https:\/\/stnr.aps.pt\/classes-desigualdades-politicas-publicas\/wp-content\/uploads\/sites\/21\/2023\/01\/DSC_0668-800x536.jpg 800w, https:\/\/stnr.aps.pt\/classes-desigualdades-politicas-publicas\/wp-content\/uploads\/sites\/21\/2023\/01\/DSC_0668-1200x803.jpg 1200w\" data-sizes=\"auto\" data-orig-sizes=\"(max-width: 640px) 100vw, 400px\" \/><\/span><\/div><\/div><\/div><div class=\"fusion-layout-column fusion_builder_column fusion-builder-column-2 fusion_builder_column_1_4 1_4 fusion-flex-column\" style=\"--awb-bg-size:cover;--awb-width-large:25%;--awb-margin-top-large:0px;--awb-spacing-right-large:7.68%;--awb-margin-bottom-large:20px;--awb-spacing-left-large:7.68%;--awb-width-medium:25%;--awb-order-medium:0;--awb-spacing-right-medium:7.68%;--awb-spacing-left-medium:7.68%;--awb-width-small:100%;--awb-order-small:0;--awb-spacing-right-small:1.92%;--awb-spacing-left-small:1.92%;\"><div class=\"fusion-column-wrapper fusion-column-has-shadow fusion-flex-justify-content-flex-start fusion-content-layout-column\"><div class=\"fusion-image-element \" style=\"--awb-caption-title-font-family:var(--h2_typography-font-family);--awb-caption-title-font-weight:var(--h2_typography-font-weight);--awb-caption-title-font-style:var(--h2_typography-font-style);--awb-caption-title-size:var(--h2_typography-font-size);--awb-caption-title-transform:var(--h2_typography-text-transform);--awb-caption-title-line-height:var(--h2_typography-line-height);--awb-caption-title-letter-spacing:var(--h2_typography-letter-spacing);\"><span class=\" fusion-imageframe imageframe-none imageframe-2 hover-type-none\"><img decoding=\"async\" width=\"300\" height=\"201\" title=\"DSC_0688\" src=\"https:\/\/stnr.aps.pt\/classes-desigualdades-politicas-publicas\/wp-content\/uploads\/sites\/21\/2023\/01\/DSC_0688-scaled.jpg\" data-orig-src=\"https:\/\/stnr.aps.pt\/classes-desigualdades-politicas-publicas\/wp-content\/uploads\/sites\/21\/2023\/01\/DSC_0688-300x201.jpg\" alt class=\"lazyload img-responsive wp-image-930\" srcset=\"data:image\/svg+xml,%3Csvg%20xmlns%3D%27http%3A%2F%2Fwww.w3.org%2F2000%2Fsvg%27%20width%3D%272560%27%20height%3D%271714%27%20viewBox%3D%270%200%202560%201714%27%3E%3Crect%20width%3D%272560%27%20height%3D%271714%27%20fill-opacity%3D%220%22%2F%3E%3C%2Fsvg%3E\" data-srcset=\"https:\/\/stnr.aps.pt\/classes-desigualdades-politicas-publicas\/wp-content\/uploads\/sites\/21\/2023\/01\/DSC_0688-200x134.jpg 200w, https:\/\/stnr.aps.pt\/classes-desigualdades-politicas-publicas\/wp-content\/uploads\/sites\/21\/2023\/01\/DSC_0688-400x268.jpg 400w, https:\/\/stnr.aps.pt\/classes-desigualdades-politicas-publicas\/wp-content\/uploads\/sites\/21\/2023\/01\/DSC_0688-600x402.jpg 600w, https:\/\/stnr.aps.pt\/classes-desigualdades-politicas-publicas\/wp-content\/uploads\/sites\/21\/2023\/01\/DSC_0688-800x536.jpg 800w, https:\/\/stnr.aps.pt\/classes-desigualdades-politicas-publicas\/wp-content\/uploads\/sites\/21\/2023\/01\/DSC_0688-1200x803.jpg 1200w\" data-sizes=\"auto\" data-orig-sizes=\"(max-width: 640px) 100vw, 400px\" \/><\/span><\/div><\/div><\/div><div class=\"fusion-layout-column fusion_builder_column fusion-builder-column-3 fusion_builder_column_1_4 1_4 fusion-flex-column\" style=\"--awb-bg-size:cover;--awb-width-large:25%;--awb-margin-top-large:0px;--awb-spacing-right-large:7.68%;--awb-margin-bottom-large:20px;--awb-spacing-left-large:7.68%;--awb-width-medium:25%;--awb-order-medium:0;--awb-spacing-right-medium:7.68%;--awb-spacing-left-medium:7.68%;--awb-width-small:100%;--awb-order-small:0;--awb-spacing-right-small:1.92%;--awb-spacing-left-small:1.92%;\"><div class=\"fusion-column-wrapper fusion-column-has-shadow fusion-flex-justify-content-flex-start fusion-content-layout-column\"><div class=\"fusion-image-element \" style=\"--awb-caption-title-font-family:var(--h2_typography-font-family);--awb-caption-title-font-weight:var(--h2_typography-font-weight);--awb-caption-title-font-style:var(--h2_typography-font-style);--awb-caption-title-size:var(--h2_typography-font-size);--awb-caption-title-transform:var(--h2_typography-text-transform);--awb-caption-title-line-height:var(--h2_typography-line-height);--awb-caption-title-letter-spacing:var(--h2_typography-letter-spacing);\"><span class=\" fusion-imageframe imageframe-none imageframe-3 hover-type-none\"><img decoding=\"async\" width=\"300\" height=\"201\" title=\"DSC_0759\" src=\"https:\/\/stnr.aps.pt\/classes-desigualdades-politicas-publicas\/wp-content\/uploads\/sites\/21\/2023\/01\/DSC_0759-scaled.jpg\" data-orig-src=\"https:\/\/stnr.aps.pt\/classes-desigualdades-politicas-publicas\/wp-content\/uploads\/sites\/21\/2023\/01\/DSC_0759-300x201.jpg\" alt class=\"lazyload img-responsive wp-image-931\" srcset=\"data:image\/svg+xml,%3Csvg%20xmlns%3D%27http%3A%2F%2Fwww.w3.org%2F2000%2Fsvg%27%20width%3D%272560%27%20height%3D%271714%27%20viewBox%3D%270%200%202560%201714%27%3E%3Crect%20width%3D%272560%27%20height%3D%271714%27%20fill-opacity%3D%220%22%2F%3E%3C%2Fsvg%3E\" data-srcset=\"https:\/\/stnr.aps.pt\/classes-desigualdades-politicas-publicas\/wp-content\/uploads\/sites\/21\/2023\/01\/DSC_0759-200x134.jpg 200w, https:\/\/stnr.aps.pt\/classes-desigualdades-politicas-publicas\/wp-content\/uploads\/sites\/21\/2023\/01\/DSC_0759-400x268.jpg 400w, https:\/\/stnr.aps.pt\/classes-desigualdades-politicas-publicas\/wp-content\/uploads\/sites\/21\/2023\/01\/DSC_0759-600x402.jpg 600w, https:\/\/stnr.aps.pt\/classes-desigualdades-politicas-publicas\/wp-content\/uploads\/sites\/21\/2023\/01\/DSC_0759-800x536.jpg 800w, https:\/\/stnr.aps.pt\/classes-desigualdades-politicas-publicas\/wp-content\/uploads\/sites\/21\/2023\/01\/DSC_0759-1200x803.jpg 1200w\" data-sizes=\"auto\" data-orig-sizes=\"(max-width: 640px) 100vw, 400px\" \/><\/span><\/div><\/div><\/div><div class=\"fusion-layout-column fusion_builder_column fusion-builder-column-4 fusion_builder_column_1_4 1_4 fusion-flex-column\" style=\"--awb-bg-size:cover;--awb-width-large:25%;--awb-margin-top-large:0px;--awb-spacing-right-large:7.68%;--awb-margin-bottom-large:20px;--awb-spacing-left-large:7.68%;--awb-width-medium:25%;--awb-order-medium:0;--awb-spacing-right-medium:7.68%;--awb-spacing-left-medium:7.68%;--awb-width-small:100%;--awb-order-small:0;--awb-spacing-right-small:1.92%;--awb-spacing-left-small:1.92%;\"><div class=\"fusion-column-wrapper fusion-column-has-shadow fusion-flex-justify-content-flex-start fusion-content-layout-column\"><div class=\"fusion-image-element \" style=\"--awb-caption-title-font-family:var(--h2_typography-font-family);--awb-caption-title-font-weight:var(--h2_typography-font-weight);--awb-caption-title-font-style:var(--h2_typography-font-style);--awb-caption-title-size:var(--h2_typography-font-size);--awb-caption-title-transform:var(--h2_typography-text-transform);--awb-caption-title-line-height:var(--h2_typography-line-height);--awb-caption-title-letter-spacing:var(--h2_typography-letter-spacing);\"><span class=\" fusion-imageframe imageframe-none imageframe-4 hover-type-none\"><img decoding=\"async\" width=\"300\" height=\"201\" title=\"DSC_0750\" src=\"https:\/\/stnr.aps.pt\/classes-desigualdades-politicas-publicas\/wp-content\/uploads\/sites\/21\/2023\/01\/DSC_0750-scaled.jpg\" data-orig-src=\"https:\/\/stnr.aps.pt\/classes-desigualdades-politicas-publicas\/wp-content\/uploads\/sites\/21\/2023\/01\/DSC_0750-300x201.jpg\" alt class=\"lazyload img-responsive wp-image-932\" srcset=\"data:image\/svg+xml,%3Csvg%20xmlns%3D%27http%3A%2F%2Fwww.w3.org%2F2000%2Fsvg%27%20width%3D%272560%27%20height%3D%271714%27%20viewBox%3D%270%200%202560%201714%27%3E%3Crect%20width%3D%272560%27%20height%3D%271714%27%20fill-opacity%3D%220%22%2F%3E%3C%2Fsvg%3E\" data-srcset=\"https:\/\/stnr.aps.pt\/classes-desigualdades-politicas-publicas\/wp-content\/uploads\/sites\/21\/2023\/01\/DSC_0750-200x134.jpg 200w, https:\/\/stnr.aps.pt\/classes-desigualdades-politicas-publicas\/wp-content\/uploads\/sites\/21\/2023\/01\/DSC_0750-400x268.jpg 400w, https:\/\/stnr.aps.pt\/classes-desigualdades-politicas-publicas\/wp-content\/uploads\/sites\/21\/2023\/01\/DSC_0750-600x402.jpg 600w, https:\/\/stnr.aps.pt\/classes-desigualdades-politicas-publicas\/wp-content\/uploads\/sites\/21\/2023\/01\/DSC_0750-800x536.jpg 800w, https:\/\/stnr.aps.pt\/classes-desigualdades-politicas-publicas\/wp-content\/uploads\/sites\/21\/2023\/01\/DSC_0750-1200x803.jpg 1200w\" data-sizes=\"auto\" data-orig-sizes=\"(max-width: 640px) 100vw, 400px\" \/><\/span><\/div><\/div><\/div><\/div><\/div><div class=\"fusion-fullwidth fullwidth-box fusion-builder-row-3 fusion-flex-container nonhundred-percent-fullwidth non-hundred-percent-height-scrolling\" style=\"--awb-border-radius-top-left:0px;--awb-border-radius-top-right:0px;--awb-border-radius-bottom-right:0px;--awb-border-radius-bottom-left:0px;--awb-flex-wrap:wrap;\" ><div class=\"fusion-builder-row fusion-row fusion-flex-align-items-flex-start fusion-flex-content-wrap\" style=\"max-width:1144px;margin-left: calc(-4% \/ 2 );margin-right: calc(-4% \/ 2 );\"><div class=\"fusion-layout-column fusion_builder_column fusion-builder-column-5 fusion_builder_column_1_4 1_4 fusion-flex-column\" style=\"--awb-bg-size:cover;--awb-width-large:25%;--awb-margin-top-large:0px;--awb-spacing-right-large:7.68%;--awb-margin-bottom-large:20px;--awb-spacing-left-large:7.68%;--awb-width-medium:25%;--awb-order-medium:0;--awb-spacing-right-medium:7.68%;--awb-spacing-left-medium:7.68%;--awb-width-small:100%;--awb-order-small:0;--awb-spacing-right-small:1.92%;--awb-spacing-left-small:1.92%;\"><div class=\"fusion-column-wrapper fusion-column-has-shadow fusion-flex-justify-content-flex-start fusion-content-layout-column\"><div class=\"fusion-image-element \" style=\"--awb-caption-title-font-family:var(--h2_typography-font-family);--awb-caption-title-font-weight:var(--h2_typography-font-weight);--awb-caption-title-font-style:var(--h2_typography-font-style);--awb-caption-title-size:var(--h2_typography-font-size);--awb-caption-title-transform:var(--h2_typography-text-transform);--awb-caption-title-line-height:var(--h2_typography-line-height);--awb-caption-title-letter-spacing:var(--h2_typography-letter-spacing);\"><span class=\" fusion-imageframe imageframe-none imageframe-5 hover-type-none\"><img decoding=\"async\" width=\"300\" height=\"201\" title=\"DSC_0704\" src=\"https:\/\/stnr.aps.pt\/classes-desigualdades-politicas-publicas\/wp-content\/uploads\/sites\/21\/2023\/01\/DSC_0704-scaled.jpg\" data-orig-src=\"https:\/\/stnr.aps.pt\/classes-desigualdades-politicas-publicas\/wp-content\/uploads\/sites\/21\/2023\/01\/DSC_0704-300x201.jpg\" alt class=\"lazyload img-responsive wp-image-936\" srcset=\"data:image\/svg+xml,%3Csvg%20xmlns%3D%27http%3A%2F%2Fwww.w3.org%2F2000%2Fsvg%27%20width%3D%272560%27%20height%3D%271714%27%20viewBox%3D%270%200%202560%201714%27%3E%3Crect%20width%3D%272560%27%20height%3D%271714%27%20fill-opacity%3D%220%22%2F%3E%3C%2Fsvg%3E\" data-srcset=\"https:\/\/stnr.aps.pt\/classes-desigualdades-politicas-publicas\/wp-content\/uploads\/sites\/21\/2023\/01\/DSC_0704-200x134.jpg 200w, https:\/\/stnr.aps.pt\/classes-desigualdades-politicas-publicas\/wp-content\/uploads\/sites\/21\/2023\/01\/DSC_0704-400x268.jpg 400w, https:\/\/stnr.aps.pt\/classes-desigualdades-politicas-publicas\/wp-content\/uploads\/sites\/21\/2023\/01\/DSC_0704-600x402.jpg 600w, https:\/\/stnr.aps.pt\/classes-desigualdades-politicas-publicas\/wp-content\/uploads\/sites\/21\/2023\/01\/DSC_0704-800x536.jpg 800w, https:\/\/stnr.aps.pt\/classes-desigualdades-politicas-publicas\/wp-content\/uploads\/sites\/21\/2023\/01\/DSC_0704-1200x803.jpg 1200w\" data-sizes=\"auto\" data-orig-sizes=\"(max-width: 640px) 100vw, 400px\" \/><\/span><\/div><\/div><\/div><div class=\"fusion-layout-column fusion_builder_column fusion-builder-column-6 fusion_builder_column_1_4 1_4 fusion-flex-column\" style=\"--awb-bg-size:cover;--awb-width-large:25%;--awb-margin-top-large:0px;--awb-spacing-right-large:7.68%;--awb-margin-bottom-large:20px;--awb-spacing-left-large:7.68%;--awb-width-medium:25%;--awb-order-medium:0;--awb-spacing-right-medium:7.68%;--awb-spacing-left-medium:7.68%;--awb-width-small:100%;--awb-order-small:0;--awb-spacing-right-small:1.92%;--awb-spacing-left-small:1.92%;\"><div class=\"fusion-column-wrapper fusion-column-has-shadow fusion-flex-justify-content-flex-start fusion-content-layout-column\"><div class=\"fusion-image-element \" style=\"--awb-caption-title-font-family:var(--h2_typography-font-family);--awb-caption-title-font-weight:var(--h2_typography-font-weight);--awb-caption-title-font-style:var(--h2_typography-font-style);--awb-caption-title-size:var(--h2_typography-font-size);--awb-caption-title-transform:var(--h2_typography-text-transform);--awb-caption-title-line-height:var(--h2_typography-line-height);--awb-caption-title-letter-spacing:var(--h2_typography-letter-spacing);\"><span class=\" fusion-imageframe imageframe-none imageframe-6 hover-type-none\"><img decoding=\"async\" width=\"300\" height=\"201\" title=\"DSC_0744\" src=\"https:\/\/stnr.aps.pt\/classes-desigualdades-politicas-publicas\/wp-content\/uploads\/sites\/21\/2023\/01\/DSC_0744-scaled.jpg\" data-orig-src=\"https:\/\/stnr.aps.pt\/classes-desigualdades-politicas-publicas\/wp-content\/uploads\/sites\/21\/2023\/01\/DSC_0744-300x201.jpg\" alt class=\"lazyload img-responsive wp-image-937\" srcset=\"data:image\/svg+xml,%3Csvg%20xmlns%3D%27http%3A%2F%2Fwww.w3.org%2F2000%2Fsvg%27%20width%3D%272560%27%20height%3D%271714%27%20viewBox%3D%270%200%202560%201714%27%3E%3Crect%20width%3D%272560%27%20height%3D%271714%27%20fill-opacity%3D%220%22%2F%3E%3C%2Fsvg%3E\" data-srcset=\"https:\/\/stnr.aps.pt\/classes-desigualdades-politicas-publicas\/wp-content\/uploads\/sites\/21\/2023\/01\/DSC_0744-200x134.jpg 200w, https:\/\/stnr.aps.pt\/classes-desigualdades-politicas-publicas\/wp-content\/uploads\/sites\/21\/2023\/01\/DSC_0744-400x268.jpg 400w, https:\/\/stnr.aps.pt\/classes-desigualdades-politicas-publicas\/wp-content\/uploads\/sites\/21\/2023\/01\/DSC_0744-600x402.jpg 600w, https:\/\/stnr.aps.pt\/classes-desigualdades-politicas-publicas\/wp-content\/uploads\/sites\/21\/2023\/01\/DSC_0744-800x536.jpg 800w, https:\/\/stnr.aps.pt\/classes-desigualdades-politicas-publicas\/wp-content\/uploads\/sites\/21\/2023\/01\/DSC_0744-1200x803.jpg 1200w\" data-sizes=\"auto\" data-orig-sizes=\"(max-width: 640px) 100vw, 400px\" \/><\/span><\/div><\/div><\/div><div class=\"fusion-layout-column fusion_builder_column fusion-builder-column-7 fusion_builder_column_1_4 1_4 fusion-flex-column\" style=\"--awb-bg-size:cover;--awb-width-large:25%;--awb-margin-top-large:0px;--awb-spacing-right-large:7.68%;--awb-margin-bottom-large:20px;--awb-spacing-left-large:7.68%;--awb-width-medium:25%;--awb-order-medium:0;--awb-spacing-right-medium:7.68%;--awb-spacing-left-medium:7.68%;--awb-width-small:100%;--awb-order-small:0;--awb-spacing-right-small:1.92%;--awb-spacing-left-small:1.92%;\"><div class=\"fusion-column-wrapper fusion-column-has-shadow fusion-flex-justify-content-flex-start fusion-content-layout-column\"><div class=\"fusion-image-element \" style=\"--awb-caption-title-font-family:var(--h2_typography-font-family);--awb-caption-title-font-weight:var(--h2_typography-font-weight);--awb-caption-title-font-style:var(--h2_typography-font-style);--awb-caption-title-size:var(--h2_typography-font-size);--awb-caption-title-transform:var(--h2_typography-text-transform);--awb-caption-title-line-height:var(--h2_typography-line-height);--awb-caption-title-letter-spacing:var(--h2_typography-letter-spacing);\"><span class=\" fusion-imageframe imageframe-none imageframe-7 hover-type-none\"><img decoding=\"async\" width=\"300\" height=\"201\" title=\"DSC_0722\" src=\"https:\/\/stnr.aps.pt\/classes-desigualdades-politicas-publicas\/wp-content\/uploads\/sites\/21\/2023\/01\/DSC_0722-scaled.jpg\" data-orig-src=\"https:\/\/stnr.aps.pt\/classes-desigualdades-politicas-publicas\/wp-content\/uploads\/sites\/21\/2023\/01\/DSC_0722-300x201.jpg\" alt class=\"lazyload img-responsive wp-image-938\" srcset=\"data:image\/svg+xml,%3Csvg%20xmlns%3D%27http%3A%2F%2Fwww.w3.org%2F2000%2Fsvg%27%20width%3D%272560%27%20height%3D%271714%27%20viewBox%3D%270%200%202560%201714%27%3E%3Crect%20width%3D%272560%27%20height%3D%271714%27%20fill-opacity%3D%220%22%2F%3E%3C%2Fsvg%3E\" data-srcset=\"https:\/\/stnr.aps.pt\/classes-desigualdades-politicas-publicas\/wp-content\/uploads\/sites\/21\/2023\/01\/DSC_0722-200x134.jpg 200w, https:\/\/stnr.aps.pt\/classes-desigualdades-politicas-publicas\/wp-content\/uploads\/sites\/21\/2023\/01\/DSC_0722-400x268.jpg 400w, https:\/\/stnr.aps.pt\/classes-desigualdades-politicas-publicas\/wp-content\/uploads\/sites\/21\/2023\/01\/DSC_0722-600x402.jpg 600w, https:\/\/stnr.aps.pt\/classes-desigualdades-politicas-publicas\/wp-content\/uploads\/sites\/21\/2023\/01\/DSC_0722-800x536.jpg 800w, https:\/\/stnr.aps.pt\/classes-desigualdades-politicas-publicas\/wp-content\/uploads\/sites\/21\/2023\/01\/DSC_0722-1200x803.jpg 1200w\" data-sizes=\"auto\" data-orig-sizes=\"(max-width: 640px) 100vw, 400px\" \/><\/span><\/div><\/div><\/div><div class=\"fusion-layout-column fusion_builder_column fusion-builder-column-8 fusion_builder_column_1_4 1_4 fusion-flex-column\" style=\"--awb-bg-size:cover;--awb-width-large:25%;--awb-margin-top-large:0px;--awb-spacing-right-large:7.68%;--awb-margin-bottom-large:20px;--awb-spacing-left-large:7.68%;--awb-width-medium:25%;--awb-order-medium:0;--awb-spacing-right-medium:7.68%;--awb-spacing-left-medium:7.68%;--awb-width-small:100%;--awb-order-small:0;--awb-spacing-right-small:1.92%;--awb-spacing-left-small:1.92%;\"><div class=\"fusion-column-wrapper fusion-column-has-shadow fusion-flex-justify-content-flex-start fusion-content-layout-column\"><div class=\"fusion-image-element \" style=\"--awb-caption-title-font-family:var(--h2_typography-font-family);--awb-caption-title-font-weight:var(--h2_typography-font-weight);--awb-caption-title-font-style:var(--h2_typography-font-style);--awb-caption-title-size:var(--h2_typography-font-size);--awb-caption-title-transform:var(--h2_typography-text-transform);--awb-caption-title-line-height:var(--h2_typography-line-height);--awb-caption-title-letter-spacing:var(--h2_typography-letter-spacing);\"><span class=\" fusion-imageframe imageframe-none imageframe-8 hover-type-none\"><img decoding=\"async\" width=\"300\" height=\"201\" title=\"DSC_0696\" src=\"https:\/\/stnr.aps.pt\/classes-desigualdades-politicas-publicas\/wp-content\/uploads\/sites\/21\/2023\/01\/DSC_0696-scaled.jpg\" data-orig-src=\"https:\/\/stnr.aps.pt\/classes-desigualdades-politicas-publicas\/wp-content\/uploads\/sites\/21\/2023\/01\/DSC_0696-300x201.jpg\" alt class=\"lazyload img-responsive wp-image-939\" srcset=\"data:image\/svg+xml,%3Csvg%20xmlns%3D%27http%3A%2F%2Fwww.w3.org%2F2000%2Fsvg%27%20width%3D%272560%27%20height%3D%271714%27%20viewBox%3D%270%200%202560%201714%27%3E%3Crect%20width%3D%272560%27%20height%3D%271714%27%20fill-opacity%3D%220%22%2F%3E%3C%2Fsvg%3E\" data-srcset=\"https:\/\/stnr.aps.pt\/classes-desigualdades-politicas-publicas\/wp-content\/uploads\/sites\/21\/2023\/01\/DSC_0696-200x134.jpg 200w, https:\/\/stnr.aps.pt\/classes-desigualdades-politicas-publicas\/wp-content\/uploads\/sites\/21\/2023\/01\/DSC_0696-400x268.jpg 400w, https:\/\/stnr.aps.pt\/classes-desigualdades-politicas-publicas\/wp-content\/uploads\/sites\/21\/2023\/01\/DSC_0696-600x402.jpg 600w, https:\/\/stnr.aps.pt\/classes-desigualdades-politicas-publicas\/wp-content\/uploads\/sites\/21\/2023\/01\/DSC_0696-800x536.jpg 800w, https:\/\/stnr.aps.pt\/classes-desigualdades-politicas-publicas\/wp-content\/uploads\/sites\/21\/2023\/01\/DSC_0696-1200x803.jpg 1200w\" data-sizes=\"auto\" data-orig-sizes=\"(max-width: 640px) 100vw, 400px\" \/><\/span><\/div><\/div><\/div><\/div><\/div><\/p>\n","protected":false},"excerpt":{"rendered":"","protected":false},"author":4,"featured_media":0,"parent":0,"menu_order":0,"comment_status":"closed","ping_status":"closed","template":"","meta":{"footnotes":""},"class_list":["post-514","page","type-page","status-publish","hentry"],"_links":{"self":[{"href":"https:\/\/stnr.aps.pt\/classes-desigualdades-politicas-publicas\/wp-json\/wp\/v2\/pages\/514","targetHints":{"allow":["GET"]}}],"collection":[{"href":"https:\/\/stnr.aps.pt\/classes-desigualdades-politicas-publicas\/wp-json\/wp\/v2\/pages"}],"about":[{"href":"https:\/\/stnr.aps.pt\/classes-desigualdades-politicas-publicas\/wp-json\/wp\/v2\/types\/page"}],"author":[{"embeddable":true,"href":"https:\/\/stnr.aps.pt\/classes-desigualdades-politicas-publicas\/wp-json\/wp\/v2\/users\/4"}],"replies":[{"embeddable":true,"href":"https:\/\/stnr.aps.pt\/classes-desigualdades-politicas-publicas\/wp-json\/wp\/v2\/comments?post=514"}],"version-history":[{"count":8,"href":"https:\/\/stnr.aps.pt\/classes-desigualdades-politicas-publicas\/wp-json\/wp\/v2\/pages\/514\/revisions"}],"predecessor-version":[{"id":1160,"href":"https:\/\/stnr.aps.pt\/classes-desigualdades-politicas-publicas\/wp-json\/wp\/v2\/pages\/514\/revisions\/1160"}],"wp:attachment":[{"href":"https:\/\/stnr.aps.pt\/classes-desigualdades-politicas-publicas\/wp-json\/wp\/v2\/media?parent=514"}],"curies":[{"name":"wp","href":"https:\/\/api.w.org\/{rel}","templated":true}]}}