{"id":512,"date":"2021-11-29T16:13:27","date_gmt":"2021-11-29T16:13:27","guid":{"rendered":"https:\/\/stnr.aps.pt\/classes-desigualdades-politicas-publicas\/?page_id=512"},"modified":"2023-09-26T13:34:03","modified_gmt":"2023-09-26T13:34:03","slug":"encontro-1-da-seccao-tematica","status":"publish","type":"page","link":"https:\/\/stnr.aps.pt\/classes-desigualdades-politicas-publicas\/encontro-1-da-seccao-tematica\/","title":{"rendered":"atividades da ST"},"content":{"rendered":"<p><div class=\"fusion-fullwidth fullwidth-box fusion-builder-row-1 fusion-flex-container nonhundred-percent-fullwidth non-hundred-percent-height-scrolling\" style=\"--awb-border-radius-top-left:0px;--awb-border-radius-top-right:0px;--awb-border-radius-bottom-right:0px;--awb-border-radius-bottom-left:0px;--awb-flex-wrap:wrap;\" ><div class=\"fusion-builder-row fusion-row fusion-flex-align-items-flex-start fusion-flex-content-wrap\" style=\"max-width:1144px;margin-left: calc(-4% \/ 2 );margin-right: calc(-4% \/ 2 );\"><div class=\"fusion-layout-column fusion_builder_column fusion-builder-column-0 fusion_builder_column_1_3 1_3 fusion-flex-column fusion-animated\" style=\"--awb-bg-size:cover;--awb-width-large:33.333333333333%;--awb-margin-top-large:0px;--awb-spacing-right-large:5.76%;--awb-margin-bottom-large:20px;--awb-spacing-left-large:5.76%;--awb-width-medium:33.333333333333%;--awb-order-medium:0;--awb-spacing-right-medium:5.76%;--awb-spacing-left-medium:5.76%;--awb-width-small:100%;--awb-order-small:0;--awb-spacing-right-small:1.92%;--awb-spacing-left-small:1.92%;\" data-animationType=\"slideInRight\" data-animationDuration=\"0.3\" data-animationOffset=\"top-into-view\"><div class=\"fusion-column-wrapper fusion-column-has-shadow fusion-flex-justify-content-flex-start fusion-content-layout-column\"><div class=\"fusion-text fusion-text-1 fusion-animated\" data-animationType=\"slideInRight\" data-animationDuration=\"0.3\" data-animationOffset=\"top-into-view\"><p><img decoding=\"async\" class=\"lazyload size-medium wp-image-1016 aligncenter\" src=\"https:\/\/stnr.aps.pt\/classes-desigualdades-politicas-publicas\/wp-content\/uploads\/sites\/21\/2023\/09\/titulo-ciclo-webinars-300x143.png\" data-orig-src=\"https:\/\/stnr.aps.pt\/classes-desigualdades-politicas-publicas\/wp-content\/uploads\/sites\/21\/2023\/09\/titulo-ciclo-webinars-300x143.png\" alt=\"\" width=\"300\" height=\"143\" srcset=\"data:image\/svg+xml,%3Csvg%20xmlns%3D%27http%3A%2F%2Fwww.w3.org%2F2000%2Fsvg%27%20width%3D%27300%27%20height%3D%27143%27%20viewBox%3D%270%200%20300%20143%27%3E%3Crect%20width%3D%27300%27%20height%3D%27143%27%20fill-opacity%3D%220%22%2F%3E%3C%2Fsvg%3E\" data-srcset=\"https:\/\/stnr.aps.pt\/classes-desigualdades-politicas-publicas\/wp-content\/uploads\/sites\/21\/2023\/09\/titulo-ciclo-webinars-200x95.png 200w, https:\/\/stnr.aps.pt\/classes-desigualdades-politicas-publicas\/wp-content\/uploads\/sites\/21\/2023\/09\/titulo-ciclo-webinars-300x143.png 300w, https:\/\/stnr.aps.pt\/classes-desigualdades-politicas-publicas\/wp-content\/uploads\/sites\/21\/2023\/09\/titulo-ciclo-webinars-400x191.png 400w, https:\/\/stnr.aps.pt\/classes-desigualdades-politicas-publicas\/wp-content\/uploads\/sites\/21\/2023\/09\/titulo-ciclo-webinars-600x286.png 600w, https:\/\/stnr.aps.pt\/classes-desigualdades-politicas-publicas\/wp-content\/uploads\/sites\/21\/2023\/09\/titulo-ciclo-webinars-768x366.png 768w, https:\/\/stnr.aps.pt\/classes-desigualdades-politicas-publicas\/wp-content\/uploads\/sites\/21\/2023\/09\/titulo-ciclo-webinars-800x382.png 800w, https:\/\/stnr.aps.pt\/classes-desigualdades-politicas-publicas\/wp-content\/uploads\/sites\/21\/2023\/09\/titulo-ciclo-webinars-1024x489.png 1024w, https:\/\/stnr.aps.pt\/classes-desigualdades-politicas-publicas\/wp-content\/uploads\/sites\/21\/2023\/09\/titulo-ciclo-webinars-1200x573.png 1200w, https:\/\/stnr.aps.pt\/classes-desigualdades-politicas-publicas\/wp-content\/uploads\/sites\/21\/2023\/09\/titulo-ciclo-webinars-1320x630.png 1320w, https:\/\/stnr.aps.pt\/classes-desigualdades-politicas-publicas\/wp-content\/uploads\/sites\/21\/2023\/09\/titulo-ciclo-webinars-1536x733.png 1536w\" data-sizes=\"auto\" data-orig-sizes=\"(max-width: 300px) 100vw, 300px\" \/><\/p>\n<p style=\"text-align: center\"><strong>Ciclo de Webinars da ST &#8211; Classes, Desigualdades e Pol\u00edticas P\u00fablicas: Debates Emergentes<\/strong><\/p>\n<p style=\"text-align: center\">2023\/2024<\/p>\n<p style=\"text-align: center\">Online<\/p>\n<p style=\"text-align: center\"><strong><a href=\"https:\/\/iscteiul365-my.sharepoint.com\/:b:\/g\/personal\/sfsao_iscte-iul_pt\/Eeppl-2O1kFFrxgsBhRG_twB0PyYS65OPSgYDtmhLHVs5Q?e=QRKGmp\">Cartaz<\/a><\/strong><\/p>\n<p style=\"text-align: center\"><strong>Entidade Organizadora<\/strong><\/p>\n<p style=\"text-align: center\">APS | Sec\u00e7\u00e3o Tem\u00e1tica: Classes, Desigualdades e Pol\u00edticas P\u00fablicas<\/p>\n<p style=\"text-align: center\"><strong>Entidades Parceiras<\/strong><\/p>\n<p style=\"text-align: center\">Instituto de Sociologia da Universidade do Porto<\/p>\n<p style=\"text-align: center\">Observat\u00f3rio das Desigualdades<\/p>\n<\/div><\/div><\/div><div class=\"fusion-layout-column fusion_builder_column fusion-builder-column-1 fusion_builder_column_1_3 1_3 fusion-flex-column fusion-animated\" style=\"--awb-bg-size:cover;--awb-width-large:33.333333333333%;--awb-margin-top-large:0px;--awb-spacing-right-large:5.76%;--awb-margin-bottom-large:20px;--awb-spacing-left-large:5.76%;--awb-width-medium:33.333333333333%;--awb-order-medium:0;--awb-spacing-right-medium:5.76%;--awb-spacing-left-medium:5.76%;--awb-width-small:100%;--awb-order-small:0;--awb-spacing-right-small:1.92%;--awb-spacing-left-small:1.92%;\" data-animationType=\"slideInRight\" data-animationDuration=\"0.3\" data-animationOffset=\"top-into-view\"><div class=\"fusion-column-wrapper fusion-column-has-shadow fusion-flex-justify-content-flex-start fusion-content-layout-column\"><div class=\"fusion-text fusion-text-2 fusion-animated\" data-animationType=\"slideInRight\" data-animationDuration=\"0.3\" data-animationOffset=\"top-into-view\"><p><img decoding=\"async\" class=\"lazyload size-medium wp-image-718 aligncenter\" src=\"https:\/\/stnr.aps.pt\/classes-desigualdades-politicas-publicas\/wp-content\/uploads\/sites\/21\/2022\/11\/apresentacao-livro_trabalho-igual-salario-igual-300x82.png\" data-orig-src=\"https:\/\/stnr.aps.pt\/classes-desigualdades-politicas-publicas\/wp-content\/uploads\/sites\/21\/2022\/11\/apresentacao-livro_trabalho-igual-salario-igual-300x82.png\" alt=\"\" width=\"300\" height=\"82\" srcset=\"data:image\/svg+xml,%3Csvg%20xmlns%3D%27http%3A%2F%2Fwww.w3.org%2F2000%2Fsvg%27%20width%3D%27300%27%20height%3D%2782%27%20viewBox%3D%270%200%20300%2082%27%3E%3Crect%20width%3D%27300%27%20height%3D%2782%27%20fill-opacity%3D%220%22%2F%3E%3C%2Fsvg%3E\" data-srcset=\"https:\/\/stnr.aps.pt\/classes-desigualdades-politicas-publicas\/wp-content\/uploads\/sites\/21\/2022\/11\/apresentacao-livro_trabalho-igual-salario-igual-200x54.png 200w, https:\/\/stnr.aps.pt\/classes-desigualdades-politicas-publicas\/wp-content\/uploads\/sites\/21\/2022\/11\/apresentacao-livro_trabalho-igual-salario-igual-300x82.png 300w, https:\/\/stnr.aps.pt\/classes-desigualdades-politicas-publicas\/wp-content\/uploads\/sites\/21\/2022\/11\/apresentacao-livro_trabalho-igual-salario-igual-400x109.png 400w, https:\/\/stnr.aps.pt\/classes-desigualdades-politicas-publicas\/wp-content\/uploads\/sites\/21\/2022\/11\/apresentacao-livro_trabalho-igual-salario-igual-600x163.png 600w, https:\/\/stnr.aps.pt\/classes-desigualdades-politicas-publicas\/wp-content\/uploads\/sites\/21\/2022\/11\/apresentacao-livro_trabalho-igual-salario-igual-768x209.png 768w, https:\/\/stnr.aps.pt\/classes-desigualdades-politicas-publicas\/wp-content\/uploads\/sites\/21\/2022\/11\/apresentacao-livro_trabalho-igual-salario-igual-800x218.png 800w, https:\/\/stnr.aps.pt\/classes-desigualdades-politicas-publicas\/wp-content\/uploads\/sites\/21\/2022\/11\/apresentacao-livro_trabalho-igual-salario-igual-1024x279.png 1024w, https:\/\/stnr.aps.pt\/classes-desigualdades-politicas-publicas\/wp-content\/uploads\/sites\/21\/2022\/11\/apresentacao-livro_trabalho-igual-salario-igual.png 1147w\" data-sizes=\"auto\" data-orig-sizes=\"(max-width: 300px) 100vw, 300px\" \/><\/p>\n<p style=\"text-align: center\"><strong>Apresenta\u00e7\u00e3o do livro &#8220;Trabalho igual, sal\u00e1rio diferente&#8221; e Debate<\/strong><\/p>\n<p style=\"text-align: center\">06 de Abril de 2018<\/p>\n<p style=\"text-align: center\">Iscte-Instituto Universit\u00e1rio de Lisboa<\/p>\n<p style=\"text-align: center\">Autor do Livro<br \/>\nFrancisco Fernandes Ferreira<\/p>\n<p style=\"text-align: center\"><strong>Entidades Organizadoras<\/strong><\/p>\n<p style=\"text-align: center\">Observat\u00f3rio das Desigualdades<br \/>\nAPS | Sec\u00e7\u00e3o Tem\u00e1tica: Classes, desigualdades e pol\u00edticas p\u00fablicas<br \/>\nCIES-Iscte<br \/>\nIscte-Instituto Universit\u00e1rio de Lisboa<\/p>\n<\/div><\/div><\/div><div class=\"fusion-layout-column fusion_builder_column fusion-builder-column-2 fusion_builder_column_1_3 1_3 fusion-flex-column\" style=\"--awb-bg-size:cover;--awb-width-large:33.333333333333%;--awb-margin-top-large:0px;--awb-spacing-right-large:5.76%;--awb-margin-bottom-large:20px;--awb-spacing-left-large:5.76%;--awb-width-medium:33.333333333333%;--awb-order-medium:0;--awb-spacing-right-medium:5.76%;--awb-spacing-left-medium:5.76%;--awb-width-small:100%;--awb-order-small:0;--awb-spacing-right-small:1.92%;--awb-spacing-left-small:1.92%;\"><div class=\"fusion-column-wrapper fusion-column-has-shadow fusion-flex-justify-content-flex-start fusion-content-layout-column\"><div class=\"fusion-text fusion-text-3 fusion-animated\" data-animationType=\"slideInRight\" data-animationDuration=\"0.3\" data-animationOffset=\"top-into-view\"><p><img decoding=\"async\" class=\"lazyload size-medium wp-image-695 aligncenter\" src=\"https:\/\/stnr.aps.pt\/classes-desigualdades-politicas-publicas\/wp-content\/uploads\/sites\/21\/2022\/11\/coloquio-desigualdades-exclusoes-e-politicas-publicas-em-territorios-baixa-densidade-300x206.png\" data-orig-src=\"https:\/\/stnr.aps.pt\/classes-desigualdades-politicas-publicas\/wp-content\/uploads\/sites\/21\/2022\/11\/coloquio-desigualdades-exclusoes-e-politicas-publicas-em-territorios-baixa-densidade-300x206.png\" alt=\"\" width=\"300\" height=\"206\" srcset=\"data:image\/svg+xml,%3Csvg%20xmlns%3D%27http%3A%2F%2Fwww.w3.org%2F2000%2Fsvg%27%20width%3D%27300%27%20height%3D%27206%27%20viewBox%3D%270%200%20300%20206%27%3E%3Crect%20width%3D%27300%27%20height%3D%27206%27%20fill-opacity%3D%220%22%2F%3E%3C%2Fsvg%3E\" data-srcset=\"https:\/\/stnr.aps.pt\/classes-desigualdades-politicas-publicas\/wp-content\/uploads\/sites\/21\/2022\/11\/coloquio-desigualdades-exclusoes-e-politicas-publicas-em-territorios-baixa-densidade-200x137.png 200w, https:\/\/stnr.aps.pt\/classes-desigualdades-politicas-publicas\/wp-content\/uploads\/sites\/21\/2022\/11\/coloquio-desigualdades-exclusoes-e-politicas-publicas-em-territorios-baixa-densidade-300x206.png 300w, https:\/\/stnr.aps.pt\/classes-desigualdades-politicas-publicas\/wp-content\/uploads\/sites\/21\/2022\/11\/coloquio-desigualdades-exclusoes-e-politicas-publicas-em-territorios-baixa-densidade-400x274.png 400w, https:\/\/stnr.aps.pt\/classes-desigualdades-politicas-publicas\/wp-content\/uploads\/sites\/21\/2022\/11\/coloquio-desigualdades-exclusoes-e-politicas-publicas-em-territorios-baixa-densidade.png 524w\" data-sizes=\"auto\" data-orig-sizes=\"(max-width: 300px) 100vw, 300px\" \/><\/p>\n<p style=\"text-align: center\"><strong>Col\u00f3quio<\/strong>\u00a0<strong>\u201c[Des]igualdades, Exclus\u00f5es e Pol\u00edticas P\u00fablicas em territ\u00f3rios de baixa densidade\u201d<\/strong><\/p>\n<p style=\"text-align: center\">20 de Abril de 2017<\/p>\n<p style=\"text-align: center\">Escola Superior de Educa\u00e7\u00e3o e Ci\u00eancias Sociais do Instituto Polit\u00e9cnico de Portalegre<\/p>\n<p style=\"text-align: center\"><strong>Entidades Organizadoras<\/strong><\/p>\n<p style=\"text-align: center\">APS |ST Classes, Desigualdades e Pol\u00edticas P\u00fablicas &amp; ST Pobreza, Exclus\u00e3o Social e Pol\u00edticas Sociais<\/p>\n<p style=\"text-align: center\"><strong>Apoio<\/strong><\/p>\n<p style=\"text-align: center\">CIES-Iscte<\/p>\n<p style=\"text-align: center\">IPPortalegre<\/p>\n<p style=\"text-align: center\">FCT<\/p>\n<p style=\"text-align: center\"><strong><a href=\"https:\/\/desigualdadespoliticaspublicas.wordpress.com\/\">Site<\/a><\/strong> | <strong><a href=\"https:\/\/aps.pt\/wp-content\/uploads\/2017\/09\/ST-Pobreza-e-Classes_Cartaz_Enc-2017.pdf\">Cartaz<\/a><\/strong> | <strong><a href=\"https:\/\/aps.pt\/wp-content\/uploads\/2017\/09\/ST-Pobreza-e-Classes_Programa_Coloquio-Portalegre_2017.pdf\">Programa<\/a>\u00a0<\/strong><\/p>\n<\/div><\/div><\/div><div class=\"fusion-layout-column fusion_builder_column fusion-builder-column-3 fusion_builder_column_1_3 1_3 fusion-flex-column fusion-animated\" style=\"--awb-bg-size:cover;--awb-width-large:33.333333333333%;--awb-margin-top-large:0px;--awb-spacing-right-large:5.76%;--awb-margin-bottom-large:20px;--awb-spacing-left-large:5.76%;--awb-width-medium:33.333333333333%;--awb-order-medium:0;--awb-spacing-right-medium:5.76%;--awb-spacing-left-medium:5.76%;--awb-width-small:100%;--awb-order-small:0;--awb-spacing-right-small:1.92%;--awb-spacing-left-small:1.92%;\" data-animationType=\"slideInRight\" data-animationDuration=\"0.3\" data-animationOffset=\"top-into-view\"><div class=\"fusion-column-wrapper fusion-column-has-shadow fusion-flex-justify-content-flex-start fusion-content-layout-column\"><div class=\"fusion-text fusion-text-4\"><p><img decoding=\"async\" class=\"lazyload wp-image-757 aligncenter\" src=\"https:\/\/stnr.aps.pt\/classes-desigualdades-politicas-publicas\/wp-content\/uploads\/sites\/21\/2022\/11\/Seminario-atributos-individuais-300x208.png\" data-orig-src=\"https:\/\/stnr.aps.pt\/classes-desigualdades-politicas-publicas\/wp-content\/uploads\/sites\/21\/2022\/11\/Seminario-atributos-individuais-300x208.png\" alt=\"\" width=\"270\" height=\"187\" srcset=\"data:image\/svg+xml,%3Csvg%20xmlns%3D%27http%3A%2F%2Fwww.w3.org%2F2000%2Fsvg%27%20width%3D%27270%27%20height%3D%27187%27%20viewBox%3D%270%200%20270%20187%27%3E%3Crect%20width%3D%27270%27%20height%3D%27187%27%20fill-opacity%3D%220%22%2F%3E%3C%2Fsvg%3E\" data-srcset=\"https:\/\/stnr.aps.pt\/classes-desigualdades-politicas-publicas\/wp-content\/uploads\/sites\/21\/2022\/11\/Seminario-atributos-individuais-200x139.png 200w, https:\/\/stnr.aps.pt\/classes-desigualdades-politicas-publicas\/wp-content\/uploads\/sites\/21\/2022\/11\/Seminario-atributos-individuais-300x208.png 300w, https:\/\/stnr.aps.pt\/classes-desigualdades-politicas-publicas\/wp-content\/uploads\/sites\/21\/2022\/11\/Seminario-atributos-individuais-400x278.png 400w, https:\/\/stnr.aps.pt\/classes-desigualdades-politicas-publicas\/wp-content\/uploads\/sites\/21\/2022\/11\/Seminario-atributos-individuais-600x417.png 600w, https:\/\/stnr.aps.pt\/classes-desigualdades-politicas-publicas\/wp-content\/uploads\/sites\/21\/2022\/11\/Seminario-atributos-individuais-768x534.png 768w, https:\/\/stnr.aps.pt\/classes-desigualdades-politicas-publicas\/wp-content\/uploads\/sites\/21\/2022\/11\/Seminario-atributos-individuais-800x556.png 800w, https:\/\/stnr.aps.pt\/classes-desigualdades-politicas-publicas\/wp-content\/uploads\/sites\/21\/2022\/11\/Seminario-atributos-individuais.png 829w\" data-sizes=\"auto\" data-orig-sizes=\"(max-width: 270px) 100vw, 270px\" \/><\/p>\n<p style=\"text-align: center\"><strong>Semin\u00e1rio &#8220;Atributos individuais, caracter\u00edsticas domiciliares e classe social da popula\u00e7\u00e3o metropolitana brasileira em 2011: quem \u00e9 a nova classe m\u00e9dia?&#8221;<\/strong><\/p>\n<p style=\"text-align: center\">30 de Maio de 2014<\/p>\n<p style=\"text-align: center\">Iscte-Instituto Universit\u00e1rio de Lisboa<\/p>\n<p style=\"text-align: center\"><strong>Entidades Organizadoras<\/strong><\/p>\n<p style=\"text-align: center\">APS |ST Classes, Desigualdades e Pol\u00edticas P\u00fablicas<\/p>\n<p style=\"text-align: center\">Iscte-Instituto Universit\u00e1rio de Lisboa<\/p>\n<p style=\"text-align: center\">CIES-Iscte<\/p>\n<p style=\"text-align: center\"><strong><a href=\"\/Users\/saraf\/OneDrive%20-%20ISCTE-IUL\/ST%20-%20Classes,%20Desigualdades%20e%20Pol%C3%ADticas%20P%C3%BAblicas\/Microsite%20ST%20Classes\/Documentos%20Isabel\/Seminario_Classes_1_folheto_1.pdf\">Cartaz<\/a><\/strong><\/p>\n<\/div><\/div><\/div><\/div><\/div><div class=\"fusion-fullwidth fullwidth-box fusion-builder-row-2 fusion-flex-container nonhundred-percent-fullwidth non-hundred-percent-height-scrolling\" style=\"--awb-border-radius-top-left:0px;--awb-border-radius-top-right:0px;--awb-border-radius-bottom-right:0px;--awb-border-radius-bottom-left:0px;--awb-flex-wrap:wrap;\" ><div class=\"fusion-builder-row fusion-row fusion-flex-align-items-flex-start fusion-flex-content-wrap\" style=\"max-width:1144px;margin-left: calc(-4% \/ 2 );margin-right: calc(-4% \/ 2 );\"><div class=\"fusion-layout-column fusion_builder_column fusion-builder-column-4 fusion_builder_column_1_3 1_3 fusion-flex-column\" style=\"--awb-bg-size:cover;--awb-width-large:33.333333333333%;--awb-margin-top-large:0px;--awb-spacing-right-large:5.76%;--awb-margin-bottom-large:20px;--awb-spacing-left-large:5.76%;--awb-width-medium:33.333333333333%;--awb-order-medium:0;--awb-spacing-right-medium:5.76%;--awb-spacing-left-medium:5.76%;--awb-width-small:100%;--awb-order-small:0;--awb-spacing-right-small:1.92%;--awb-spacing-left-small:1.92%;\"><div class=\"fusion-column-wrapper fusion-column-has-shadow fusion-flex-justify-content-flex-start fusion-content-layout-column\"><div class=\"fusion-text fusion-text-5 fusion-animated\" data-animationType=\"slideInRight\" data-animationDuration=\"0.3\" data-animationOffset=\"top-into-view\"><p><img decoding=\"async\" class=\"lazyload size-full wp-image-706 aligncenter\" src=\"https:\/\/stnr.aps.pt\/classes-desigualdades-politicas-publicas\/wp-content\/uploads\/sites\/21\/2022\/11\/forum-consumos-e-desigualdades.png\" data-orig-src=\"https:\/\/stnr.aps.pt\/classes-desigualdades-politicas-publicas\/wp-content\/uploads\/sites\/21\/2022\/11\/forum-consumos-e-desigualdades.png\" alt=\"\" width=\"224\" height=\"288\" srcset=\"data:image\/svg+xml,%3Csvg%20xmlns%3D%27http%3A%2F%2Fwww.w3.org%2F2000%2Fsvg%27%20width%3D%27224%27%20height%3D%27288%27%20viewBox%3D%270%200%20224%20288%27%3E%3Crect%20width%3D%27224%27%20height%3D%27288%27%20fill-opacity%3D%220%22%2F%3E%3C%2Fsvg%3E\" data-srcset=\"https:\/\/stnr.aps.pt\/classes-desigualdades-politicas-publicas\/wp-content\/uploads\/sites\/21\/2022\/11\/forum-consumos-e-desigualdades-200x257.png 200w, https:\/\/stnr.aps.pt\/classes-desigualdades-politicas-publicas\/wp-content\/uploads\/sites\/21\/2022\/11\/forum-consumos-e-desigualdades.png 224w\" data-sizes=\"auto\" data-orig-sizes=\"(max-width: 224px) 100vw, 224px\" \/><\/p>\n<p style=\"text-align: center\"><strong>F\u00f3rum &#8220;Consumos e Desigualdades&#8221;<\/strong><\/p>\n<p style=\"text-align: center\">15 de Outubro de 2010<\/p>\n<p style=\"text-align: center\">ISCSP-UTL<\/p>\n<p style=\"text-align: center\"><strong>Entidades Organizadoras<\/strong><\/p>\n<p style=\"text-align: center\">APS | Sec\u00e7\u00e3o Tem\u00e1tica: Classes, desigualdades e pol\u00edticas p\u00fablicas<\/p>\n<p style=\"text-align: center\"><strong>Apoio<\/strong><\/p>\n<p style=\"text-align: center\">ISCSP-UTL<\/p>\n<p style=\"text-align: center\"><strong><a href=\"https:\/\/aps.pt\/wp-content\/uploads\/2017\/09\/ST-Classes_Resumos_F%C3%B3rum-Consumos-e-Desigualdades.pdf\">Programa &amp; Resumos<\/a><\/strong><\/p>\n<\/div><\/div><\/div><div class=\"fusion-layout-column fusion_builder_column fusion-builder-column-5 fusion_builder_column_1_3 1_3 fusion-flex-column\" style=\"--awb-bg-size:cover;--awb-width-large:33.333333333333%;--awb-margin-top-large:0px;--awb-spacing-right-large:5.76%;--awb-margin-bottom-large:20px;--awb-spacing-left-large:5.76%;--awb-width-medium:33.333333333333%;--awb-order-medium:0;--awb-spacing-right-medium:5.76%;--awb-spacing-left-medium:5.76%;--awb-width-small:100%;--awb-order-small:0;--awb-spacing-right-small:1.92%;--awb-spacing-left-small:1.92%;\"><div class=\"fusion-column-wrapper fusion-column-has-shadow fusion-flex-justify-content-flex-start fusion-content-layout-column\"><\/div><\/div><div class=\"fusion-layout-column fusion_builder_column fusion-builder-column-6 fusion_builder_column_1_3 1_3 fusion-flex-column\" style=\"--awb-bg-size:cover;--awb-width-large:33.333333333333%;--awb-margin-top-large:0px;--awb-spacing-right-large:5.76%;--awb-margin-bottom-large:20px;--awb-spacing-left-large:5.76%;--awb-width-medium:33.333333333333%;--awb-order-medium:0;--awb-spacing-right-medium:5.76%;--awb-spacing-left-medium:5.76%;--awb-width-small:100%;--awb-order-small:0;--awb-spacing-right-small:1.92%;--awb-spacing-left-small:1.92%;\"><div class=\"fusion-column-wrapper fusion-column-has-shadow fusion-flex-justify-content-flex-start fusion-content-layout-column\"><\/div><\/div><\/div><\/div><\/p>\n","protected":false},"excerpt":{"rendered":"","protected":false},"author":4,"featured_media":0,"parent":0,"menu_order":0,"comment_status":"closed","ping_status":"closed","template":"","meta":{"footnotes":""},"class_list":["post-512","page","type-page","status-publish","hentry"],"_links":{"self":[{"href":"https:\/\/stnr.aps.pt\/classes-desigualdades-politicas-publicas\/wp-json\/wp\/v2\/pages\/512","targetHints":{"allow":["GET"]}}],"collection":[{"href":"https:\/\/stnr.aps.pt\/classes-desigualdades-politicas-publicas\/wp-json\/wp\/v2\/pages"}],"about":[{"href":"https:\/\/stnr.aps.pt\/classes-desigualdades-politicas-publicas\/wp-json\/wp\/v2\/types\/page"}],"author":[{"embeddable":true,"href":"https:\/\/stnr.aps.pt\/classes-desigualdades-politicas-publicas\/wp-json\/wp\/v2\/users\/4"}],"replies":[{"embeddable":true,"href":"https:\/\/stnr.aps.pt\/classes-desigualdades-politicas-publicas\/wp-json\/wp\/v2\/comments?post=512"}],"version-history":[{"count":6,"href":"https:\/\/stnr.aps.pt\/classes-desigualdades-politicas-publicas\/wp-json\/wp\/v2\/pages\/512\/revisions"}],"predecessor-version":[{"id":1019,"href":"https:\/\/stnr.aps.pt\/classes-desigualdades-politicas-publicas\/wp-json\/wp\/v2\/pages\/512\/revisions\/1019"}],"wp:attachment":[{"href":"https:\/\/stnr.aps.pt\/classes-desigualdades-politicas-publicas\/wp-json\/wp\/v2\/media?parent=512"}],"curies":[{"name":"wp","href":"https:\/\/api.w.org\/{rel}","templated":true}]}}