{"id":348,"date":"2021-07-01T16:45:40","date_gmt":"2021-07-01T16:45:40","guid":{"rendered":"https:\/\/stnr.aps.pt\/classes-desigualdades-politicas-publicas\/?page_id=348"},"modified":"2023-01-13T13:02:52","modified_gmt":"2023-01-13T13:02:52","slug":"mensagem-de-boas-vindas","status":"publish","type":"page","link":"https:\/\/stnr.aps.pt\/classes-desigualdades-politicas-publicas\/","title":{"rendered":"mensagem de boas vindas"},"content":{"rendered":"<p><div class=\"fusion-fullwidth fullwidth-box fusion-builder-row-1 fusion-flex-container nonhundred-percent-fullwidth non-hundred-percent-height-scrolling\" style=\"--awb-border-radius-top-left:0px;--awb-border-radius-top-right:0px;--awb-border-radius-bottom-right:0px;--awb-border-radius-bottom-left:0px;--awb-flex-wrap:wrap;\" ><div class=\"fusion-builder-row fusion-row fusion-flex-align-items-flex-start fusion-flex-content-wrap\" style=\"max-width:1144px;margin-left: calc(-4% \/ 2 );margin-right: calc(-4% \/ 2 );\"><div class=\"fusion-layout-column fusion_builder_column fusion-builder-column-0 fusion_builder_column_1_1 1_1 fusion-flex-column\" style=\"--awb-bg-size:cover;--awb-width-large:100%;--awb-margin-top-large:0px;--awb-spacing-right-large:1.92%;--awb-margin-bottom-large:0px;--awb-spacing-left-large:1.92%;--awb-width-medium:100%;--awb-spacing-right-medium:1.92%;--awb-spacing-left-medium:1.92%;--awb-width-small:100%;--awb-spacing-right-small:1.92%;--awb-spacing-left-small:1.92%;\"><div class=\"fusion-column-wrapper fusion-flex-justify-content-flex-start fusion-content-layout-column\"><div class=\"fusion-text fusion-text-1\"><p style=\"text-align: left\">Seja bem-vindo\/a ao site da Sec\u00e7\u00e3o Tem\u00e1tica <strong>Classes, Desigualdades e Pol\u00edticas P\u00fablicas<\/strong>\u00a0da Associa\u00e7\u00e3o Portuguesa de Sociologia!<\/p>\n<p style=\"text-align: right\"><img decoding=\"async\" class=\"lazyload wp-image-659 alignleft\" style=\"text-align: justify\" src=\"https:\/\/stnr.aps.pt\/classes-desigualdades-politicas-publicas\/wp-content\/uploads\/sites\/21\/2022\/06\/ST-Classes-Desigualdades-e-Politicas-Publicas-200x200-1.png\" data-orig-src=\"https:\/\/stnr.aps.pt\/classes-desigualdades-politicas-publicas\/wp-content\/uploads\/sites\/21\/2022\/06\/ST-Classes-Desigualdades-e-Politicas-Publicas-200x200-1.png\" alt=\"\" width=\"173\" height=\"173\" srcset=\"data:image\/svg+xml,%3Csvg%20xmlns%3D%27http%3A%2F%2Fwww.w3.org%2F2000%2Fsvg%27%20width%3D%27173%27%20height%3D%27173%27%20viewBox%3D%270%200%20173%20173%27%3E%3Crect%20width%3D%27173%27%20height%3D%27173%27%20fill-opacity%3D%220%22%2F%3E%3C%2Fsvg%3E\" data-srcset=\"https:\/\/stnr.aps.pt\/classes-desigualdades-politicas-publicas\/wp-content\/uploads\/sites\/21\/2022\/06\/ST-Classes-Desigualdades-e-Politicas-Publicas-200x200-1-66x66.png 66w, https:\/\/stnr.aps.pt\/classes-desigualdades-politicas-publicas\/wp-content\/uploads\/sites\/21\/2022\/06\/ST-Classes-Desigualdades-e-Politicas-Publicas-200x200-1-150x150.png 150w, https:\/\/stnr.aps.pt\/classes-desigualdades-politicas-publicas\/wp-content\/uploads\/sites\/21\/2022\/06\/ST-Classes-Desigualdades-e-Politicas-Publicas-200x200-1.png 200w\" data-sizes=\"auto\" data-orig-sizes=\"(max-width: 173px) 100vw, 173px\" \/><\/p>\n<p style=\"text-align: justify\">A Sec\u00e7\u00e3o visa estabelecer uma plataforma de comunica\u00e7\u00e3o e de discuss\u00e3o entre m\u00faltiplos atores que tomam como n\u00facleo problem\u00e1tico dos seus trabalhos as classes sociais, as desigualdades e as pol\u00edticas p\u00fablicas. Ao longo da sua exist\u00eancia a ST tem procurado acumular conhecimento sobre a an\u00e1lise destes processos no contexto nacional e noutras realidades internacionais e globais.<\/p>\n<\/div><div class=\"fusion-separator\" style=\"align-self: center;margin-left: auto;margin-right: auto;flex-grow:0,5;margin-top:0px;margin-bottom:30px;width:100%;max-width:125px;\"><div class=\"fusion-separator-border sep-single sep-dotted\" style=\"--awb-height:20px;--awb-amount:20px;border-color:#e0dede;border-top-width:20px;\"><\/div><\/div><div class=\"fusion-text fusion-text-2\"><p>Caso pretenda integrar esta Sec\u00e7\u00e3o, dever\u00e1 enviar uma mensagem nesse sentido para classes@aps.pt.<\/p>\n<p>Apenas os\/as s\u00f3cios\/as da APS poder\u00e3o ser tamb\u00e9m membros das Sec\u00e7\u00f5es Tem\u00e1ticas.<\/p>\n<p>Se ainda n\u00e3o \u00e9 s\u00f3cio\/a veja <a href=\"https:\/\/aps.pt\/pt\/ser-socio\/\">aqui<\/a> como se associar.<\/p>\n<\/div><div class=\"fusion-separator\" style=\"align-self: center;margin-left: auto;margin-right: auto;flex-grow:0,5;margin-top:0px;margin-bottom:30px;width:100%;max-width:125px;\"><div class=\"fusion-separator-border sep-single sep-dotted\" style=\"--awb-height:20px;--awb-amount:20px;border-color:#e0dede;border-top-width:20px;\"><\/div><\/div><\/div><\/div><\/div><\/div><div class=\"fusion-fullwidth fullwidth-box fusion-builder-row-2 fusion-flex-container nonhundred-percent-fullwidth non-hundred-percent-height-scrolling\" style=\"--awb-border-radius-top-left:0px;--awb-border-radius-top-right:0px;--awb-border-radius-bottom-right:0px;--awb-border-radius-bottom-left:0px;--awb-flex-wrap:wrap;\" ><div class=\"fusion-builder-row fusion-row fusion-flex-align-items-center fusion-flex-align-content-center fusion-flex-justify-content-space-evenly fusion-flex-content-wrap\" style=\"max-width:1144px;margin-left: calc(-4% \/ 2 );margin-right: calc(-4% \/ 2 );\"><div class=\"fusion-layout-column fusion_builder_column fusion-builder-column-1 fusion_builder_column_1_1 1_1 fusion-flex-column fusion-flex-align-self-flex-end\" style=\"--awb-bg-size:cover;--awb-width-large:100%;--awb-margin-top-large:0%;--awb-spacing-right-large:1.92%;--awb-margin-bottom-large:0px;--awb-spacing-left-large:1.92%;--awb-width-medium:100%;--awb-order-medium:0;--awb-spacing-right-medium:1.92%;--awb-spacing-left-medium:1.92%;--awb-width-small:100%;--awb-order-small:0;--awb-spacing-right-small:1.92%;--awb-spacing-left-small:1.92%;\"><div class=\"fusion-column-wrapper fusion-column-has-shadow fusion-flex-justify-content-center fusion-content-layout-column\"><div class=\"fusion-text fusion-text-3\"><h2 style=\"text-align: center\">F A L E\u00a0 C O N N O S C O<\/h2>\n<\/div><div class=\"fusion-text fusion-text-4\"><p style=\"text-align: left\">Caso deseje entrar em contacto direto com a Sec\u00e7\u00e3o, enviar sugest\u00f5es, colocar quest\u00f5es ou outro, poder\u00e1 faz\u00ea-lo no formul\u00e1rio em baixo!<\/p>\n<\/div><\/div><\/div><div class=\"fusion-layout-column fusion_builder_column fusion-builder-column-2 fusion_builder_column_1_2 1_2 fusion-flex-column fusion-flex-align-self-center\" style=\"--awb-padding-right:20%;--awb-bg-size:cover;--awb-width-large:50%;--awb-margin-top-large:0px;--awb-spacing-right-large:3.84%;--awb-margin-bottom-large:20px;--awb-spacing-left-large:3.84%;--awb-width-medium:50%;--awb-order-medium:0;--awb-spacing-right-medium:3.84%;--awb-spacing-left-medium:3.84%;--awb-width-small:100%;--awb-order-small:0;--awb-spacing-right-small:1.92%;--awb-spacing-left-small:1.92%;\"><div class=\"fusion-column-wrapper fusion-column-has-shadow fusion-flex-justify-content-center fusion-content-layout-column\"><div class=\"fusion-text fusion-text-5\"><h3 style=\"text-align: left\"><\/h3>\n<div class=\"wpforms-container wpforms-container-full\" id=\"wpforms-583\"><form id=\"wpforms-form-583\" class=\"wpforms-validate wpforms-form\" data-formid=\"583\" method=\"post\" enctype=\"multipart\/form-data\" action=\"\/classes-desigualdades-politicas-publicas\/wp-json\/wp\/v2\/pages\/348\" data-token=\"c2442dddc953bd28d2468b4b6018f860\" data-token-time=\"1776761145\"><noscript class=\"wpforms-error-noscript\">Please enable JavaScript in your browser to complete this form.<\/noscript><div class=\"wpforms-field-container\"><div id=\"wpforms-583-field_0-container\" class=\"wpforms-field wpforms-field-text\" data-field-id=\"0\"><label class=\"wpforms-field-label\" for=\"wpforms-583-field_0\">Nome <span class=\"wpforms-required-label\">*<\/span><\/label><input type=\"text\" id=\"wpforms-583-field_0\" class=\"wpforms-field-medium wpforms-field-required\" name=\"wpforms[fields][0]\" required><\/div><div id=\"wpforms-583-field_1-container\" class=\"wpforms-field wpforms-field-email\" data-field-id=\"1\"><label class=\"wpforms-field-label\" for=\"wpforms-583-field_1\">Email <span class=\"wpforms-required-label\">*<\/span><\/label><input type=\"email\" id=\"wpforms-583-field_1\" class=\"wpforms-field-medium wpforms-field-required\" name=\"wpforms[fields][1]\" spellcheck=\"false\" required><\/div><div id=\"wpforms-583-field_2-container\" class=\"wpforms-field wpforms-field-text\" data-field-id=\"2\"><label class=\"wpforms-field-label\" for=\"wpforms-583-field_2\">Afilia\u00e7\u00e3o<\/label><input type=\"text\" id=\"wpforms-583-field_2\" class=\"wpforms-field-medium\" name=\"wpforms[fields][2]\" placeholder=\"Institui\u00e7\u00e3o onde trabalha\" ><\/div><div id=\"wpforms-583-field_4-container\" class=\"wpforms-field wpforms-field-text\" data-field-id=\"4\"><label class=\"wpforms-field-label\" for=\"wpforms-583-field_4\">Assunto<\/label><input type=\"text\" id=\"wpforms-583-field_4\" class=\"wpforms-field-medium\" name=\"wpforms[fields][4]\" ><\/div><div id=\"wpforms-583-field_3-container\" class=\"wpforms-field wpforms-field-textarea\" data-field-id=\"3\"><label class=\"wpforms-field-label\" for=\"wpforms-583-field_3\">Escreva aqui a sua mensagem <span class=\"wpforms-required-label\">*<\/span><\/label><textarea id=\"wpforms-583-field_3\" class=\"wpforms-field-small wpforms-field-required\" name=\"wpforms[fields][3]\" required><\/textarea><\/div><\/div><!-- .wpforms-field-container --><div class=\"wpforms-submit-container\" ><input type=\"hidden\" name=\"wpforms[id]\" value=\"583\"><input type=\"hidden\" name=\"page_title\" value=\"\"><input type=\"hidden\" name=\"page_url\" value=\"https:\/\/stnr.aps.pt\/classes-desigualdades-politicas-publicas\/wp-json\/wp\/v2\/pages\/348\"><input type=\"hidden\" name=\"url_referer\" value=\"\"><button type=\"submit\" name=\"wpforms[submit]\" id=\"wpforms-submit-583\" class=\"wpforms-submit mailpoet_submit\" aria-live=\"assertive\" value=\"wpforms-submit\">Submeter!<\/button><\/div><\/form><\/div>  <!-- .wpforms-container -->\n<\/div><div class=\"fusion-separator\" style=\"align-self: center;margin-left: auto;margin-right: auto;flex-grow:0,5;margin-top:0px;margin-bottom:30px;width:100%;max-width:125px;\"><div class=\"fusion-separator-border sep-single sep-dotted\" style=\"--awb-height:20px;--awb-amount:20px;border-color:#e0dede;border-top-width:20px;\"><\/div><\/div><\/div><\/div><\/div><\/div><\/p>\n","protected":false},"excerpt":{"rendered":"","protected":false},"author":4,"featured_media":0,"parent":0,"menu_order":0,"comment_status":"closed","ping_status":"closed","template":"","meta":{"footnotes":""},"class_list":["post-348","page","type-page","status-publish","hentry"],"_links":{"self":[{"href":"https:\/\/stnr.aps.pt\/classes-desigualdades-politicas-publicas\/wp-json\/wp\/v2\/pages\/348","targetHints":{"allow":["GET"]}}],"collection":[{"href":"https:\/\/stnr.aps.pt\/classes-desigualdades-politicas-publicas\/wp-json\/wp\/v2\/pages"}],"about":[{"href":"https:\/\/stnr.aps.pt\/classes-desigualdades-politicas-publicas\/wp-json\/wp\/v2\/types\/page"}],"author":[{"embeddable":true,"href":"https:\/\/stnr.aps.pt\/classes-desigualdades-politicas-publicas\/wp-json\/wp\/v2\/users\/4"}],"replies":[{"embeddable":true,"href":"https:\/\/stnr.aps.pt\/classes-desigualdades-politicas-publicas\/wp-json\/wp\/v2\/comments?post=348"}],"version-history":[{"count":25,"href":"https:\/\/stnr.aps.pt\/classes-desigualdades-politicas-publicas\/wp-json\/wp\/v2\/pages\/348\/revisions"}],"predecessor-version":[{"id":916,"href":"https:\/\/stnr.aps.pt\/classes-desigualdades-politicas-publicas\/wp-json\/wp\/v2\/pages\/348\/revisions\/916"}],"wp:attachment":[{"href":"https:\/\/stnr.aps.pt\/classes-desigualdades-politicas-publicas\/wp-json\/wp\/v2\/media?parent=348"}],"curies":[{"name":"wp","href":"https:\/\/api.w.org\/{rel}","templated":true}]}}